{"id":1110,"date":"2018-07-30T20:53:13","date_gmt":"2018-07-30T18:53:13","guid":{"rendered":"http:\/\/www.hasicibystre.cz\/?page_id=1110"},"modified":"2018-08-04T21:05:11","modified_gmt":"2018-08-04T19:05:11","slug":"rocnik-1998-1999","status":"publish","type":"page","link":"https:\/\/www.hasicibystre.cz\/?page_id=1110","title":{"rendered":"Ro\u010dn\u00edk 1998 &#8211; 1999"},"content":{"rendered":"<table width=\"556\">\n<tbody>\n<tr>\n<td width=\"185\"><strong><em>Jm\u00e9no<\/em><\/strong><\/td>\n<td width=\"185\"><strong><em>Bydli\u0161t\u011b<\/em><\/strong><\/td>\n<td width=\"185\"><strong><em>V\u011bk<\/em><\/strong><\/td>\n<\/tr>\n<tr>\n<td width=\"185\"><strong>Franc Alexandr<\/strong><\/td>\n<td width=\"185\"><strong>Sedlo\u0148ov<\/strong><\/td>\n<td width=\"185\"><strong>11<\/strong><\/td>\n<\/tr>\n<tr>\n<td width=\"185\"><strong>H\u00e1jkov\u00e1 Denisa<\/strong><\/td>\n<td width=\"185\"><strong>Ba\u010det\u00edn<\/strong><\/td>\n<td width=\"185\"><strong>11<\/strong><\/td>\n<\/tr>\n<tr>\n<td width=\"185\"><strong>Hencl Martin<\/strong><\/td>\n<td width=\"185\"><strong>Ohni\u0161ov<\/strong><\/td>\n<td width=\"185\"><strong>13<\/strong><\/td>\n<\/tr>\n<tr>\n<td width=\"185\"><strong>Krpata Simon<\/strong><\/td>\n<td width=\"185\"><strong>Bystr\u00e9<\/strong><\/td>\n<td width=\"185\"><strong>10<\/strong><\/td>\n<\/tr>\n<tr>\n<td width=\"185\"><strong>Mackov\u00e1 Martina<\/strong><\/td>\n<td width=\"185\"><strong>Dobru\u0161ka<\/strong><\/td>\n<td width=\"185\"><strong>11<\/strong><\/td>\n<\/tr>\n<tr>\n<td width=\"185\"><strong>Mat\u011bj\u016f Ji\u0159\u00ed<\/strong><\/td>\n<td width=\"185\"><strong>Kounov<\/strong><\/td>\n<td width=\"185\"><strong>10<\/strong><\/td>\n<\/tr>\n<tr>\n<td width=\"185\"><strong>Mat\u011bj\u016f Tom\u00e1\u0161<\/strong><\/td>\n<td width=\"185\"><strong>Kounov<\/strong><\/td>\n<td width=\"185\"><strong>11<\/strong><\/td>\n<\/tr>\n<tr>\n<td width=\"185\"><strong>Novotn\u00fd V\u00e1clav<\/strong><\/td>\n<td width=\"185\"><strong>Ba\u010det\u00edn<\/strong><\/td>\n<td width=\"185\"><strong>11<\/strong><\/td>\n<\/tr>\n<tr>\n<td width=\"185\"><strong>Podhradsk\u00fd Martin<\/strong><\/td>\n<td width=\"185\"><strong>Ohni\u0161ov<\/strong><\/td>\n<td width=\"185\"><strong>8<\/strong><\/td>\n<\/tr>\n<tr>\n<td width=\"185\"><strong>Podhradsk\u00fd Tom\u00e1\u0161<\/strong><\/td>\n<td width=\"185\"><strong>Ohni\u0161ov<\/strong><\/td>\n<td width=\"185\"><strong>10<\/strong><\/td>\n<\/tr>\n<tr>\n<td width=\"185\"><strong>Sv\u011btl\u00edkov\u00e1 Ad\u00e9la<\/strong><\/td>\n<td width=\"185\"><strong>Bystr\u00e9<\/strong><\/td>\n<td width=\"185\"><strong>11<\/strong><\/td>\n<\/tr>\n<tr>\n<td width=\"185\"><strong>\u0160ritr Josef<\/strong><\/td>\n<td width=\"185\"><strong>Kounov<\/strong><\/td>\n<td width=\"185\"><strong>11<\/strong><\/td>\n<\/tr>\n<tr>\n<td width=\"185\"><strong>\u0160t\u011bp\u00e1n Ji\u0159\u00ed <\/strong><\/td>\n<td width=\"185\"><strong>Ohni\u0161ov<\/strong><\/td>\n<td width=\"185\"><strong>11<\/strong><\/td>\n<\/tr>\n<\/tbody>\n<\/table>\n<p style=\"text-align: justify;\">Brann\u00fd z\u00e1vod<\/p>\n<p style=\"text-align: justify;\">\u00a0V sobotu 24.&nbsp;\u0159\u00edjna 1998 jsme jeli na na\u0161i prvn\u00ed sout\u011b\u017e \u2013 brann\u00fd z\u00e1vod do Slatiny nad Zdobnic\u00ed. Vyjeli jsme brzo r\u00e1no p\u0159esto, \u017ee venku bylo nevl\u00eddn\u00e9 po\u010das\u00ed. Asi za hodinu jsme dorazili na m\u00edsto. Nejd\u0159\u00edve jsme \u010dekali na n\u00e1stup, na kter\u00e9m jsme se dozv\u011bd\u011bli na\u0161e startovn\u00ed \u010d\u00edslo. Potom jsme m\u011bli rozcvi\u010dku a spole\u010dn\u00e9 fotografov\u00e1n\u00ed p\u0159ed startem. Po focen\u00ed jsme odstartovali. Nejd\u0159\u00edve hl\u00eddka A a za 5 minut hl\u00eddka B. St\u0159\u00edlen\u00ed ze vzduchovky n\u00e1m \u010dinilo mnoho probl\u00e9m\u016f a b\u011bhat po tr\u00e1v\u011b bylo skoro nemo\u017en\u00e9. Hl\u00eddka B dob\u011bhla do c\u00edle o n\u011bco d\u0159\u00edve ne\u017e hl\u00eddka A. Po dob\u011bhu do c\u00edle jsme se p\u0159evl\u00e9kli do such\u00fdch v\u011bc\u00edch, \u0161li se naob\u011bdvat a potom jsme \u010dekali na vyhl\u00e1\u0161en\u00ed v\u00fdsledk\u016f. Celkem jsme obsadili 8.&nbsp;m\u00edsto.<\/p>\n<p style=\"text-align: justify;\">\u00a0Jedeme do baz\u00e9nu<\/p>\n<p style=\"text-align: justify;\">\u00a0Jednoho dne po dlouh\u00e9m cvi\u010den\u00ed jsme jeli s&nbsp;na\u0161\u00edm vedouc\u00edm do Dobru\u0161ky do kryt\u00e9ho baz\u00e9nu. Bylo n\u00e1s celkem 8. Pan vedouc\u00ed zaplatil vstupn\u00e9 a hur\u00e1 do baz\u00e9nu. Plav\u00e1n\u00ed jsme si v\u0161ichni moc u\u017eili.<\/p>\n<p style=\"text-align: justify;\"><u> \u00a0Cvi\u010d\u00edme uzle<\/u><\/p>\n<p style=\"text-align: justify;\">\u00a0Tak jako ka\u017ed\u00fd p\u00e1tek jsme se se\u0161li v&nbsp;klubovn\u011b v&nbsp;Bystr\u00e9m. U\u010dili jsme se uzle: lodn\u00ed, z\u00e1chrann\u00fd, plochou spojku, tesa\u0159sk\u00fd a \u00favaz na proudnici. Nejprve jsme si je zkou\u0161eli na \u010das, a potom se uskute\u010dnil turnaj v&nbsp;uzlov\u00e1n\u00ed.<\/p>\n<p style=\"text-align: justify;\"><u> \u00a0Turnaj v&nbsp;uzlov\u00e1n\u00ed<\/u><\/p>\n<p style=\"text-align: justify;\">\u00a0Po dlouh\u00e9m cvi\u010den\u00ed jsem m\u011bli turnaj v&nbsp;uzlov\u00e1n\u00ed. Na prvn\u00edm m\u00edst\u011b se um\u00edstil Va\u0161ek Novotn\u00fd. O druh\u00e9 a t\u0159et\u00ed m\u00edsto se pod\u011blili Martina Mackov\u00e1 a Simon Krpata. \u010ctvrt\u00e9 a\u017e \u0161est\u00e9 m\u00edsto obsadili Denisa H\u00e1jkov\u00e1, Pepa \u0160ritr a Ale\u0161 Franc. Ka\u017ed\u00fd dostal diplom a n\u011bkolik sladkost\u00ed.<\/p>\n<p style=\"text-align: justify;\"><u> \u00a0Tr\u00e9nujeme v&nbsp;t\u011blocvi\u010dn\u011b<\/u><\/p>\n<p style=\"text-align: justify;\">\u00a0V zimn\u00edch m\u011bs\u00edc\u00edch, kdy jsme nemohli cvi\u010dit venku, jsme jezdili do t\u011blocvi\u010dny do Dob\u0159an. V&nbsp;16 hodin jsme se se\u0161li u zast\u00e1vek v&nbsp;na\u0161ich vesnic\u00edch a pan Tom\u00e1\u0161 a pan Dus\u00edlek pro n\u00e1s p\u0159ijeli. Kdy\u017e jsme dorazili, nosili jsme p\u0159\u00edslu\u0161n\u00e9 v\u011bci do t\u011blocvi\u010dny. V&nbsp;t\u011blocvi\u010dn\u011b jsme tr\u00e9novali dvojice a \u00fatok. P\u0159ed koncem jsme v\u017edy hr\u00e1li vyb\u00edjenou a okolo 19.&nbsp;hodiny jsme se vraceli dom\u016f.<\/p>\n<p style=\"text-align: justify;\"><u> \u00a0Jarn\u00ed brig\u00e1da na koupali\u0161ti<\/u><\/p>\n<p style=\"text-align: justify;\">\u00a0P\u0159ed Velikonocemi 3.&nbsp;dubna jsme m\u011bli jarn\u00ed brig\u00e1du na koupali\u0161ti v&nbsp;Bystr\u00e9m. Sraz jsme m\u011bli o p\u016fl dev\u00e1t\u00e9 p\u0159ed zbrojnic\u00ed. Potom jsme se p\u0159em\u00edstili na koupali\u0161t\u011b. Byly zde vyk\u00e1ceny stromy, aby se zde voda l\u00e9pe oh\u0159\u00e1la. Sn\u00e1\u0161eli jsme v\u011btve na kupy. Za odm\u011bnu jsme dostali p\u00e1rky, kter\u00e9 jsme si opekli. Potom jsme se vr\u00e1tili p\u0159ed zbrojnici, kde jsme je\u0161t\u011b splachovali cestu. Potom jsme se roze\u0161li dom\u016f.<\/p>\n<p style=\"text-align: justify;\">P\u0159ipravujeme se na jarn\u00ed sout\u011b\u017ee<\/p>\n<p style=\"text-align: justify;\">\u00a0V zim\u011b jsme jezdili do dob\u0159ansk\u00e9 t\u011blocvi\u010dny, ale kdy\u017e se na ja\u0159e oteplilo, cvi\u010dili jsme venku. Sch\u00e1zeli jsme se dvakr\u00e1t nebo t\u0159ikr\u00e1t t\u00fddn\u011b. \u010ctrn\u00e1ct dn\u00ed p\u0159ed sout\u011b\u017e\u00ed jsme se sch\u00e1zeli ka\u017ed\u00fd den. P\u0159ed hasi\u010dskou zbrojnic\u00ed jsme cvi\u010dili dvojice, \u0161tafetu a ostatn\u00ed discipl\u00edny, \u00fatok na h\u0159i\u0161ti. To u\u017e se ale sout\u011b\u017e rychle bl\u00ed\u017eila a v\u0161ichni jsme se na ni t\u011b\u0161ili.<\/p>\n<p style=\"text-align: justify;\"><u> \u00a0Okresn\u00ed kolo v&nbsp;\u010cern\u00edkovic\u00edch<\/u><\/p>\n<p style=\"text-align: justify;\">\u00a0V p\u00e1tek 28.&nbsp;kv\u011btna jsme v&nbsp;15 hodin vyjeli na okresn\u00ed sout\u011b\u017e do \u010cern\u00edkovic. Kdy\u017e jsme dorazili, za\u010dali jsme stav\u011bt stan o potom jsme si opekli bu\u0159ty. V&nbsp;sobotu jsme nastoupili na dvojice a pot\u00e9 na \u0161tafetu 4 x 60&nbsp;m. Pot\u00e9 n\u00e1sledoval \u00fatok, kter\u00fd se n\u00e1m v\u0161ak p\u0159\u00edli\u0161 nepovedl. Po dokon\u010den\u00ed \u00fatoku jsme m\u011bli cel\u00e9 odpoledne volno. Po\u010das\u00ed bylo kr\u00e1sn\u00e9, ale ve\u010der se setm\u011blo a p\u0159i\u0161la bou\u0159ka. V&nbsp;ned\u011bli jsme b\u011bhali CTIF a \u0161tafetu CTIF. Potom jsme se \u0161li vykoupat do rybn\u00edka. Pot\u00e9 ji\u017e p\u0159i\u0161lo o\u010dek\u00e1van\u00e9 slavnostn\u00ed vyhl\u00e1\u0161en\u00ed v\u00fdsledk\u016f. Celkov\u011b jsme se um\u00edstili na 6.&nbsp;m\u00edst\u011b.<\/p>\n<p style=\"text-align: justify;\">P\u0159ehled v\u00fdsledk\u016f<\/p>\n<table width=\"701\">\n<tbody>\n<tr>\n<td width=\"241\"><em> Discipl\u00edna<\/em><\/td>\n<td width=\"230\"><em> V\u00fdkon<\/em><\/td>\n<td width=\"230\"><em> Um\u00edst\u011bn\u00ed<\/em><\/td>\n<\/tr>\n<tr>\n<td width=\"241\">Z\u00e1vod po\u017e. v\u0161estrannosti<\/td>\n<td width=\"230\">46, 10 min.<\/td>\n<td width=\"230\">7<\/td>\n<\/tr>\n<tr>\n<td width=\"241\">Po\u017e\u00e1rn\u00ed \u00fatok<\/td>\n<td width=\"230\">43, 18 s<\/td>\n<td width=\"230\">6<\/td>\n<\/tr>\n<tr>\n<td width=\"241\">\u0160tafeta 4 x 60&nbsp;m<\/td>\n<td width=\"230\">58, 41 s<\/td>\n<td width=\"230\">4<\/td>\n<\/tr>\n<tr>\n<td width=\"241\">Dvojice<\/td>\n<td width=\"230\">69, 90 s<\/td>\n<td width=\"230\">6<\/td>\n<\/tr>\n<tr>\n<td width=\"241\">\u00datok CTIF<\/td>\n<td width=\"230\">123 s<\/td>\n<td width=\"230\">6<\/td>\n<\/tr>\n<tr>\n<td width=\"241\">\u0160tafeta CTIF<\/td>\n<td width=\"230\">94, 85 s<\/td>\n<td width=\"230\">6<\/td>\n<\/tr>\n<tr>\n<td width=\"241\"><\/td>\n<td width=\"230\"><\/td>\n<td width=\"230\"><\/td>\n<\/tr>\n<tr>\n<td width=\"241\"><em>Celkem body<\/em><\/td>\n<td width=\"230\"><em> \u00a0<\/em><\/td>\n<td width=\"230\"><em> 35<\/em><\/td>\n<\/tr>\n<\/tbody>\n<\/table>\n<p style=\"text-align: justify;\">\u00a0Sout\u011b\u017e \u201e O putovn\u00ed poh\u00e1r SDH Opo\u010dno \u201c<\/p>\n<p style=\"text-align: justify;\">\u00a0Po okresn\u00ed sout\u011b\u017ei se konala sout\u011b\u017e v&nbsp;Opo\u010dn\u011b. Vyjeli jsme z&nbsp;Bystr\u00e9ho a postupn\u011b se stavovali pro ostatn\u00ed \u010dleny dru\u017estva v&nbsp;okoln\u00edch obc\u00edch. Sout\u011b\u017eili jsme ve dvou discipl\u00edn\u00e1ch. Prvn\u00ed byl \u00fatok, ve kter\u00e9m jsme se um\u00edstili na 4.&nbsp;m\u00edst\u011b. Druhou discipl\u00ednou byla \u0161tafeta, ve kter\u00e9 jsme byli na 3.&nbsp;m\u00edst\u011b. Celkov\u011b jsme skon\u010dili na 4.&nbsp;m\u00edst\u011b.<\/p>\n<p style=\"text-align: justify;\">Putovn\u00ed t\u00e1bor v&nbsp;Polsku<\/p>\n<p style=\"text-align: justify;\">\u00a0Ve dnech 19. \u2013 22.&nbsp;srpna 1999 se uskute\u010dnil z\u00e1jezd do Polska, kter\u00fd byl odm\u011bnou za reprezentaci obce. Jelo n\u00e1s 6 d\u011bt\u00ed a 4 dosp\u011bl\u00ed. Byli jsme ubytov\u00e1ni v&nbsp;Golaczow\u011b v&nbsp;ubytovn\u011b ml\u00e1de\u017ee. Ka\u017ed\u00fd den jsme jezdili na v\u00fdlety. V&nbsp;p\u00e1tek jsme nav\u0161t\u00edvili Medv\u011bd\u00ed jeskyn\u011b, ale kv\u016fli vysok\u00e9mu vstupn\u00e9mu k&nbsp;prohl\u00eddce nedo\u0161lo. Jeli jsme k&nbsp;Okmuchovsk\u00e9mu jezeru, kde jsme se vykoupali. V&nbsp;sobotu jsme nav\u0161t\u00edvili Bludn\u00e9 sk\u00e1ly a m\u011bsto Vambe\u0159ice. Ve\u010der jsme op\u00e9kali ku\u0159ata a nav\u0161t\u00edvil n\u00e1s pan starosta m\u011bsta Lewin Klodski. V&nbsp;ned\u011bli jsme zabalili v\u0161echny v\u011bci a odjeli spokojeni dom\u016f.<\/p>\n","protected":false},"excerpt":{"rendered":"<p>Jm\u00e9no Bydli\u0161t\u011b V\u011bk Franc Alexandr Sedlo\u0148ov 11 H\u00e1jkov\u00e1 Denisa Ba\u010det\u00edn 11 Hencl Martin Ohni\u0161ov 13 Krpata Simon Bystr\u00e9 10 Mackov\u00e1 Martina Dobru\u0161ka 11 Mat\u011bj\u016f Ji\u0159\u00ed Kounov 10 Mat\u011bj\u016f Tom\u00e1\u0161 Kounov 11 Novotn\u00fd V\u00e1clav Ba\u010det\u00edn 11 Podhradsk\u00fd Martin Ohni\u0161ov 8 Podhradsk\u00fd Tom\u00e1\u0161 Ohni\u0161ov 10 Sv\u011btl\u00edkov\u00e1 Ad\u00e9la Bystr\u00e9 11 \u0160ritr Josef Kounov 11 \u0160t\u011bp\u00e1n Ji\u0159\u00ed Ohni\u0161ov 11 [&hellip;]<\/p>\n","protected":false},"author":2,"featured_media":0,"parent":102,"menu_order":0,"comment_status":"closed","ping_status":"closed","template":"","meta":{"footnotes":""},"class_list":["post-1110","page","type-page","status-publish","hentry"],"aioseo_notices":[],"jetpack_sharing_enabled":true,"jetpack_likes_enabled":true,"_links":{"self":[{"href":"https:\/\/www.hasicibystre.cz\/index.php?rest_route=\/wp\/v2\/pages\/1110","targetHints":{"allow":["GET"]}}],"collection":[{"href":"https:\/\/www.hasicibystre.cz\/index.php?rest_route=\/wp\/v2\/pages"}],"about":[{"href":"https:\/\/www.hasicibystre.cz\/index.php?rest_route=\/wp\/v2\/types\/page"}],"author":[{"embeddable":true,"href":"https:\/\/www.hasicibystre.cz\/index.php?rest_route=\/wp\/v2\/users\/2"}],"replies":[{"embeddable":true,"href":"https:\/\/www.hasicibystre.cz\/index.php?rest_route=%2Fwp%2Fv2%2Fcomments&post=1110"}],"version-history":[{"count":3,"href":"https:\/\/www.hasicibystre.cz\/index.php?rest_route=\/wp\/v2\/pages\/1110\/revisions"}],"predecessor-version":[{"id":1361,"href":"https:\/\/www.hasicibystre.cz\/index.php?rest_route=\/wp\/v2\/pages\/1110\/revisions\/1361"}],"up":[{"embeddable":true,"href":"https:\/\/www.hasicibystre.cz\/index.php?rest_route=\/wp\/v2\/pages\/102"}],"wp:attachment":[{"href":"https:\/\/www.hasicibystre.cz\/index.php?rest_route=%2Fwp%2Fv2%2Fmedia&parent=1110"}],"curies":[{"name":"wp","href":"https:\/\/api.w.org\/{rel}","templated":true}]}}