{"id":1142,"date":"2018-07-30T21:03:47","date_gmt":"2018-07-30T19:03:47","guid":{"rendered":"http:\/\/www.hasicibystre.cz\/?page_id=1142"},"modified":"2018-08-04T21:36:58","modified_gmt":"2018-08-04T19:36:58","slug":"rocnik-2014-2015","status":"publish","type":"page","link":"https:\/\/www.hasicibystre.cz\/?page_id=1142","title":{"rendered":"Ro\u010dn\u00edk 2014 &#8211; 2015"},"content":{"rendered":"<table width=\"556\">\n<tbody>\n<tr>\n<td width=\"185\"><strong>Jm\u00e9no<\/strong><\/td>\n<td width=\"185\"><strong>Bydli\u0161t\u011b<\/strong><\/td>\n<td width=\"185\"><strong>V\u011bk<\/strong><\/td>\n<\/tr>\n<tr>\n<td width=\"185\"><strong>Filip Antal<\/strong><\/td>\n<td width=\"185\"><strong>Ba\u010det\u00edn<\/strong><\/td>\n<td width=\"185\"><strong>12<\/strong><\/td>\n<\/tr>\n<tr>\n<td width=\"185\"><strong>Leona Dyntarov\u00e1<\/strong><\/td>\n<td width=\"185\"><strong>Janov<\/strong><\/td>\n<td width=\"185\"><strong>11<\/strong><\/td>\n<\/tr>\n<tr>\n<td width=\"185\"><strong>Vojt\u011bch Hejzlar<\/strong><\/td>\n<td width=\"185\"><strong>Bystr\u00e9<\/strong><\/td>\n<td width=\"185\"><strong>11<\/strong><\/td>\n<\/tr>\n<tr>\n<td width=\"185\"><strong>Maty\u00e1\u0161 Chytr\u00fd<\/strong><\/td>\n<td width=\"185\"><strong>Sn\u011b\u017en\u00e9<\/strong><\/td>\n<td width=\"185\"><strong>13<\/strong><\/td>\n<\/tr>\n<tr>\n<td width=\"185\"><strong>Daniel Kriv\u010d\u00edk<\/strong><\/td>\n<td width=\"185\"><strong>Ba\u010det\u00edn<\/strong><\/td>\n<td width=\"185\"><strong>13<\/strong><\/td>\n<\/tr>\n<tr>\n<td width=\"185\"><strong>Ond\u0159ej Marek<\/strong><\/td>\n<td width=\"185\"><strong>Janov<\/strong><\/td>\n<td width=\"185\"><strong>11<\/strong><\/td>\n<\/tr>\n<tr>\n<td width=\"185\"><strong>Jakub Mencl<\/strong><\/td>\n<td width=\"185\"><strong>Bystr\u00e9<\/strong><\/td>\n<td width=\"185\"><strong>11<\/strong><\/td>\n<\/tr>\n<tr>\n<td width=\"185\"><strong>Ond\u0159ej Musil<\/strong><\/td>\n<td width=\"185\"><strong>Ba\u010det\u00edn<\/strong><\/td>\n<td width=\"185\"><strong>12<\/strong><\/td>\n<\/tr>\n<tr>\n<td width=\"185\"><strong>Richard Poul<\/strong><\/td>\n<td width=\"185\"><strong>Bystr\u00e9<\/strong><\/td>\n<td width=\"185\"><strong>13<\/strong><\/td>\n<\/tr>\n<tr>\n<td width=\"185\"><strong>Aneta Pr\u00e1zov\u00e1<\/strong><\/td>\n<td width=\"185\"><strong>Bystr\u00e9<\/strong><\/td>\n<td width=\"185\"><strong>12<\/strong><\/td>\n<\/tr>\n<tr>\n<td width=\"185\"><strong>Anna Sozansk\u00e1<\/strong><\/td>\n<td width=\"185\"><strong>Bystr\u00e9<\/strong><\/td>\n<td width=\"185\"><strong>11<\/strong><\/td>\n<\/tr>\n<tr>\n<td width=\"185\"><strong>Michal \u0160teier<\/strong><\/td>\n<td width=\"185\"><strong>Ba\u010det\u00edn<\/strong><\/td>\n<td width=\"185\"><strong>13<\/strong><\/td>\n<\/tr>\n<tr>\n<td width=\"185\"><strong>Pavel Zahradn\u00edk<\/strong><\/td>\n<td width=\"185\"><strong>Janov<\/strong><\/td>\n<td width=\"185\"><strong>13<\/strong><\/td>\n<\/tr>\n<tr>\n<td width=\"185\"><strong>Filip Pr\u00e1za<\/strong><\/td>\n<td width=\"185\"><strong>Ohni\u0161ov<\/strong><\/td>\n<td width=\"185\"><strong>13<\/strong><\/td>\n<\/tr>\n<\/tbody>\n<\/table>\n<p style=\"text-align: justify;\"><u>Pl\u00e1n pr\u00e1ce dru\u017estva star\u0161\u00edch pro sout\u011b\u017en\u00ed ro\u010dn\u00edk 2014 \u2013 2015<\/u><\/p>\n<table>\n<tbody>\n<tr>\n<td rowspan=\"6\" width=\"180\">Z\u00e1\u0159\u00ed \u2013 \u0159\u00edjen 2014<\/td>\n<td>P\u0159\u00edprava na zahajovac\u00ed ZPV<\/td>\n<\/tr>\n<tr>\n<td>\u00da\u010dast v\u00a0zahajovac\u00edm ZPV &#8211; Rokytnice v&nbsp;O. h.<\/td>\n<\/tr>\n<tr>\n<td>\u00da\u010dast na sout\u011b\u017ei nad r\u00e1mec hry Plamen (ZPV Lukavice)<\/td>\n<\/tr>\n<tr>\n<td>\u00da\u010dast na sout\u011b\u017ei nad r\u00e1mec hry Plamen (ZPV Meziles\u00ed)<\/td>\n<\/tr>\n<tr>\n<td>\u00dadr\u017eba v\u00fdzbroje a v\u00fdstroje<\/td>\n<\/tr>\n<tr>\n<td>Sb\u011br star\u00e9ho pap\u00edru<\/td>\n<\/tr>\n<tr>\n<td rowspan=\"4\" width=\"180\">Listopad \u2013 prosinec 2014<\/td>\n<td>Odborn\u00e1 p\u0159\u00edprava \u2013 mapa vodn\u00edch zdroj\u016f<\/td>\n<\/tr>\n<tr>\n<td>Odborn\u00e1 p\u0159\u00edprava \u2013 po\u017e\u00e1rn\u00ed specifikace obce<\/td>\n<\/tr>\n<tr>\n<td>Odborn\u00e1 p\u0159\u00edprava \u2013 z\u00e1klady resuscitace<\/td>\n<\/tr>\n<tr>\n<td>Odborn\u00e1 p\u0159\u00edprava \u2013 stav\u011bn\u00ed krv\u00e1cen\u00ed<\/td>\n<\/tr>\n<tr>\n<td rowspan=\"2\" width=\"180\">Leden 2015<\/td>\n<td>Odborn\u00e1 p\u0159\u00edprava \u2013 komunika\u010dn\u00ed prost\u0159edky v&nbsp;PO<\/td>\n<\/tr>\n<tr>\n<td>Odborn\u00e1 p\u0159\u00edprava \u2013 z\u00e1klady radioprovozu<\/td>\n<\/tr>\n<tr>\n<td rowspan=\"2\" width=\"180\">\u00danor \u2013 B\u0159ezen 2014<\/td>\n<td>Spole\u010dn\u00e9 bruslen\u00ed &#8211; Nov\u00e9 M\u011bsto nad Metuj\u00ed<\/td>\n<\/tr>\n<tr>\n<td>\u00da\u010dast v&nbsp;sout\u011b\u017ei nad r\u00e1mec hry Plamen<\/td>\n<\/tr>\n<tr>\n<td rowspan=\"6\" width=\"180\">Duben \u2013 Kv\u011bten 2014<\/td>\n<td>Odborn\u00e1 p\u0159\u00edprava \u2013 t\u00e1bornick\u00e9 dovednosti<\/td>\n<\/tr>\n<tr>\n<td>Odborn\u00e1 p\u0159\u00edprava \u2013 bezpe\u010dn\u00e9 chov\u00e1n\u00ed v&nbsp;p\u0159\u00edrod\u011b<\/td>\n<\/tr>\n<tr>\n<td>P\u0159\u00edprava na okresn\u00ed kolo hry Plamen<\/td>\n<\/tr>\n<tr>\n<td>Zkou\u0161ky odbornosti MH<\/td>\n<\/tr>\n<tr>\n<td>\u010cist\u011bn\u00ed m\u00edstn\u00edho koupali\u0161t\u011b<\/td>\n<\/tr>\n<tr>\n<td>\u00da\u010dast v\u00a0sout\u011b\u017e\u00edch nad r\u00e1mec hry Plamen<\/td>\n<\/tr>\n<tr>\n<td width=\"180\">\u010cerven 2014<\/td>\n<td>Slavnostn\u00ed ukon\u010den\u00ed sout\u011b\u017en\u00edho ro\u010dn\u00edku<\/td>\n<\/tr>\n<tr>\n<td width=\"180\">\u010cervenec &#8211; srpen 2014<\/td>\n<td>\u00da\u010dast v&nbsp;sout\u011b\u017e\u00edch nad r\u00e1mec hry Plamen<\/td>\n<\/tr>\n<\/tbody>\n<\/table>\n<p style=\"text-align: justify;\"><u>Lukavick\u00fd bra\u0148\u00e1\u010dek<\/u><\/p>\n<p style=\"text-align: justify;\">Sout\u011b\u017e se konala 20.9.2014 v&nbsp;Lukavici a byl to 1.&nbsp;z\u00e1vod Ligy ml\u00e1de\u017ee roku 2014 &#8211; 2015. Do sout\u011b\u017ee jsme nasadili 2 hl\u00eddky po 3 \u010dlenech t\u00fdmu. Ud\u011blali jsme chyby na zdravov\u011bd\u011b a topografii, ale nakonec jsme se um\u00edstili na 3.&nbsp;m\u00edst\u011b.<\/p>\n<p style=\"text-align: justify;\"><u>ZPV Rokytnice v&nbsp;O.h.<\/u><\/p>\n<p style=\"text-align: justify;\">Z\u00e1vod se konal 11.&nbsp;\u0159\u00edjna 2014 v&nbsp;Rokytnici v&nbsp;Orlick\u00fdch hor\u00e1ch. Startovaly 2 hl\u00eddky. M\u011bli jsme chyby na topografii a zdravov\u011bd\u011b. Druh\u00e1 hl\u00eddka byla tentokr\u00e1t lep\u0161\u00ed ne\u017e 1 . hl\u00eddka. Celkov\u011b jsme se um\u00edstili na 4.&nbsp;m\u00edst\u011b.<\/p>\n<p style=\"text-align: justify;\"><u>Muzeum S\u00fdpka<\/u><\/p>\n<p style=\"text-align: justify;\">B\u011bhem ZPV jsme vyu\u017eili mo\u017enosti nav\u0161t\u00edvit muzeum Orlick\u00fdch hor.<\/p>\n<p style=\"text-align: justify;\"><u>ZPV Meziles\u00ed<\/u><\/p>\n<p style=\"text-align: justify;\">Z\u00e1vod se konal 18.&nbsp;\u0159\u00edjna 2014 v&nbsp;Meziles\u00ed a byl to pro n\u00e1s posledn\u00ed z\u00e1vod v&nbsp;leto\u0161n\u00edm roce. Startovaly zde dv\u011b hl\u00eddky a um\u00edstily se na 18.&nbsp;a 2.&nbsp;m\u00edst\u011b.<\/p>\n<p style=\"text-align: justify;\"><u>\u00daklid zbrojnice<\/u><\/p>\n<p style=\"text-align: justify;\">Jako ka\u017edoro\u010dn\u011b se se\u0161lo dru\u017estvo star\u0161\u00edch na tr\u00e9nink, p\u0159i kter\u00e9m se ukl\u00edzela zbrojnice. Ukl\u00edzeli jsme a zazimovali p\u0159ek\u00e1\u017eky, p\u0159emot\u00e1vali hadice, konzervovali vzduchovky. Nyn\u00ed zbrojnici na n\u011bjak\u00fd \u010das opust\u00edme a p\u0159esuneme se do klubovny.<\/p>\n<p style=\"text-align: justify;\"><u>Odborn\u00e1 p\u0159\u00edprava<\/u><\/p>\n<p style=\"text-align: justify;\">Na za\u010d\u00e1tku listopadu jsme se p\u0159esunuli do klubovny, kde jsme se za\u010dali p\u0159ipravovat na leto\u0161n\u00ed odborky Nejprve se zab\u00fdvali t\u00edm, jak je to s&nbsp;problematikou hasi\u010d\u016f v&nbsp;na\u0161\u00ed obci. Za dom\u00e1c\u00ed \u00fakol jsme m\u011bli mapu vodn\u00edch zdroj\u016f v&nbsp;na\u0161\u00ed obci. Cel\u00e9 t\u00e9ma jsme zakon\u010dili samostatnou prac\u00ed. Pot\u00e9 jsme 2 sch\u016fzky v\u011bnovali zdravov\u011bd\u011b. Prakticky jsme si vyzkou\u0161eli z\u00e1kladn\u00ed diagnostiku posti\u017een\u00e9ho a na figur\u00edn\u011b um\u011bl\u00e9 d\u00fdch\u00e1n\u00ed a mas\u00e1\u017e srdce. Jako zat\u00edm posledn\u00ed t\u00e9ma jsme si probrali pravidla radiov\u00e9 komunikace mezi z\u00e1chrann\u00fdmi slo\u017ekami. Nyn\u00ed n\u00e1s ji\u017e \u010dek\u00e1 t\u011blocvi\u010dna a p\u0159\u00edprava na sout\u011b\u017e v&nbsp;Hav\u00ed\u0159ov\u011b, kam vyr\u00e1\u017e\u00edme na konci \u00fanora.<\/p>\n","protected":false},"excerpt":{"rendered":"<p>Jm\u00e9no Bydli\u0161t\u011b V\u011bk Filip Antal Ba\u010det\u00edn 12 Leona Dyntarov\u00e1 Janov 11 Vojt\u011bch Hejzlar Bystr\u00e9 11 Maty\u00e1\u0161 Chytr\u00fd Sn\u011b\u017en\u00e9 13 Daniel Kriv\u010d\u00edk Ba\u010det\u00edn 13 Ond\u0159ej Marek Janov 11 Jakub Mencl Bystr\u00e9 11 Ond\u0159ej Musil Ba\u010det\u00edn 12 Richard Poul Bystr\u00e9 13 Aneta Pr\u00e1zov\u00e1 Bystr\u00e9 12 Anna Sozansk\u00e1 Bystr\u00e9 11 Michal \u0160teier Ba\u010det\u00edn 13 Pavel Zahradn\u00edk Janov 13 [&hellip;]<\/p>\n","protected":false},"author":2,"featured_media":0,"parent":102,"menu_order":0,"comment_status":"closed","ping_status":"closed","template":"","meta":{"footnotes":""},"class_list":["post-1142","page","type-page","status-publish","hentry"],"aioseo_notices":[],"jetpack_sharing_enabled":true,"jetpack_likes_enabled":true,"_links":{"self":[{"href":"https:\/\/www.hasicibystre.cz\/index.php?rest_route=\/wp\/v2\/pages\/1142","targetHints":{"allow":["GET"]}}],"collection":[{"href":"https:\/\/www.hasicibystre.cz\/index.php?rest_route=\/wp\/v2\/pages"}],"about":[{"href":"https:\/\/www.hasicibystre.cz\/index.php?rest_route=\/wp\/v2\/types\/page"}],"author":[{"embeddable":true,"href":"https:\/\/www.hasicibystre.cz\/index.php?rest_route=\/wp\/v2\/users\/2"}],"replies":[{"embeddable":true,"href":"https:\/\/www.hasicibystre.cz\/index.php?rest_route=%2Fwp%2Fv2%2Fcomments&post=1142"}],"version-history":[{"count":3,"href":"https:\/\/www.hasicibystre.cz\/index.php?rest_route=\/wp\/v2\/pages\/1142\/revisions"}],"predecessor-version":[{"id":3229,"href":"https:\/\/www.hasicibystre.cz\/index.php?rest_route=\/wp\/v2\/pages\/1142\/revisions\/3229"}],"up":[{"embeddable":true,"href":"https:\/\/www.hasicibystre.cz\/index.php?rest_route=\/wp\/v2\/pages\/102"}],"wp:attachment":[{"href":"https:\/\/www.hasicibystre.cz\/index.php?rest_route=%2Fwp%2Fv2%2Fmedia&parent=1142"}],"curies":[{"name":"wp","href":"https:\/\/api.w.org\/{rel}","templated":true}]}}