{"id":132,"date":"2017-08-24T23:14:56","date_gmt":"2017-08-24T21:14:56","guid":{"rendered":"http:\/\/www.hasicibystre.cz\/?page_id=132"},"modified":"2019-07-20T20:03:05","modified_gmt":"2019-07-20T18:03:05","slug":"fotogalerie","status":"publish","type":"page","link":"https:\/\/www.hasicibystre.cz\/?page_id=132","title":{"rendered":"Fotogalerie &#8211; dru\u017estvo dorostu"},"content":{"rendered":"<p style=\"text-align: center;\"><span style=\"color: #ff0000;\"><strong>Rok 2018<\/strong><\/span><\/p>\n<p><a href=\"http:\/\/hasicibystre.rajce.net\/Krajske_kolo_souteze_dorostu_Nachod_-_9._cervna_2018\"><strong>Krajsk\u00e9 kolo sout\u011b\u017ee dorostu N\u00e1chod &#8211; 9.&nbsp;\u010dervna 2018<\/strong><\/a><\/p>\n<p><a href=\"http:\/\/hasicibystre.rajce.net\/Okresni_kolo_souteze_dorostu_Krovice_-_2._cervna_2018\"><strong>Okresn\u00ed kolo sout\u011b\u017ee dorostu K\u0159ovice &#8211; 2.&nbsp;\u010dervna 2018<\/strong><\/a><\/p>\n<p style=\"text-align: center;\"><span style=\"color: #ff0000;\"><strong>Rok 2017<\/strong><\/span><\/p>\n<p><a href=\"http:\/\/hasicibystre.rajce.net\/Krajske_kolo_souteze_dorostu_Hradec_Kralove_-_17._cervna_2017\"><strong>Krajsk\u00e9 kolo sout\u011b\u017ee dorostu Hradec Kr\u00e1lov\u00e9 &#8211; 17.&nbsp;\u010dervna 2017<\/strong><\/a><\/p>\n<p><a href=\"http:\/\/hasicibystre.rajce.net\/Okresni_kolo_souteze_dorostu_Dobruska_-_3._cervna_2017\"><strong>Okresn\u00ed kolo sout\u011b\u017ee dorostu Dobru\u0161ka &#8211; 3.&nbsp;\u010dervna 2017<\/strong><\/a><\/p>\n<p style=\"text-align: center;\"><span style=\"color: #ff0000;\"><strong>Rok 2013<\/strong><\/span><\/p>\n<p><strong><a href=\"https:\/\/hasicibystre.rajce.idnes.cz\/Zahajovaci_Zavod_pozarnicke_vsestrannosti_-_Olesnice_u_RK%2C_5._rijna_2013\/\" target=\"_blank\" rel=\"noopener\">Zahajovac\u00ed Z\u00e1vod\u00a0 po\u017e\u00e1rnick\u00e9 v\u0161estrannosti &#8211; Ole\u0161nice u RK, 5.&nbsp;\u0159\u00edjna 2013<\/a><\/strong><\/p>\n<p><strong><a href=\"https:\/\/hasicibystre.rajce.idnes.cz\/Okresni_kolo_dorostu_-_Mala_Cermna%2C_1._cervna_2013\/\" target=\"_blank\" rel=\"noopener\">Okresn\u00ed kolo dorostu &#8211; Mal\u00e1 \u010cermn\u00e1, 1.&nbsp;\u010dervna 2013<\/a><\/strong><\/p>\n<p><strong><a href=\"https:\/\/hasicibystre.rajce.idnes.cz\/Okrskova_soutez_-_Destne_dorost_%2C_11._kvetna_2013\/\" target=\"_blank\" rel=\"noopener\">Okrskov\u00e1 sout\u011b\u017e &#8211; De\u0161tn\u00e9, 11.&nbsp;kv\u011btna 2013<\/a><\/strong><\/p>\n<p style=\"text-align: center;\"><span style=\"color: #ff0000;\"><strong>Rok 2012<\/strong><\/span><\/p>\n<p><strong><a href=\"https:\/\/hasicibystre.rajce.idnes.cz\/Zahajovaci_Zavod_pozarnicke_vsestrannosti_-_Bystre%2C_6._rijna_2012\/\" target=\"_blank\" rel=\"noopener\">Zahajovac\u00ed Z\u00e1vod po\u017e\u00e1rnick\u00e9 v\u0161estrannosti &#8211; Bystr\u00e9, 6.&nbsp;\u0159\u00edjna 2012<\/a><\/strong><\/p>\n<p><strong><a href=\"https:\/\/hasicibystre.rajce.idnes.cz\/Podorlicka_liga_2012_-_Opocno_dorostenci_%2C_8._zari_2012\/\" target=\"_blank\" rel=\"noopener\">Podorlick\u00e1 liga 2012 &#8211; Opo\u010dno, 8.&nbsp;z\u00e1\u0159\u00ed 2012<\/a><\/strong><\/p>\n<p><strong><a href=\"https:\/\/hasicibystre.rajce.idnes.cz\/Okresni_kolo_celorocni_cinnosti_dorostu_-_Pohori%2C_2._cervna_2012\/\" target=\"_blank\" rel=\"noopener\">Okresn\u00ed kolo celoro\u010dn\u00ed \u010dinnosti dorostu &#8211; Poho\u0159\u00ed, 2.&nbsp;\u010dervna 2012<\/a><\/strong><\/p>\n<p><strong><a href=\"https:\/\/hasicibystre.rajce.idnes.cz\/Okrskova_soutez_v_pozarnim_sportu_-_Olesnice_dorost_%2C_19._kvetna_2012\/\" target=\"_blank\" rel=\"noopener\">Okrskov\u00e1 sout\u011b\u017e v&nbsp;po\u017e\u00e1rn\u00edm sportu &#8211; Ole\u0161nice, 19.&nbsp;kv\u011btna 2012<\/a><\/strong><\/p>\n<p><strong><a href=\"https:\/\/hasicibystre.rajce.idnes.cz\/Podorlicka_liga_2012_-_Houdkovice_dorost_%2C_8._kvetna_2012\/\" target=\"_blank\" rel=\"noopener\">Podorlick\u00e1 liga 2012 &#8211; Houdkovice, 8.&nbsp;kv\u011btna 2012<\/a><\/strong><\/p>\n<p style=\"text-align: center;\"><span style=\"color: #ff0000;\"><strong>Rok 2011<\/strong><\/span><\/p>\n<p><strong><a href=\"https:\/\/hasicibystre.rajce.idnes.cz\/Zavod_pozarnicke_vsestrannosti_-_Mezilesi%2C_15._rijna_2011\/\" target=\"_blank\" rel=\"noopener\">Z\u00e1vod po\u017e\u00e1rnick\u00e9 v\u0161estrannosti &#8211; Meziles\u00ed, 15.&nbsp;\u0159\u00edjna 2011<\/a><\/strong><\/p>\n<p><strong><a href=\"https:\/\/hasicibystre.rajce.idnes.cz\/Podorlicka_liga_2011_-_Castolovice%2C_17._zari_2011\/\" target=\"_blank\" rel=\"noopener\">Podorlick\u00e1 liga 2011 &#8211; \u010castolovice, 17.&nbsp;z\u00e1\u0159\u00ed 2011<\/a><\/strong><\/p>\n<p><strong><a href=\"https:\/\/hasicibystre.rajce.idnes.cz\/Podorlicka_liga_2011_-_Opocno_dorost_%2C_10._zari_2011\/\" target=\"_blank\" rel=\"noopener\">Podorlick\u00e1 liga 2011 &#8211; Opo\u010dno, 10.&nbsp;z\u00e1\u0159\u00ed 2011<\/a><\/strong><\/p>\n<p><strong><a href=\"https:\/\/hasicibystre.rajce.idnes.cz\/Podorlicka_liga_2011_-_Dobruska_dorost_%2C_3._zari_2011\/\" target=\"_blank\" rel=\"noopener\">Podorlick\u00e1 liga 2011 &#8211; Dobru\u0161ka, 3.&nbsp;z\u00e1\u0159\u00ed 2011<\/a><\/strong><\/p>\n<p><strong><a href=\"https:\/\/hasicibystre.rajce.idnes.cz\/Podorlicka_liga_2011_-_Mezimesti_dorost_%2C_23._cervence_2011\/\" target=\"_blank\" rel=\"noopener\">Podorlick\u00e1 liga 2011 &#8211; Mezim\u011bst\u00ed, 23.&nbsp;\u010dervence 2011<\/a><\/strong><\/p>\n<p><strong><a href=\"https:\/\/hasicibystre.rajce.idnes.cz\/Podorlicka_liga_2011_-_Semechnice_dorost_%2C_18._cervna_2011\/\" target=\"_blank\" rel=\"noopener\">Podorlick\u00e1 liga 2011 &#8211; Semechnice, 18.&nbsp;\u010dervna 2011<\/a><\/strong><\/p>\n<p><strong><a href=\"https:\/\/hasicibystre.rajce.idnes.cz\/Podorlicka_liga_2011_-_Trnov_dorost_%2C_12._cervna_2011\/\" target=\"_blank\" rel=\"noopener\">Podorlick\u00e1 liga 2011 &#8211; Trnov, 12.&nbsp;\u010dervna 2011<\/a><\/strong><\/p>\n<p><strong><a href=\"https:\/\/hasicibystre.rajce.idnes.cz\/Okresni_kolo_celorocni_cinnosti_dorostu_-_Krovice%2C_4._cervna_2011\/\" target=\"_blank\" rel=\"noopener\">Okresn\u00ed kolo celoro\u010dn\u00ed \u010dinnosti dorostu &#8211; K\u0159ovice, 4.&nbsp;\u010dervna 2011<\/a><\/strong><\/p>\n<p><strong><a href=\"https:\/\/hasicibystre.rajce.idnes.cz\/Okrskova_soutez_v_pozarnim_sportu_-_Snezne%2C_14._kvetna_2011\/\" target=\"_blank\" rel=\"noopener\">Okrskov\u00e1 sout\u011b\u017e v&nbsp;po\u017e\u00e1rn\u00edm sportu &#8211; Sn\u011b\u017en\u00e9, 14.&nbsp;kv\u011btna 2011<\/a><\/strong><\/p>\n<p style=\"text-align: center;\"><span style=\"color: #ff0000;\"><strong>Rok 2010<\/strong><\/span><\/p>\n<p><a href=\"https:\/\/hasicibystre.rajce.idnes.cz\/Zavod_pozarnicke_vsestrannosti_-_Mezilesi%2C_16._rijna_2010\/\" target=\"_blank\" rel=\"noopener\"><strong>Z<\/strong><\/a><strong><a href=\"https:\/\/hasicibystre.rajce.idnes.cz\/Zavod_pozarnicke_vsestrannosti_-_Mezilesi%2C_16._rijna_2010\/\" target=\"_blank\" rel=\"noopener\">\u00e1vod po\u017e\u00e1rnick\u00e9 v\u0161estrannosti &#8211; Meziles\u00ed, 16.&nbsp;\u0159\u00edjna 2010<\/a><\/strong><\/p>\n<p><strong><a href=\"https:\/\/hasicibystre.rajce.idnes.cz\/Zahajovaci_zavod_pozarnicke_vsestrannosti_-_Cestice%2C_2._rijna_2010\/\" target=\"_blank\" rel=\"noopener\">Zahajovac\u00ed z\u00e1vod po\u017e\u00e1rnick\u00e9 v\u0161estrannosti &#8211; \u010cestice, 2.&nbsp;\u0159\u00edjna 2010<\/a><\/strong><\/p>\n<p><a href=\"https:\/\/hasicibystre.rajce.idnes.cz\/Mistrovstvi_CR_celorocni_cinnosti_dorostu_-_Litomysl%2C_9._-_10._cervence_2010\/\" target=\"_blank\" rel=\"noopener\"><strong>Mistrovstv\u00ed \u010cR celoro\u010dn\u00ed \u010dinnosti dorostu &#8211; Litomy\u0161l, 9. &#8211; 10.&nbsp;\u010dervence 2010<\/strong><\/a><\/p>\n<p><strong><a href=\"https:\/\/hasicibystre.rajce.idnes.cz\/Krajske_kolo_celorocni_cinnosti_dorostu_-_Nova_Paka%2C_12._cervna_2010\/\" target=\"_blank\" rel=\"noopener\">Krajsk\u00e9 kolo celoro\u010dn\u00ed \u010dinnosti dorostu &#8211; Nov\u00e1 Paka, 12.&nbsp;\u010dervna 2010<\/a><\/strong><\/p>\n<p><strong><a href=\"https:\/\/hasicibystre.rajce.idnes.cz\/Okresni_kolo_celorocni_cinnosti_dorostu_-_Kvasiny%2C_6._cervna_2010\/\" target=\"_blank\" rel=\"noopener\">Okresn\u00ed kolo celoro\u010dn\u00ed \u010dinnosti dorostu &#8211; Kvasiny, 6.&nbsp;\u010dervna 2010<\/a><\/strong><\/p>\n<p style=\"text-align: center;\"><span style=\"color: #ff0000;\"><strong>Rok 2009<\/strong><\/span><\/p>\n<p><strong><a href=\"https:\/\/hasicibystre.rajce.idnes.cz\/Krajske_kolo_celorocni_cinnosti_dorostu_-_Solnice%2C_20._cervna_2009\/\" target=\"_blank\" rel=\"noopener\">Krajsk\u00e9 kolo celoro\u010dn\u00ed \u010dinnosti dorostu &#8211; Solnice, 20.&nbsp;\u010dervna 2009<\/a><\/strong><\/p>\n<p><strong><a href=\"https:\/\/hasicibystre.rajce.idnes.cz\/Okresni_kolo_celorocni_cinnosti_dorostu_-_Cermna_nad_Orlici%2C_7._cervna_2009\/\" target=\"_blank\" rel=\"noopener\">Okresn\u00ed kolo celoro\u010dn\u00ed \u010dinnosti dorostu &#8211; \u010cermn\u00e1 nad Orlic\u00ed, 7.&nbsp;\u010dervna 2009<\/a>\u00a0<\/strong><\/p>\n<p style=\"text-align: center;\"><span style=\"color: #ff0000;\"><strong>Rok 2008<\/strong><\/span><\/p>\n<p><strong><a href=\"https:\/\/hasicibystre.rajce.idnes.cz\/Mistrovstvi_CR_celorocni_cinnosti_dorostu_-_Trutnov%2C_4._-_6._cervence_2008\/\" target=\"_blank\" rel=\"noopener\">Mistrovstv\u00ed \u010cR celoro\u010dn\u00ed \u010dinnosti dorostu &#8211; Trutnov, 4. &#8211; 6. <\/a><\/strong> <a href=\"https:\/\/hasicibystre.rajce.idnes.cz\/Mistrovstvi_CR_celorocni_cinnosti_dorostu_-_Trutnov%2C_4._-_6._cervence_2008\/\" target=\"_blank\" rel=\"noopener\"><strong>\u010dervence 2008<\/strong><\/a><\/p>\n<p><strong><a href=\"https:\/\/hasicibystre.rajce.idnes.cz\/Krajske_kolo_celorocni_cinnosti_dorostu_-_Nove_Mesto_nad_Metuji%2C_22._cervna_2008\/\" target=\"_blank\" rel=\"noopener\">Krajsk\u00e9 kolo celoro\u010dn\u00ed \u010dinnosti dorostu &#8211; Nov\u00e9 M\u011bsto nad Metuj\u00ed, 22. <\/a><\/strong> <a href=\"https:\/\/hasicibystre.rajce.idnes.cz\/Krajske_kolo_celorocni_cinnosti_dorostu_-_Nove_Mesto_nad_Metuji%2C_22._cervna_2008\/\" target=\"_blank\" rel=\"noopener\"><strong>\u010dervna 2008<\/strong><\/a><\/p>\n<p><strong><a href=\"https:\/\/hasicibystre.rajce.idnes.cz\/Okresni_kolo_celorocni_cinnosti_dorostu_-_Dobruska%2C_8._cervna_2008\/\" target=\"_blank\" rel=\"noopener\">Okresn\u00ed kolo celoro\u010dn\u00ed \u010dinnosti dorostu &#8211; Dobru\u0161ka, 8. <\/a><\/strong> <a href=\"https:\/\/hasicibystre.rajce.idnes.cz\/Okresni_kolo_celorocni_cinnosti_dorostu_-_Dobruska%2C_8._cervna_2008\/\" target=\"_blank\" rel=\"noopener\"><strong>\u010dervna 2008<\/strong><\/a><\/p>\n<p style=\"text-align: center;\"><span style=\"color: #ff0000;\"><strong>Rok 2007<\/strong><\/span><\/p>\n<p><strong><a href=\"https:\/\/hasicibystre.rajce.idnes.cz\/Zahajovaci_zavod_pozarnicke_vsestrannosti_-_Lukavice%2C_13._rijna_2007\/#\" target=\"_blank\" rel=\"noopener\">Zahajovac\u00ed z\u00e1vod po\u017e\u00e1rnick\u00e9 v\u0161estrannosti &#8211; Lukavice, 13.<\/a> <a href=\"https:\/\/hasicibystre.rajce.idnes.cz\/Zahajovaci_zavod_pozarnicke_vsestrannosti_-_Lukavice%2C_13._rijna_2007\/#\" target=\"_blank\" rel=\"noopener\">\u0159\u00edjna 2007<\/a><\/strong><\/p>\n<p><strong><a href=\"https:\/\/hasicibystre.rajce.idnes.cz\/Mistrovstvi_CR_celorocni_cinnosti_dorostu_-_Zlin%2C_6._-_8._cervence_2007\/\" target=\"_blank\" rel=\"noopener\">Mistrovstv\u00ed \u010cR celoro\u010dn\u00ed \u010dinnosti dorostu &#8211; Zl\u00edn, 6. &#8211; 8.<\/a> <a href=\"https:\/\/hasicibystre.rajce.idnes.cz\/Mistrovstvi_CR_celorocni_cinnosti_dorostu_-_Zlin%2C_6._-_8._cervence_2007\/\" target=\"_blank\" rel=\"noopener\"> \u010dervence 2007<\/a><\/strong><\/p>\n<p><strong><a href=\"https:\/\/hasicibystre.rajce.idnes.cz\/Okresni_kolo_souteze_v_pozarnim_sportu_dospelych_-_Cermna_nad_Orlici%2C_10._cervna_2007\/\" target=\"_blank\" rel=\"noopener\">Okresn\u00ed kolo sout\u011b\u017ee v&nbsp;po\u017e\u00e1rn\u00edm sportu dosp\u011bl\u00fdch &#8211; \u010cermn\u00e1 nad Orlic\u00ed, 10.<\/a> <a href=\"https:\/\/hasicibystre.rajce.idnes.cz\/Okresni_kolo_souteze_v_pozarnim_sportu_dospelych_-_Cermna_nad_Orlici%2C_10._cervna_2007\/\" target=\"_blank\" rel=\"noopener\">\u010dervna 2007<\/a><\/strong><\/p>\n<p><strong><a href=\"https:\/\/hasicibystre.rajce.idnes.cz\/Okresni_kolo_celorocni_cinnosti_dorostu_-_Kvasiny%2C_13._kvetna_2007\/\" target=\"_blank\" rel=\"noopener\">Okresn\u00ed kolo celoro\u010dn\u00ed \u010dinnosti dorostu &#8211; Kvasiny, 13.<\/a> <a href=\"https:\/\/hasicibystre.rajce.idnes.cz\/Okresni_kolo_celorocni_cinnosti_dorostu_-_Kvasiny%2C_13._kvetna_2007\/\" target=\"_blank\" rel=\"noopener\"> kv\u011btna 2007<\/a><\/strong><\/p>\n<p style=\"text-align: center;\"><span style=\"color: #ff0000;\"><strong>Rok 2006<\/strong><\/span><\/p>\n<p><strong><a href=\"https:\/\/hasicibystre.rajce.idnes.cz\/Zahajovaci_zavod_pozarnicke_vsestrannosti_-_Cernikovice%2C_14._rijna_2006\/\" target=\"_blank\" rel=\"noopener\">Zahajovac\u00ed z\u00e1vod po\u017e\u00e1rnick\u00e9 v\u0161estrannosti &#8211; \u010cern\u00edkovice, 14.&nbsp;\u0159\u00edjna 2006 <\/a><\/strong><\/p>\n<p><strong><a href=\"https:\/\/hasicibystre.rajce.idnes.cz\/Svatovaclavsky_pohar_v_klasickych_disciplinach_CTIF_2006_-_Dvur_Kralove_nad_Labem_30._zari_2006\/\" target=\"_blank\" rel=\"noopener\">Svatov\u00e1clavsk\u00fd poh\u00e1r v&nbsp;klasick\u00fdch discipl\u00edn\u00e1ch CTIF 2006 &#8211; Dv\u016fr Kr\u00e1lov\u00e9 nad Labem 30.<\/a><\/strong><a href=\"https:\/\/hasicibystre.rajce.idnes.cz\/Svatovaclavsky_pohar_v_klasickych_disciplinach_CTIF_2006_-_Dvur_Kralove_nad_Labem_30._zari_2006\/\" target=\"_blank\" rel=\"noopener\"><strong> z\u00e1\u0159\u00ed 2006<\/strong><\/a><\/p>\n<p><strong><a href=\"https:\/\/hasicibystre.rajce.idnes.cz\/Podorlicka_liga_-_Trnov%2C_23._zari_2006\/\" target=\"_blank\" rel=\"noopener\">Podorlick\u00e1 liga &#8211; Trnov, 23.<\/a><\/strong><a href=\"https:\/\/hasicibystre.rajce.idnes.cz\/Podorlicka_liga_-_Trnov%2C_23._zari_2006\/\" target=\"_blank\" rel=\"noopener\"><strong> z\u00e1\u0159\u00ed 2006<\/strong><\/a><\/p>\n<p><strong><a href=\"https:\/\/hasicibystre.rajce.idnes.cz\/Podorlicka_liga_-_Psanky%2C_10._zari_2006\/\" target=\"_blank\" rel=\"noopener\">Podorlick\u00e1 liga &#8211; P\u0161\u00e1nky, 10.<\/a><\/strong><a href=\"https:\/\/hasicibystre.rajce.idnes.cz\/Podorlicka_liga_-_Psanky%2C_10._zari_2006\/\" target=\"_blank\" rel=\"noopener\"><strong> z\u00e1\u0159\u00ed 2006<\/strong><\/a><\/p>\n<p><strong><a href=\"https:\/\/hasicibystre.rajce.idnes.cz\/Podorlicka_liga_-_Dobruska%2C_2._zari_2006\/\" target=\"_blank\" rel=\"noopener\">Podorlick\u00e1 liga &#8211; Dobru\u0161ka, 2.<\/a><\/strong><a href=\"https:\/\/hasicibystre.rajce.idnes.cz\/Podorlicka_liga_-_Dobruska%2C_2._zari_2006\/\" target=\"_blank\" rel=\"noopener\"><strong> z\u00e1\u0159\u00ed 2006<\/strong><\/a><\/p>\n<p><strong><a href=\"https:\/\/hasicibystre.rajce.idnes.cz\/Mistrovstvi_CR_celorocni_cinnosti_dorostu_-_Liberec._30.6._-_2.7._2006\/\" target=\"_blank\" rel=\"noopener\">Mistrovstv\u00ed \u010cR celoro\u010dn\u00ed \u010dinnosti dorostu &#8211; Liberec. 30.6. &#8211; 2.7<\/a><\/strong><a href=\"https:\/\/hasicibystre.rajce.idnes.cz\/Mistrovstvi_CR_celorocni_cinnosti_dorostu_-_Liberec._30.6._-_2.7._2006\/\" target=\"_blank\" rel=\"noopener\"><strong>. 2006<\/strong><\/a><\/p>\n<p><strong><a href=\"https:\/\/hasicibystre.rajce.idnes.cz\/Okresni_kolo_v_pozarnim_sportu_dospelych_-_Voderady%2C_18._cervna_2006\/\" target=\"_blank\" rel=\"noopener\">Okresn\u00ed kolo v&nbsp;po\u017e\u00e1rn\u00edm sportu dosp\u011bl\u00fdch &#8211; Vod\u011brady, 18.<\/a><\/strong><a href=\"https:\/\/hasicibystre.rajce.idnes.cz\/Okresni_kolo_v_pozarnim_sportu_dospelych_-_Voderady%2C_18._cervna_2006\/\" target=\"_blank\" rel=\"noopener\"><strong> \u010dervna 2006<\/strong><\/a><\/p>\n<p><strong><a href=\"https:\/\/hasicibystre.rajce.idnes.cz\/Krajske_kolo_celorocni_cinnosti_dorostu_-_Nova_Paka%2C_10._cervna_2006\/\" target=\"_blank\" rel=\"noopener\">Krajsk\u00e9 kolo celoro\u010dn\u00ed \u010dinnosti dorostu &#8211; Nov\u00e1 Paka, 10.<\/a><\/strong><a href=\"https:\/\/hasicibystre.rajce.idnes.cz\/Krajske_kolo_celorocni_cinnosti_dorostu_-_Nova_Paka%2C_10._cervna_2006\/\" target=\"_blank\" rel=\"noopener\"><strong> \u010dervna 2006<\/strong><\/a><\/p>\n<p><strong><a href=\"https:\/\/hasicibystre.rajce.idnes.cz\/Okresni_kolo_celorocni_cinnosti_dorostu_-_Kvasiny%2C_14._kvetna_2006\/\" target=\"_blank\" rel=\"noopener\">Okresn\u00ed kolo celoro\u010dn\u00ed \u010dinnosti dorostu &#8211; Kvasiny, 14.<\/a><\/strong><a href=\"https:\/\/hasicibystre.rajce.idnes.cz\/Okresni_kolo_celorocni_cinnosti_dorostu_-_Kvasiny%2C_14._kvetna_2006\/\" target=\"_blank\" rel=\"noopener\"><strong> kv\u011btna 2006<\/strong><\/a><\/p>\n<p><strong><a href=\"https:\/\/hasicibystre.rajce.idnes.cz\/Jablonecka_hala_2006_-_4._dubna_2006\/\" target=\"_blank\" rel=\"noopener\">Jabloneck\u00e1 hala 2006 &#8211; 4. <\/a><\/strong><a href=\"https:\/\/hasicibystre.rajce.idnes.cz\/Jablonecka_hala_2006_-_4._dubna_2006\/\" target=\"_blank\" rel=\"noopener\"><strong> \u00a0dubna 2006<\/strong><\/a><\/p>\n<p style=\"text-align: center;\"><span style=\"color: #ff0000;\"><strong>Rok 2005<\/strong><\/span><\/p>\n<p><strong><a href=\"https:\/\/hasicibystre.rajce.idnes.cz\/Zahajovaci_zavod_pozarnicke_vsestrannosti_-_Houdkovice%2C_8._rijna_2005\/\" target=\"_blank\" rel=\"noopener\">Zahajovac\u00ed z\u00e1vod po\u017e\u00e1rnick\u00e9 v\u0161estrannosti &#8211; Houdkovice, 8.<\/a><\/strong><a href=\"https:\/\/hasicibystre.rajce.idnes.cz\/Zahajovaci_zavod_pozarnicke_vsestrannosti_-_Houdkovice%2C_8._rijna_2005\/\" target=\"_blank\" rel=\"noopener\"><strong> \u0159\u00edjna 2005<\/strong><\/a><\/p>\n<p><strong><a href=\"https:\/\/hasicibystre.rajce.idnes.cz\/Podorlicka_liga_-_Dobruska_dorost\/\" target=\"_blank\" rel=\"noopener\">Podorlick\u00e1 liga &#8211; Dobru\u0161ka<\/a><\/strong><\/p>\n<p><strong><a href=\"https:\/\/hasicibystre.rajce.idnes.cz\/Mistrovstvi_Ceske_republiky_hry_Plamen_a_dorostu_-_Plzen._9._-_11._cervence_2005\/\" target=\"_blank\" rel=\"noopener\">Mistrovstv\u00ed \u010cesk\u00e9 republiky hry Plamen a dorostu &#8211; Plze\u0148. 9. &#8211; 11.<\/a><\/strong><a href=\"https:\/\/hasicibystre.rajce.idnes.cz\/Mistrovstvi_Ceske_republiky_hry_Plamen_a_dorostu_-_Plzen._9._-_11._cervence_2005\/\" target=\"_blank\" rel=\"noopener\"><strong> \u010dervence 2005<\/strong><\/a><\/p>\n<p><strong><a href=\"https:\/\/hasicibystre.rajce.idnes.cz\/Podorlicka_stovka_-_Kvasiny_5._cervence_2005\/\" target=\"_blank\" rel=\"noopener\">Podorlick\u00e1 stovka &#8211; Kvasiny 5.<\/a><\/strong><a href=\"https:\/\/hasicibystre.rajce.idnes.cz\/Podorlicka_stovka_-_Kvasiny_5._cervence_2005\/\" target=\"_blank\" rel=\"noopener\"><strong> \u010dervence 2005<\/strong><\/a><\/p>\n<p><strong><a href=\"https:\/\/hasicibystre.rajce.idnes.cz\/Okresni_kolo_v_pozarnim_sportu_dospelych_-_Kvasiny\/\" target=\"_blank\" rel=\"noopener\">Okresn\u00ed kolo v&nbsp;po\u017e\u00e1rn\u00edm sportu dosp\u011bl\u00fdch &#8211; Kvasiny<\/a><\/strong><\/p>\n<p><strong><a href=\"https:\/\/hasicibystre.rajce.idnes.cz\/Krajske_kolo_celorocni_cinnosti_dorostu_-_Nove_Mesto_nad_Metuji\/\" target=\"_blank\" rel=\"noopener\">Krajsk\u00e9 kolo celoro\u010dn\u00ed \u010dinnosti dorostu &#8211; Nov\u00e9 M\u011bsto nad Metuj\u00ed<\/a><\/strong><\/p>\n<p><strong><a href=\"https:\/\/hasicibystre.rajce.idnes.cz\/Okresni_kolo_celorocni_cinnosti_dorostu_-_Kvasiny\/\" target=\"_blank\" rel=\"noopener\">Okresn\u00ed kolo celoro\u010dn\u00ed \u010dinnosti dorostu &#8211; Kvasiny<\/a><\/strong><\/p>\n<p><strong><a href=\"https:\/\/hasicibystre.rajce.idnes.cz\/Podorlicka_liga_-_Castolovice_2005\/\" target=\"_blank\" rel=\"noopener\">Podorlick\u00e1 liga &#8211; \u010castolovice<\/a><\/strong><\/p>\n<p><strong><a href=\"https:\/\/hasicibystre.rajce.idnes.cz\/Okrskova_soutez_v_pozarnim_sportu_-_Bohdasin_Dorost\/\" target=\"_blank\" rel=\"noopener\">Okrskov\u00e1 sout\u011b\u017e v&nbsp;po\u017e\u00e1rn\u00edm sportu &#8211; Bohda\u0161\u00edn<\/a><\/strong><\/p>\n<p style=\"text-align: center;\"><span style=\"color: #ff0000;\"><strong>Rok 2004<\/strong><\/span><\/p>\n<p><strong><a href=\"https:\/\/hasicibystre.rajce.idnes.cz\/Okresni_kolo_souteze_dorostu_-_Kvasiny_2004\/\" target=\"_blank\" rel=\"noopener\">Okresn\u00ed kolo sout\u011b\u017ee dorostu &#8211; Kvasiny<\/a><\/strong><\/p>\n<p><strong><a href=\"https:\/\/hasicibystre.rajce.idnes.cz\/Okrskova_soutez_v_pozarnim_sportu_-_Destne_2004_dorost\/\" target=\"_blank\" rel=\"noopener\">Okrskov\u00e1 sout\u011b\u017e v&nbsp;po\u017e\u00e1rn\u00edm sportu &#8211; De\u0161tn\u00e9<\/a><\/strong><\/p>\n","protected":false},"excerpt":{"rendered":"<p>Rok 2018 Krajsk\u00e9 kolo sout\u011b\u017ee dorostu N\u00e1chod &#8211; 9.&nbsp;\u010dervna 2018 Okresn\u00ed kolo sout\u011b\u017ee dorostu K\u0159ovice &#8211; 2.&nbsp;\u010dervna 2018 Rok 2017 Krajsk\u00e9 kolo sout\u011b\u017ee dorostu Hradec Kr\u00e1lov\u00e9 &#8211; 17.&nbsp;\u010dervna 2017 Okresn\u00ed kolo sout\u011b\u017ee dorostu Dobru\u0161ka &#8211; 3.&nbsp;\u010dervna 2017 Rok 2013 Zahajovac\u00ed Z\u00e1vod\u00a0 po\u017e\u00e1rnick\u00e9 v\u0161estrannosti &#8211; Ole\u0161nice u RK, 5.&nbsp;\u0159\u00edjna 2013 Okresn\u00ed kolo dorostu &#8211; Mal\u00e1 \u010cermn\u00e1, [&hellip;]<\/p>\n","protected":false},"author":2,"featured_media":0,"parent":116,"menu_order":0,"comment_status":"closed","ping_status":"closed","template":"","meta":{"footnotes":""},"class_list":["post-132","page","type-page","status-publish","hentry"],"aioseo_notices":[],"jetpack_sharing_enabled":true,"jetpack_likes_enabled":true,"_links":{"self":[{"href":"https:\/\/www.hasicibystre.cz\/index.php?rest_route=\/wp\/v2\/pages\/132","targetHints":{"allow":["GET"]}}],"collection":[{"href":"https:\/\/www.hasicibystre.cz\/index.php?rest_route=\/wp\/v2\/pages"}],"about":[{"href":"https:\/\/www.hasicibystre.cz\/index.php?rest_route=\/wp\/v2\/types\/page"}],"author":[{"embeddable":true,"href":"https:\/\/www.hasicibystre.cz\/index.php?rest_route=\/wp\/v2\/users\/2"}],"replies":[{"embeddable":true,"href":"https:\/\/www.hasicibystre.cz\/index.php?rest_route=%2Fwp%2Fv2%2Fcomments&post=132"}],"version-history":[{"count":15,"href":"https:\/\/www.hasicibystre.cz\/index.php?rest_route=\/wp\/v2\/pages\/132\/revisions"}],"predecessor-version":[{"id":1590,"href":"https:\/\/www.hasicibystre.cz\/index.php?rest_route=\/wp\/v2\/pages\/132\/revisions\/1590"}],"up":[{"embeddable":true,"href":"https:\/\/www.hasicibystre.cz\/index.php?rest_route=\/wp\/v2\/pages\/116"}],"wp:attachment":[{"href":"https:\/\/www.hasicibystre.cz\/index.php?rest_route=%2Fwp%2Fv2%2Fmedia&parent=132"}],"curies":[{"name":"wp","href":"https:\/\/api.w.org\/{rel}","templated":true}]}}