{"id":143,"date":"2017-08-24T23:17:35","date_gmt":"2017-08-24T21:17:35","guid":{"rendered":"http:\/\/www.hasicibystre.cz\/?page_id=143"},"modified":"2018-07-28T20:25:04","modified_gmt":"2018-07-28T18:25:04","slug":"druzstvo-muzu","status":"publish","type":"page","link":"https:\/\/www.hasicibystre.cz\/?page_id=143","title":{"rendered":"Dru\u017estvo mu\u017e\u016f"},"content":{"rendered":"<p align=\"center\"><img data-recalc-dims=\"1\" loading=\"lazy\" decoding=\"async\" class=\"alignnone wp-image-656\" src=\"https:\/\/i0.wp.com\/www.hasicibystre.cz\/wp-content\/uploads\/2018\/07\/mcr-3-den-072.jpg?resize=220%2C147\" alt=\"\" width=\"220\" height=\"147\" srcset=\"https:\/\/i0.wp.com\/www.hasicibystre.cz\/wp-content\/uploads\/2018\/07\/mcr-3-den-072.jpg?resize=300%2C200&amp;ssl=1 300w, https:\/\/i0.wp.com\/www.hasicibystre.cz\/wp-content\/uploads\/2018\/07\/mcr-3-den-072.jpg?resize=768%2C512&amp;ssl=1 768w, https:\/\/i0.wp.com\/www.hasicibystre.cz\/wp-content\/uploads\/2018\/07\/mcr-3-den-072.jpg?resize=1024%2C683&amp;ssl=1 1024w, https:\/\/i0.wp.com\/www.hasicibystre.cz\/wp-content\/uploads\/2018\/07\/mcr-3-den-072.jpg?resize=580%2C387&amp;ssl=1 580w, https:\/\/i0.wp.com\/www.hasicibystre.cz\/wp-content\/uploads\/2018\/07\/mcr-3-den-072.jpg?w=1160 1160w, https:\/\/i0.wp.com\/www.hasicibystre.cz\/wp-content\/uploads\/2018\/07\/mcr-3-den-072.jpg?w=1740 1740w\" sizes=\"auto, (max-width: 220px) 100vw, 220px\" \/><\/p>\n<p align=\"justify\">\u010cinnost dru\u017estev mu\u017e\u016f na poli po\u017e\u00e1rn\u00edho sportu pat\u0159\u00ed mezi \u010dinnosti, kde sbor z\u00edsk\u00e1v\u00e1 nejv\u00edce \u00fasp\u011bch\u016f. Po roce 1990 zapo\u010dala jejich nejv\u011bt\u0161\u00ed vlna. Dru\u017estva se pravideln\u011b z\u00fa\u010dast\u0148uj\u00ed okresn\u00edch a krajsk\u00fdch kol v&nbsp;po\u017e\u00e1rn\u00edm sportu. V&nbsp;roce 1998 se dru\u017estvo zapojilo do seri\u00e1lu sout\u011b\u017e\u00ed v&nbsp;po\u017e\u00e1rn\u00edm \u00fatoku Podorlick\u00e1 liga, kter\u00fd dvakr\u00e1t celkov\u011b vyhr\u00e1lo. Na prvn\u00ed v\u011bt\u0161\u00ed \u00fasp\u011bch si dru\u017estvo po\u010dkalo do roku 2004, kdy poprv\u00e9 v&nbsp;historii zv\u00edt\u011bzilo v&nbsp;krajsk\u00e9m kole a z\u00fa\u010dastnilo se tak Mistrovstv\u00ed \u010cesk\u00e9 republiky v&nbsp;po\u017e\u00e1rn\u00edm sportu v&nbsp;Su\u0161ici. Zde obsadilo celkov\u00e9 10.&nbsp;m\u00edsto. V&nbsp;roce 2006 si dru\u017estvo vybojovalo postup na Mistrovstv\u00ed \u010cesk\u00e9 republiky v&nbsp;Litomy\u0161li, kde po dobr\u00e9m v\u00fdkonu obsadilo 8.&nbsp;m\u00edsto.\u00a0 V&nbsp;roce 2007 toto um\u00edst\u011bn\u00ed obh\u00e1jilo na Mistrovstv\u00ed \u010cesk\u00e9 republiky v&nbsp;Plzni. V&nbsp;roce 2008 pak dru\u017estvo vybojovalo v&nbsp;P\u0159erov\u011b historick\u00fd v\u00fdsledek &#8211; 2.&nbsp;m\u00edsto na Mistrovstv\u00ed \u010cesk\u00e9 republiky v&nbsp;kategorii mu\u017e\u016f.<\/p>\n","protected":false},"excerpt":{"rendered":"<p>\u010cinnost dru\u017estev mu\u017e\u016f na poli po\u017e\u00e1rn\u00edho sportu pat\u0159\u00ed mezi \u010dinnosti, kde sbor z\u00edsk\u00e1v\u00e1 nejv\u00edce \u00fasp\u011bch\u016f. Po roce 1990 zapo\u010dala jejich nejv\u011bt\u0161\u00ed vlna. Dru\u017estva se pravideln\u011b z\u00fa\u010dast\u0148uj\u00ed okresn\u00edch a krajsk\u00fdch kol v&nbsp;po\u017e\u00e1rn\u00edm sportu. V&nbsp;roce 1998 se dru\u017estvo zapojilo do seri\u00e1lu sout\u011b\u017e\u00ed v&nbsp;po\u017e\u00e1rn\u00edm \u00fatoku Podorlick\u00e1 liga, kter\u00fd dvakr\u00e1t celkov\u011b vyhr\u00e1lo. Na prvn\u00ed v\u011bt\u0161\u00ed \u00fasp\u011bch si dru\u017estvo po\u010dkalo [&hellip;]<\/p>\n","protected":false},"author":2,"featured_media":0,"parent":0,"menu_order":0,"comment_status":"closed","ping_status":"closed","template":"","meta":{"footnotes":""},"class_list":["post-143","page","type-page","status-publish","hentry"],"aioseo_notices":[],"jetpack_sharing_enabled":true,"jetpack_likes_enabled":true,"_links":{"self":[{"href":"https:\/\/www.hasicibystre.cz\/index.php?rest_route=\/wp\/v2\/pages\/143","targetHints":{"allow":["GET"]}}],"collection":[{"href":"https:\/\/www.hasicibystre.cz\/index.php?rest_route=\/wp\/v2\/pages"}],"about":[{"href":"https:\/\/www.hasicibystre.cz\/index.php?rest_route=\/wp\/v2\/types\/page"}],"author":[{"embeddable":true,"href":"https:\/\/www.hasicibystre.cz\/index.php?rest_route=\/wp\/v2\/users\/2"}],"replies":[{"embeddable":true,"href":"https:\/\/www.hasicibystre.cz\/index.php?rest_route=%2Fwp%2Fv2%2Fcomments&post=143"}],"version-history":[{"count":4,"href":"https:\/\/www.hasicibystre.cz\/index.php?rest_route=\/wp\/v2\/pages\/143\/revisions"}],"predecessor-version":[{"id":924,"href":"https:\/\/www.hasicibystre.cz\/index.php?rest_route=\/wp\/v2\/pages\/143\/revisions\/924"}],"wp:attachment":[{"href":"https:\/\/www.hasicibystre.cz\/index.php?rest_route=%2Fwp%2Fv2%2Fmedia&parent=143"}],"curies":[{"name":"wp","href":"https:\/\/api.w.org\/{rel}","templated":true}]}}