{"id":155,"date":"2017-08-24T23:20:58","date_gmt":"2017-08-24T21:20:58","guid":{"rendered":"http:\/\/www.hasicibystre.cz\/?page_id=155"},"modified":"2018-07-28T19:07:06","modified_gmt":"2018-07-28T17:07:06","slug":"druzstvo-zen","status":"publish","type":"page","link":"https:\/\/www.hasicibystre.cz\/?page_id=155","title":{"rendered":"Dru\u017estvo \u017een"},"content":{"rendered":"<p><img data-recalc-dims=\"1\" loading=\"lazy\" decoding=\"async\" class=\"aligncenter wp-image-662\" src=\"https:\/\/i0.wp.com\/www.hasicibystre.cz\/wp-content\/uploads\/2018\/07\/hpim0833.jpg?resize=220%2C165\" alt=\"\" width=\"220\" height=\"165\" srcset=\"https:\/\/i0.wp.com\/www.hasicibystre.cz\/wp-content\/uploads\/2018\/07\/hpim0833.jpg?resize=300%2C225&amp;ssl=1 300w, https:\/\/i0.wp.com\/www.hasicibystre.cz\/wp-content\/uploads\/2018\/07\/hpim0833.jpg?resize=768%2C576&amp;ssl=1 768w, https:\/\/i0.wp.com\/www.hasicibystre.cz\/wp-content\/uploads\/2018\/07\/hpim0833.jpg?resize=1024%2C768&amp;ssl=1 1024w, https:\/\/i0.wp.com\/www.hasicibystre.cz\/wp-content\/uploads\/2018\/07\/hpim0833.jpg?resize=580%2C435&amp;ssl=1 580w, https:\/\/i0.wp.com\/www.hasicibystre.cz\/wp-content\/uploads\/2018\/07\/hpim0833.jpg?w=2048&amp;ssl=1 2048w, https:\/\/i0.wp.com\/www.hasicibystre.cz\/wp-content\/uploads\/2018\/07\/hpim0833.jpg?w=1160 1160w, https:\/\/i0.wp.com\/www.hasicibystre.cz\/wp-content\/uploads\/2018\/07\/hpim0833.jpg?w=1740 1740w\" sizes=\"auto, (max-width: 220px) 100vw, 220px\" \/><\/p>\n<p align=\"justify\">V \u010dinnosti dru\u017estev \u017een se st\u0159\u00eddaj\u00ed obdob\u00ed men\u0161\u00ed i v\u011bt\u0161\u00ed aktivity. Po p\u0159eru\u0161en\u00ed v&nbsp;z\u00e1v\u011bru 90.&nbsp;let se poda\u0159ilo dru\u017estvo \u017een znovu zapojit do pravideln\u00e9 \u010dinnosti. Tato \u010dinnost se v\u0161ak ke \u0161kod\u011b sboru i \u017een samotn\u00fdch omezuje pouze na \u00fa\u010dast v&nbsp;okrskov\u00fdch kolech sout\u011b\u017e\u00ed po\u017e\u00e1rn\u00edho sportu.<\/p>\n","protected":false},"excerpt":{"rendered":"<p>V \u010dinnosti dru\u017estev \u017een se st\u0159\u00eddaj\u00ed obdob\u00ed men\u0161\u00ed i v\u011bt\u0161\u00ed aktivity. Po p\u0159eru\u0161en\u00ed v&nbsp;z\u00e1v\u011bru 90.&nbsp;let se poda\u0159ilo dru\u017estvo \u017een znovu zapojit do pravideln\u00e9 \u010dinnosti. Tato \u010dinnost se v\u0161ak ke \u0161kod\u011b sboru i \u017een samotn\u00fdch omezuje pouze na \u00fa\u010dast v&nbsp;okrskov\u00fdch kolech sout\u011b\u017e\u00ed po\u017e\u00e1rn\u00edho sportu.<\/p>\n","protected":false},"author":2,"featured_media":0,"parent":0,"menu_order":0,"comment_status":"closed","ping_status":"closed","template":"","meta":{"footnotes":""},"class_list":["post-155","page","type-page","status-publish","hentry"],"aioseo_notices":[],"jetpack_sharing_enabled":true,"jetpack_likes_enabled":true,"_links":{"self":[{"href":"https:\/\/www.hasicibystre.cz\/index.php?rest_route=\/wp\/v2\/pages\/155","targetHints":{"allow":["GET"]}}],"collection":[{"href":"https:\/\/www.hasicibystre.cz\/index.php?rest_route=\/wp\/v2\/pages"}],"about":[{"href":"https:\/\/www.hasicibystre.cz\/index.php?rest_route=\/wp\/v2\/types\/page"}],"author":[{"embeddable":true,"href":"https:\/\/www.hasicibystre.cz\/index.php?rest_route=\/wp\/v2\/users\/2"}],"replies":[{"embeddable":true,"href":"https:\/\/www.hasicibystre.cz\/index.php?rest_route=%2Fwp%2Fv2%2Fcomments&post=155"}],"version-history":[{"count":3,"href":"https:\/\/www.hasicibystre.cz\/index.php?rest_route=\/wp\/v2\/pages\/155\/revisions"}],"predecessor-version":[{"id":909,"href":"https:\/\/www.hasicibystre.cz\/index.php?rest_route=\/wp\/v2\/pages\/155\/revisions\/909"}],"wp:attachment":[{"href":"https:\/\/www.hasicibystre.cz\/index.php?rest_route=%2Fwp%2Fv2%2Fmedia&parent=155"}],"curies":[{"name":"wp","href":"https:\/\/api.w.org\/{rel}","templated":true}]}}