{"id":157,"date":"2017-08-24T23:21:24","date_gmt":"2017-08-24T21:21:24","guid":{"rendered":"http:\/\/www.hasicibystre.cz\/?page_id=157"},"modified":"2019-07-21T17:10:56","modified_gmt":"2019-07-21T15:10:56","slug":"vysledky-soutezi","status":"publish","type":"page","link":"https:\/\/www.hasicibystre.cz\/?page_id=157","title":{"rendered":"V\u00fdsledky sout\u011b\u017e\u00ed &#8211; dru\u017estvo \u017een"},"content":{"rendered":"<p style=\"text-align: center;\"><strong>P\u0159ehled \u00fa\u010dasti dru\u017estev \u017een v&nbsp;sout\u011b\u017e\u00edch po\u017e\u00e1rn\u00edho sportu 1968 \u2013 2019<\/strong><\/p>\n<table style=\"border-collapse: collapse;\">\n<tbody>\n<tr>\n<td style=\"width: 289px;\" width=\"274\"><strong>\u00da\u010dast v&nbsp;krajsk\u00e9m (oblastn\u00edm) kole<\/strong><\/td>\n<td style=\"width: 91px;\" width=\"162\"><strong>2 x<\/strong><\/td>\n<\/tr>\n<tr>\n<td style=\"width: 289px;\" width=\"274\"><strong>\u00da\u010dast v&nbsp;okresn\u00edm kole<\/strong><\/td>\n<td style=\"width: 91px;\" width=\"162\"><strong>12 x<\/strong><\/td>\n<\/tr>\n<tr>\n<td style=\"width: 289px;\" width=\"274\"><strong> Medailov\u00e1 um\u00edst\u011bn\u00ed v&nbsp;okresn\u00edm kole<\/strong><\/td>\n<td style=\"width: 91px;\" width=\"162\"><strong>11 x<\/strong><\/td>\n<\/tr>\n<tr>\n<td style=\"width: 289px;\" width=\"274\"><strong> Medailov\u00e1 um\u00edst\u011bn\u00ed v&nbsp;okrskov\u00e9m kole<\/strong><\/td>\n<td style=\"width: 91px;\" width=\"162\"><strong>23 x<\/strong><\/td>\n<\/tr>\n<\/tbody>\n<\/table>\n<p>&nbsp;<\/p>\n<table style=\"width: 78.75%;\" width=\"100%\">\n<tbody>\n<tr>\n<td style=\"width: 12.9688%;\" width=\"25%\"><strong>Rok<\/strong><\/td>\n<td style=\"width: 31.8751%;\" width=\"25%\"><strong>M\u00edsto kon\u00e1n\u00ed<\/strong><\/td>\n<td style=\"width: 20.9797%;\" width=\"25%\"><strong>Typ sout\u011b\u017ee<\/strong><\/td>\n<td style=\"width: 12.9266%; text-align: center;\" width=\"25%\"><strong>Um\u00edst\u011bn\u00ed<\/strong><\/td>\n<\/tr>\n<tr>\n<td style=\"width: 12.9688%;\" rowspan=\"3\" width=\"25%\"><strong>1968<\/strong><\/td>\n<td style=\"width: 31.8751%;\" width=\"25%\"><strong>De\u0161tn\u00e9<\/strong><\/td>\n<td style=\"width: 20.9797%;\" width=\"25%\"><strong>obvodn\u00ed<\/strong><\/td>\n<td style=\"width: 12.9266%; text-align: center;\" width=\"25%\"><strong>1.<\/strong><\/td>\n<\/tr>\n<tr>\n<td style=\"width: 31.8751%;\" width=\"25%\"><strong>Opo\u010dno<\/strong><\/td>\n<td style=\"width: 20.9797%;\" width=\"25%\"><strong>okresn\u00ed<\/strong><\/td>\n<td style=\"width: 12.9266%; text-align: center;\" width=\"25%\"><strong>1.<\/strong><\/td>\n<\/tr>\n<tr>\n<td style=\"width: 31.8751%;\" width=\"25%\"><strong>Dv\u016fr Kr\u00e1lov\u00e9<\/strong><\/td>\n<td style=\"width: 20.9797%;\" width=\"25%\"><strong>krajsk\u00e1<\/strong><\/td>\n<td style=\"width: 12.9266%; text-align: center;\" width=\"25%\"><strong>4.<\/strong><\/td>\n<\/tr>\n<tr>\n<td style=\"width: 12.9688%;\" rowspan=\"2\" width=\"25%\"><strong>1969<\/strong><\/td>\n<td style=\"width: 31.8751%;\" width=\"25%\"><strong>Val<\/strong><\/td>\n<td style=\"width: 20.9797%;\" width=\"25%\"><strong>obvodn\u00ed<\/strong><\/td>\n<td style=\"width: 12.9266%; text-align: center;\" width=\"25%\"><strong>1.<\/strong><\/td>\n<\/tr>\n<tr>\n<td style=\"width: 31.8751%;\" width=\"25%\"><strong>Mal\u00e1 \u010cermn\u00e1<\/strong><\/td>\n<td style=\"width: 20.9797%;\" width=\"25%\"><strong>okresn\u00ed<\/strong><\/td>\n<td style=\"width: 12.9266%; text-align: center;\" width=\"25%\"><strong>2.<\/strong><\/td>\n<\/tr>\n<tr>\n<td style=\"width: 12.9688%;\" width=\"25%\"><strong>1970<\/strong><\/td>\n<td style=\"width: 31.8751%;\" width=\"25%\"><strong>\u010c\u00e1nka<\/strong><\/td>\n<td style=\"width: 20.9797%;\" width=\"25%\"><strong>obvodn\u00ed<\/strong><\/td>\n<td style=\"width: 12.9266%; text-align: center;\" width=\"25%\"><strong>1.<\/strong><\/td>\n<\/tr>\n<tr>\n<td style=\"width: 12.9688%;\" rowspan=\"2\" width=\"25%\"><strong>1971<\/strong><\/td>\n<td style=\"width: 31.8751%;\" width=\"25%\"><strong>Ba\u010det\u00edn<\/strong><\/td>\n<td style=\"width: 20.9797%;\" width=\"25%\"><strong>obvodn\u00ed<\/strong><\/td>\n<td style=\"width: 12.9266%; text-align: center;\" width=\"25%\"><strong>1.<\/strong><\/td>\n<\/tr>\n<tr>\n<td style=\"width: 31.8751%;\" width=\"25%\"><strong>Rychnov nad Kn\u011b\u017enou<\/strong><\/td>\n<td style=\"width: 20.9797%;\" width=\"25%\"><strong>okresn\u00ed<\/strong><\/td>\n<td style=\"width: 12.9266%; text-align: center;\" width=\"25%\"><strong>1.<\/strong><\/td>\n<\/tr>\n<tr>\n<td style=\"width: 12.9688%;\" rowspan=\"2\" width=\"25%\"><strong>1972<\/strong><\/td>\n<td style=\"width: 31.8751%;\" width=\"25%\"><strong>Dlouh\u00e1 Ves<\/strong><\/td>\n<td style=\"width: 20.9797%;\" width=\"25%\"><strong>obvodn\u00ed<\/strong><\/td>\n<td style=\"width: 12.9266%; text-align: center;\" width=\"25%\"><strong>1.<\/strong><\/td>\n<\/tr>\n<tr>\n<td style=\"width: 31.8751%;\" width=\"25%\"><strong>Ledce<\/strong><\/td>\n<td style=\"width: 20.9797%;\" width=\"25%\"><strong>okresn\u00ed<\/strong><\/td>\n<td style=\"width: 12.9266%; text-align: center;\" width=\"25%\"><strong>2.<\/strong><\/td>\n<\/tr>\n<tr>\n<td style=\"width: 12.9688%;\" width=\"25%\"><strong>1973<\/strong><\/td>\n<td style=\"width: 31.8751%;\" width=\"25%\"><strong>De\u0161tn\u00e9<\/strong><\/td>\n<td style=\"width: 20.9797%;\" width=\"25%\"><strong>okrskov\u00e1<\/strong><\/td>\n<td style=\"width: 12.9266%; text-align: center;\" width=\"25%\"><strong>2.<\/strong><\/td>\n<\/tr>\n<tr>\n<td style=\"width: 12.9688%;\" rowspan=\"2\" width=\"25%\"><strong>1974<\/strong><\/td>\n<td style=\"width: 31.8751%;\" width=\"25%\"><strong>Dobr\u00e9<\/strong><\/td>\n<td style=\"width: 20.9797%;\" width=\"25%\"><strong>okrskov\u00e1<\/strong><\/td>\n<td style=\"width: 12.9266%; text-align: center;\" width=\"25%\"><strong>1.<\/strong><\/td>\n<\/tr>\n<tr>\n<td style=\"width: 31.8751%;\" width=\"25%\"><strong>\u010castolovice<\/strong><\/td>\n<td style=\"width: 20.9797%;\" width=\"25%\"><strong>okresn\u00ed<\/strong><\/td>\n<td style=\"width: 12.9266%; text-align: center;\" width=\"25%\"><strong>1.<\/strong><\/td>\n<\/tr>\n<tr>\n<td style=\"width: 12.9688%;\" width=\"25%\"><strong>1975<\/strong><\/td>\n<td style=\"width: 31.8751%;\" width=\"25%\"><strong>Ohni\u0161ov<\/strong><\/td>\n<td style=\"width: 20.9797%;\" width=\"25%\"><strong>okrskov\u00e1<\/strong><\/td>\n<td style=\"width: 12.9266%; text-align: center;\" width=\"25%\"><strong>1.<\/strong><\/td>\n<\/tr>\n<tr>\n<td style=\"width: 12.9688%;\" rowspan=\"3\" width=\"25%\"><strong>1976<\/strong><\/td>\n<td style=\"width: 31.8751%;\" width=\"25%\"><strong>Bystr\u00e9<\/strong><\/td>\n<td style=\"width: 20.9797%;\" width=\"25%\"><strong>okrskov\u00e1<\/strong><\/td>\n<td style=\"width: 12.9266%; text-align: center;\" width=\"25%\"><strong>1.<\/strong><\/td>\n<\/tr>\n<tr>\n<td style=\"width: 31.8751%;\" width=\"25%\"><strong>Opo\u010dno <\/strong><\/td>\n<td style=\"width: 20.9797%;\" width=\"25%\"><strong>okresn\u00ed<\/strong><\/td>\n<td style=\"width: 12.9266%; text-align: center;\" width=\"25%\"><strong>1.<\/strong><\/td>\n<\/tr>\n<tr>\n<td style=\"width: 31.8751%;\" width=\"25%\"><strong>Hradec Kr\u00e1lov\u00e9<\/strong><\/td>\n<td style=\"width: 20.9797%;\" width=\"25%\"><strong>krajsk\u00e1<\/strong><\/td>\n<td style=\"width: 12.9266%; text-align: center;\" width=\"25%\"><strong>4.<\/strong><\/td>\n<\/tr>\n<tr>\n<td style=\"width: 12.9688%;\" width=\"25%\"><strong>1985<\/strong><\/td>\n<td style=\"width: 31.8751%;\" width=\"25%\"><strong>Dobr\u00e9<\/strong><\/td>\n<td style=\"width: 20.9797%;\" width=\"25%\"><strong>okrskov\u00e1<\/strong><\/td>\n<td style=\"width: 12.9266%; text-align: center;\" width=\"25%\"><strong>1.<\/strong><\/td>\n<\/tr>\n<tr>\n<td style=\"width: 12.9688%;\" width=\"25%\"><strong>1986<\/strong><\/td>\n<td style=\"width: 31.8751%;\" width=\"25%\"><strong>De\u0161tn\u00e9<\/strong><\/td>\n<td style=\"width: 20.9797%;\" width=\"25%\"><strong>okrskov\u00e1<\/strong><\/td>\n<td style=\"width: 12.9266%; text-align: center;\" width=\"25%\"><strong>2.<\/strong><\/td>\n<\/tr>\n<tr>\n<td style=\"width: 12.9688%;\" width=\"25%\"><strong>1987<\/strong><\/td>\n<td style=\"width: 31.8751%;\" width=\"25%\"><strong>Ohni\u0161ov<\/strong><\/td>\n<td style=\"width: 20.9797%;\" width=\"25%\"><strong>okrskov\u00e1<\/strong><\/td>\n<td style=\"width: 12.9266%; text-align: center;\" width=\"25%\"><strong>2.<\/strong><\/td>\n<\/tr>\n<tr>\n<td style=\"width: 12.9688%;\" width=\"25%\"><strong>1988<\/strong><\/td>\n<td style=\"width: 31.8751%;\" width=\"25%\"><strong>Ohni\u0161ov<\/strong><\/td>\n<td style=\"width: 20.9797%;\" width=\"25%\"><strong>okrskov\u00e1<\/strong><\/td>\n<td style=\"width: 12.9266%; text-align: center;\" width=\"25%\"><strong>1.<\/strong><\/td>\n<\/tr>\n<tr>\n<td style=\"width: 12.9688%;\" rowspan=\"2\" width=\"25%\"><strong>1989<\/strong><\/td>\n<td style=\"width: 31.8751%;\" width=\"25%\"><strong>Ole\u0161nice<\/strong><\/td>\n<td style=\"width: 20.9797%;\" width=\"25%\"><strong>okrskov\u00e1<\/strong><\/td>\n<td style=\"width: 12.9266%; text-align: center;\" width=\"25%\"><strong>1.<\/strong><\/td>\n<\/tr>\n<tr>\n<td style=\"width: 31.8751%;\" width=\"25%\"><strong>Solnice<\/strong><\/td>\n<td style=\"width: 20.9797%;\" width=\"25%\"><strong>okresn\u00ed<\/strong><\/td>\n<td style=\"width: 12.9266%; text-align: center;\" width=\"25%\"><strong>2.<\/strong><\/td>\n<\/tr>\n<tr>\n<td style=\"width: 12.9688%;\" width=\"25%\"><strong>1990<\/strong><\/td>\n<td style=\"width: 31.8751%;\" width=\"25%\"><strong>Ohni\u0161ov<\/strong><\/td>\n<td style=\"width: 20.9797%;\" width=\"25%\"><strong>okrskov\u00e1<\/strong><\/td>\n<td style=\"width: 12.9266%; text-align: center;\" width=\"25%\"><strong>1.<\/strong><\/td>\n<\/tr>\n<tr>\n<td style=\"width: 12.9688%;\" rowspan=\"2\" width=\"25%\"><strong>1991<\/strong><\/td>\n<td style=\"width: 31.8751%;\" width=\"25%\"><strong>Bystr\u00e9<\/strong><\/td>\n<td style=\"width: 20.9797%;\" width=\"25%\"><strong>okrskov\u00e1 <\/strong><\/td>\n<td style=\"width: 12.9266%; text-align: center;\" width=\"25%\"><strong>1.<\/strong><\/td>\n<\/tr>\n<tr>\n<td style=\"width: 31.8751%;\" width=\"25%\"><strong>Kostelec nad Orlic\u00ed<\/strong><\/td>\n<td style=\"width: 20.9797%;\" width=\"25%\"><strong>okresn\u00ed <\/strong><\/td>\n<td style=\"width: 12.9266%; text-align: center;\" width=\"25%\"><strong>3.<\/strong><\/td>\n<\/tr>\n<tr>\n<td style=\"width: 12.9688%;\" rowspan=\"2\" width=\"25%\"><strong>1992<\/strong><\/td>\n<td style=\"width: 31.8751%;\" width=\"25%\"><strong>Bystr\u00e9<\/strong><\/td>\n<td style=\"width: 20.9797%;\" width=\"25%\"><strong>okrskov\u00e1<\/strong><\/td>\n<td style=\"width: 12.9266%; text-align: center;\" width=\"25%\"><strong>2.<\/strong><\/td>\n<\/tr>\n<tr>\n<td style=\"width: 31.8751%;\" width=\"25%\"><strong>Dobru\u0161ka<\/strong><\/td>\n<td style=\"width: 20.9797%;\" width=\"25%\"><strong>okresn\u00ed<\/strong><\/td>\n<td style=\"width: 12.9266%; text-align: center;\" width=\"25%\"><strong>5.<\/strong><\/td>\n<\/tr>\n<tr>\n<td style=\"width: 12.9688%;\" rowspan=\"2\" width=\"25%\"><strong>1993<\/strong><\/td>\n<td style=\"width: 31.8751%;\" width=\"25%\"><strong>Bystr\u00e9<\/strong><\/td>\n<td style=\"width: 20.9797%;\" width=\"25%\"><strong>okrskov\u00e1<\/strong><\/td>\n<td style=\"width: 12.9266%; text-align: center;\" width=\"25%\"><strong>1.<\/strong><\/td>\n<\/tr>\n<tr>\n<td style=\"width: 31.8751%;\" width=\"25%\"><strong>T\u00fdni\u0161t\u011b nad Orlic\u00ed<\/strong><\/td>\n<td style=\"width: 20.9797%;\" width=\"25%\"><strong>okresn\u00ed<\/strong><\/td>\n<td style=\"width: 12.9266%; text-align: center;\" width=\"25%\"><strong>2.<\/strong><\/td>\n<\/tr>\n<tr>\n<td style=\"width: 12.9688%;\" width=\"25%\"><strong>1994<\/strong><\/td>\n<td style=\"width: 31.8751%;\" width=\"25%\"><strong>Ole\u0161nice<\/strong><\/td>\n<td style=\"width: 20.9797%;\" width=\"25%\"><strong>okrskov\u00e1<\/strong><\/td>\n<td style=\"width: 12.9266%; text-align: center;\" width=\"25%\"><strong>2.<\/strong><\/td>\n<\/tr>\n<tr>\n<td style=\"width: 12.9688%;\" rowspan=\"2\" width=\"25%\"><strong>1995<\/strong><\/td>\n<td style=\"width: 31.8751%;\" width=\"25%\"><strong>Bohda\u0161\u00edn<\/strong><\/td>\n<td style=\"width: 20.9797%;\" width=\"25%\"><strong>okrskov\u00e1<\/strong><\/td>\n<td style=\"width: 12.9266%; text-align: center;\" width=\"25%\"><strong>2.<\/strong><\/td>\n<\/tr>\n<tr>\n<td style=\"width: 31.8751%;\" width=\"25%\"><strong>\u017d\u010f\u00e1r nad Orlic\u00ed<\/strong><\/td>\n<td style=\"width: 20.9797%;\" width=\"25%\"><strong>okresn\u00ed<\/strong><\/td>\n<td style=\"width: 12.9266%; text-align: center;\" width=\"25%\"><strong>3.<\/strong><\/td>\n<\/tr>\n<tr>\n<td style=\"width: 12.9688%;\" rowspan=\"2\" width=\"25%\"><strong>1996<\/strong><\/td>\n<td style=\"width: 31.8751%;\" width=\"25%\"><strong>Bystr\u00e9<\/strong><\/td>\n<td style=\"width: 20.9797%;\" width=\"25%\"><strong>okrskov\u00e1<\/strong><\/td>\n<td style=\"width: 12.9266%; text-align: center;\" width=\"25%\"><strong>1.<\/strong><\/td>\n<\/tr>\n<tr>\n<td style=\"width: 31.8751%;\" width=\"25%\"><strong>Opo\u010dno<\/strong><\/td>\n<td style=\"width: 20.9797%;\" width=\"25%\"><strong>okresn\u00ed<\/strong><\/td>\n<td style=\"width: 12.9266%; text-align: center;\" width=\"25%\"><strong>1.<\/strong><\/td>\n<\/tr>\n<tr>\n<td style=\"width: 12.9688%;\" width=\"25%\"><strong>1997<\/strong><\/td>\n<td style=\"width: 31.8751%;\" width=\"25%\"><strong>Bohda\u0161\u00edn<\/strong><\/td>\n<td style=\"width: 20.9797%;\" width=\"25%\"><strong>okrskov\u00e1<\/strong><\/td>\n<td style=\"width: 12.9266%; text-align: center;\" width=\"25%\"><strong>1.<\/strong><\/td>\n<\/tr>\n<tr>\n<td style=\"width: 12.9688%;\" width=\"25%\"><strong>1998<\/strong><\/td>\n<td style=\"width: 31.8751%;\" width=\"25%\"><strong>Ba\u010det\u00edn<\/strong><\/td>\n<td style=\"width: 20.9797%;\" width=\"25%\"><strong>okrskov\u00e1<\/strong><\/td>\n<td style=\"width: 12.9266%; text-align: center;\" width=\"25%\"><strong>3.<\/strong><\/td>\n<\/tr>\n<tr>\n<td style=\"width: 12.9688%;\" width=\"25%\"><strong>1999<\/strong><\/td>\n<td style=\"width: 31.8751%;\" width=\"25%\"><strong>Ole\u0161nice<\/strong><\/td>\n<td style=\"width: 20.9797%;\" width=\"25%\"><strong>okrskov\u00e1<\/strong><\/td>\n<td style=\"width: 12.9266%; text-align: center;\" width=\"25%\"><strong>3.<\/strong><\/td>\n<\/tr>\n<tr>\n<td style=\"width: 12.9688%;\" width=\"25%\"><strong>2001<\/strong><\/td>\n<td style=\"width: 31.8751%;\" width=\"25%\"><strong>Bystr\u00e9<\/strong><\/td>\n<td style=\"width: 20.9797%;\" width=\"25%\"><strong>okrskov\u00e1<\/strong><\/td>\n<td style=\"width: 12.9266%; text-align: center;\" width=\"25%\"><strong>2.<\/strong><\/td>\n<\/tr>\n<tr>\n<td style=\"width: 12.9688%;\" width=\"25%\"><strong>2002<\/strong><\/td>\n<td style=\"width: 31.8751%;\" width=\"25%\"><strong>Bohda\u0161\u00edn<\/strong><\/td>\n<td style=\"width: 20.9797%;\" width=\"25%\"><strong>okrskov\u00e1<\/strong><\/td>\n<td style=\"width: 12.9266%; text-align: center;\" width=\"25%\"><strong>3.<\/strong><\/td>\n<\/tr>\n<tr>\n<td style=\"width: 12.9688%;\" width=\"25%\"><strong>2003<\/strong><\/td>\n<td style=\"width: 31.8751%;\" width=\"25%\"><strong>Ohni\u0161ov<\/strong><\/td>\n<td style=\"width: 20.9797%;\" width=\"25%\"><strong>okrskov\u00e1<\/strong><\/td>\n<td style=\"width: 12.9266%; text-align: center;\" width=\"25%\"><strong>3.<\/strong><\/td>\n<\/tr>\n<tr>\n<td style=\"width: 12.9688%;\" width=\"25%\"><strong>2004<\/strong><\/td>\n<td style=\"width: 31.8751%;\" width=\"25%\"><strong>De\u0161tn\u00e9<\/strong><\/td>\n<td style=\"width: 20.9797%;\" width=\"25%\"><strong>okrskov\u00e1<\/strong><\/td>\n<td style=\"width: 12.9266%; text-align: center;\" width=\"25%\"><strong>1.<\/strong><\/td>\n<\/tr>\n<tr>\n<td style=\"width: 12.9688%;\" width=\"25%\"><strong>2005<\/strong><\/td>\n<td style=\"width: 31.8751%;\" width=\"25%\"><strong>Bohda\u0161\u00edn<\/strong><\/td>\n<td style=\"width: 20.9797%;\" width=\"25%\"><strong>okrskov\u00e1<\/strong><\/td>\n<td style=\"width: 12.9266%; text-align: center;\" width=\"25%\"><strong>5.<\/strong><\/td>\n<\/tr>\n<tr>\n<td style=\"width: 12.9688%;\" width=\"25%\"><strong>2006<\/strong><\/td>\n<td style=\"width: 31.8751%;\" width=\"25%\"><strong>Ohni\u0161ov<\/strong><\/td>\n<td style=\"width: 20.9797%;\" width=\"25%\"><strong>okrskov\u00e1<\/strong><\/td>\n<td style=\"width: 12.9266%; text-align: center;\" width=\"25%\"><strong>4.<\/strong><\/td>\n<\/tr>\n<tr>\n<td style=\"width: 12.9688%;\" width=\"25%\"><strong>2007<\/strong><\/td>\n<td style=\"width: 31.8751%;\" width=\"25%\"><strong>Dob\u0159any<\/strong><\/td>\n<td style=\"width: 20.9797%;\" width=\"25%\"><strong>okrskov\u00e1<\/strong><\/td>\n<td style=\"width: 12.9266%; text-align: center;\" width=\"25%\"><strong>4.<\/strong><\/td>\n<\/tr>\n<\/tbody>\n<\/table>\n<p>&nbsp;<\/p>\n","protected":false},"excerpt":{"rendered":"<p>P\u0159ehled \u00fa\u010dasti dru\u017estev \u017een v&nbsp;sout\u011b\u017e\u00edch po\u017e\u00e1rn\u00edho sportu 1968 \u2013 2019 \u00da\u010dast v&nbsp;krajsk\u00e9m (oblastn\u00edm) kole 2 x \u00da\u010dast v&nbsp;okresn\u00edm kole 12 x Medailov\u00e1 um\u00edst\u011bn\u00ed v&nbsp;okresn\u00edm kole 11 x Medailov\u00e1 um\u00edst\u011bn\u00ed v&nbsp;okrskov\u00e9m kole 23 x &nbsp; Rok M\u00edsto kon\u00e1n\u00ed Typ sout\u011b\u017ee Um\u00edst\u011bn\u00ed 1968 De\u0161tn\u00e9 obvodn\u00ed 1. Opo\u010dno okresn\u00ed 1. Dv\u016fr Kr\u00e1lov\u00e9 krajsk\u00e1 4.&nbsp;1969 Val obvodn\u00ed 1. [&hellip;]<\/p>\n","protected":false},"author":2,"featured_media":0,"parent":155,"menu_order":0,"comment_status":"closed","ping_status":"closed","template":"","meta":{"footnotes":""},"class_list":["post-157","page","type-page","status-publish","hentry"],"aioseo_notices":[],"jetpack_sharing_enabled":true,"jetpack_likes_enabled":true,"_links":{"self":[{"href":"https:\/\/www.hasicibystre.cz\/index.php?rest_route=\/wp\/v2\/pages\/157","targetHints":{"allow":["GET"]}}],"collection":[{"href":"https:\/\/www.hasicibystre.cz\/index.php?rest_route=\/wp\/v2\/pages"}],"about":[{"href":"https:\/\/www.hasicibystre.cz\/index.php?rest_route=\/wp\/v2\/types\/page"}],"author":[{"embeddable":true,"href":"https:\/\/www.hasicibystre.cz\/index.php?rest_route=\/wp\/v2\/users\/2"}],"replies":[{"embeddable":true,"href":"https:\/\/www.hasicibystre.cz\/index.php?rest_route=%2Fwp%2Fv2%2Fcomments&post=157"}],"version-history":[{"count":6,"href":"https:\/\/www.hasicibystre.cz\/index.php?rest_route=\/wp\/v2\/pages\/157\/revisions"}],"predecessor-version":[{"id":1779,"href":"https:\/\/www.hasicibystre.cz\/index.php?rest_route=\/wp\/v2\/pages\/157\/revisions\/1779"}],"up":[{"embeddable":true,"href":"https:\/\/www.hasicibystre.cz\/index.php?rest_route=\/wp\/v2\/pages\/155"}],"wp:attachment":[{"href":"https:\/\/www.hasicibystre.cz\/index.php?rest_route=%2Fwp%2Fv2%2Fmedia&parent=157"}],"curies":[{"name":"wp","href":"https:\/\/api.w.org\/{rel}","templated":true}]}}