{"id":168,"date":"2017-08-24T23:23:35","date_gmt":"2017-08-24T21:23:35","guid":{"rendered":"http:\/\/www.hasicibystre.cz\/?page_id=168"},"modified":"2018-07-28T19:28:15","modified_gmt":"2018-07-28T17:28:15","slug":"souteze","status":"publish","type":"page","link":"https:\/\/www.hasicibystre.cz\/?page_id=168","title":{"rendered":"Sout\u011b\u017ee v&nbsp;tradi\u010dn\u00edch disciplin\u00e1ch CTIF"},"content":{"rendered":"<p><strong>2014<\/strong><\/p>\n<p style=\"text-align: justify;\">Sout\u011b\u017en\u00ed rok 2014 za\u010dal pro dru\u017estvo 2.&nbsp;b\u0159ezna 2014&nbsp;1.&nbsp;ro\u010dn\u00edkem Hradeck\u00e9 haly v&nbsp;discipl\u00edn\u00e1ch CTIF. V&nbsp;konkurenci dru\u017estva profesion\u00e1ln\u00edch hasi\u010d\u016f a dru\u017estva z&nbsp;Chlumce nad Cidlinou obsadilo dru\u017estvo 3.&nbsp;m\u00edsto.<\/p>\n<p><strong>2013<\/strong><\/p>\n<p style=\"text-align: justify;\">Mistrovstv\u00ed \u010cesk\u00e9 republiky v&nbsp;klasick\u00fdch discipl\u00edn\u00e1ch se tentokr\u00e1te konalo 27.&nbsp;z\u00e1\u0159\u00ed 2013 ve Dvo\u0159e Kr\u00e1lov\u00e9 nad Labem. Toto mistrovstv\u00ed bylo z\u00e1rove\u0148 prvn\u00ed sout\u011b\u017e\u00ed nov\u011b sestaven\u00e9ho dru\u017estva CTIF. P\u0159esto\u017ee pokusy dru\u017estva nepat\u0159ily k&nbsp;nejrychlej\u0161\u00edm, dru\u017estvo na sv\u00e9 prvn\u00ed sout\u011b\u017ei nezklamalo. V&nbsp;druh\u00e9m pokusu po\u017e\u00e1rn\u00edho \u00fatoku se dopustilo pouze drobn\u00e9 chyby, kter\u00e1 znamenala 5 trestn\u00fdch sekund. V&nbsp;celkov\u00e9m hodnocen\u00ed obsadilo dru\u017estvo 4.&nbsp;m\u00edsto.<\/p>\n<p><strong>2012<\/strong><\/p>\n<p style=\"text-align: justify;\">V tomto roce se dru\u017estvo z\u00fa\u010dastnilo pouze jedn\u00e9 sout\u011b\u017ee. Tou byl poh\u00e1r starosty SDH Vl\u010dnov, kter\u00fd se konal 15.&nbsp;dubna 2012. V&nbsp;t\u00e9to sout\u011b\u017ei dru\u017estvo obsadilo 8.&nbsp;m\u00edsto. Pot\u00e9 se dru\u017estvo rozhodlo v\u00edce se zam\u011b\u0159it na discipl\u00edny po\u017e\u00e1rn\u00edho sportu a d\u00e1le v&nbsp;n\u00e1cviku discipl\u00edn CTIF nepokra\u010dovat.<\/p>\n<p><strong>2011<\/strong><\/p>\n<p style=\"text-align: justify;\">Mistrovstv\u00ed \u010cesk\u00e9 republiky v&nbsp;klasick\u00fdch discipl\u00edn\u00e1ch CTIF pro rok 2011 se konalo dne 24.&nbsp;z\u00e1\u0159\u00ed 2011 ve Dvo\u0159e Kr\u00e1lov\u00e9 nad Labem. Dru\u017estvo zde v&nbsp;celkov\u00e9m po\u0159ad\u00ed obsadilo 5.&nbsp;m\u00edsto.<\/p>\n<p style=\"text-align: justify;\"><strong>2010<\/strong><\/p>\n<p style=\"text-align: justify;\">Historicky 1.&nbsp;ofici\u00e1ln\u00ed Mistrovstv\u00ed \u010cesk\u00e9 republiky v&nbsp;klasick\u00fdch discipl\u00edn\u00e1ch CTIF se konalo dne 25.&nbsp;z\u00e1\u0159\u00ed 2010 na stadionu ve Dvo\u0159e Kr\u00e1lov\u00e9 nad Labem. N\u00e1\u0161 sbor vyslal do sout\u011b\u017ee v\u00fdrazn\u011b obm\u011bn\u011bn\u00e9 dru\u017estvo slo\u017een\u00e9 p\u0159ev\u00e1\u017en\u011b ze \u010dlen\u016f sout\u011b\u017en\u00edho dru\u017estva dorostenc\u016f. V&nbsp;prvn\u00edm pokusu po\u017e\u00e1rn\u00edho \u00fatoku se dru\u017estvo nevyvarovalo chyb a k&nbsp;z\u00e1kladn\u00edmu \u010dasu na \u00farovni 44 s. p\u0159idalo 25 z\u00e1porn\u00fdch bod\u016f. V&nbsp;prvn\u00edm pokusu \u0161tafety pak dos\u00e1hlo \u010dasu 67, 34 sekundy. Po prvn\u00edm kole se tak dru\u017estvo za\u0159adilo na pr\u016fb\u011b\u017en\u00e9 4.&nbsp;m\u00edsto.<\/p>\n<p style=\"text-align: justify;\">V druh\u00e9m kole se dru\u017estvu da\u0159ilo v\u00fdrazn\u011b jak v&nbsp;po\u017e\u00e1rn\u00edm \u00fatoku (49,37 v\u010detn\u011b 5 trestn\u00fdch bod\u016f), tak v&nbsp;b\u011bhu na 400&nbsp;m s&nbsp;p\u0159ek\u00e1\u017ekami. Zde dru\u017estvo dos\u00e1hlo \u010dasu 59 s. S&nbsp;celkov\u00fdm sou\u010dtem 391,76 b. z&nbsp;druh\u00e9ho kola obsadilo sout\u011b\u017en\u00ed dru\u017estvo celkov\u00e9 4.&nbsp;m\u00edsto.<\/p>\n<h1 style=\"text-align: center;\"><span style=\"font-family: tahoma, arial, helvetica, sans-serif; font-size: 18pt; color: #ff0000;\">Svatov\u00e1clavsk\u00fd poh\u00e1r<\/span><\/h1>\n<p style=\"text-align: justify;\">Svatov\u00e1clavsk\u00fd poh\u00e1r 2009 se konal v&nbsp;ned\u011bli 27.&nbsp;z\u00e1\u0159\u00ed 2009 ve Dvo\u0159e Kr\u00e1lov\u00e9 nad Labem. Hned p\u0159i odjezdu \u010dekalo na dru\u017estvo nep\u0159\u00edjemn\u00e9 p\u0159ekvapen\u00ed. Michal, \u010dlen savicov\u00e9ho odd\u00edlu n\u00e1m jaksi zapomn\u011bl sd\u011blit, \u017ee odj\u00ed\u017ed\u00ed do N\u011bmecka a nebude tak na sout\u011b\u017ei. Po p\u0159\u00edjezdu na m\u00edsto se poda\u0159ilo sehnat n\u00e1hradu z&nbsp;jin\u00e9ho sout\u011b\u017en\u00edho dru\u017estva a tak dru\u017estvo mohlo v&nbsp;pozm\u011bn\u011bn\u00e9 sestav\u011b nastoupit k&nbsp;sout\u011b\u017ei. Prvn\u00ed pokus v&nbsp;po\u017e\u00e1rn\u00edm \u00fatoku se n\u00e1m v\u016fbec nevyda\u0159il a \u010das na \u00farovni 124 sekund byl i v&nbsp;t\u00e9to sestav\u011b velmi slab\u00fd.Ve druh\u00e9m pokusu se po\u010det trestn\u00fdch bod\u016f poda\u0159ilo v\u00fdrazn\u011b sn\u00ed\u017eit, p\u0159esto 90 sekund bylo p\u0159\u00edli\u0161 mnoho. Spokojeni jsme naopak mohli b\u00fdt se \u0161tafetou, kdy jsme v&nbsp;obou pokusech atakovali na\u0161e doposud nejlep\u0161\u00ed \u010dasy. V&nbsp;celkov\u00e9m hodnocen\u00ed to v\u0161ak sta\u010dilo pouze na celkov\u00e9 4.&nbsp;m\u00edsto.<\/p>\n<p style=\"text-align: justify;\">Velmi d\u011bkujeme v\u0161em, pro kter\u00e9 byla tato sout\u011b\u017e sout\u011b\u017e\u00ed posledn\u00ed a nebudou ji\u017e v&nbsp;n\u00e1cviku discipl\u00edn CTIF pokra\u010dovat.<\/p>\n","protected":false},"excerpt":{"rendered":"<p>2014 Sout\u011b\u017en\u00ed rok 2014 za\u010dal pro dru\u017estvo 2.&nbsp;b\u0159ezna 2014&nbsp;1.&nbsp;ro\u010dn\u00edkem Hradeck\u00e9 haly v&nbsp;discipl\u00edn\u00e1ch CTIF. V&nbsp;konkurenci dru\u017estva profesion\u00e1ln\u00edch hasi\u010d\u016f a dru\u017estva z&nbsp;Chlumce nad Cidlinou obsadilo dru\u017estvo 3.&nbsp;m\u00edsto. 2013 Mistrovstv\u00ed \u010cesk\u00e9 republiky v&nbsp;klasick\u00fdch discipl\u00edn\u00e1ch se tentokr\u00e1te konalo 27.&nbsp;z\u00e1\u0159\u00ed 2013 ve Dvo\u0159e Kr\u00e1lov\u00e9 nad Labem. Toto mistrovstv\u00ed bylo z\u00e1rove\u0148 prvn\u00ed sout\u011b\u017e\u00ed nov\u011b sestaven\u00e9ho dru\u017estva CTIF. P\u0159esto\u017ee pokusy dru\u017estva nepat\u0159ily [&hellip;]<\/p>\n","protected":false},"author":2,"featured_media":0,"parent":164,"menu_order":0,"comment_status":"closed","ping_status":"closed","template":"","meta":{"footnotes":""},"class_list":["post-168","page","type-page","status-publish","hentry"],"aioseo_notices":[],"jetpack_sharing_enabled":true,"jetpack_likes_enabled":true,"_links":{"self":[{"href":"https:\/\/www.hasicibystre.cz\/index.php?rest_route=\/wp\/v2\/pages\/168","targetHints":{"allow":["GET"]}}],"collection":[{"href":"https:\/\/www.hasicibystre.cz\/index.php?rest_route=\/wp\/v2\/pages"}],"about":[{"href":"https:\/\/www.hasicibystre.cz\/index.php?rest_route=\/wp\/v2\/types\/page"}],"author":[{"embeddable":true,"href":"https:\/\/www.hasicibystre.cz\/index.php?rest_route=\/wp\/v2\/users\/2"}],"replies":[{"embeddable":true,"href":"https:\/\/www.hasicibystre.cz\/index.php?rest_route=%2Fwp%2Fv2%2Fcomments&post=168"}],"version-history":[{"count":3,"href":"https:\/\/www.hasicibystre.cz\/index.php?rest_route=\/wp\/v2\/pages\/168\/revisions"}],"predecessor-version":[{"id":674,"href":"https:\/\/www.hasicibystre.cz\/index.php?rest_route=\/wp\/v2\/pages\/168\/revisions\/674"}],"up":[{"embeddable":true,"href":"https:\/\/www.hasicibystre.cz\/index.php?rest_route=\/wp\/v2\/pages\/164"}],"wp:attachment":[{"href":"https:\/\/www.hasicibystre.cz\/index.php?rest_route=%2Fwp%2Fv2%2Fmedia&parent=168"}],"curies":[{"name":"wp","href":"https:\/\/api.w.org\/{rel}","templated":true}]}}