{"id":1740,"date":"2019-07-21T10:54:32","date_gmt":"2019-07-21T08:54:32","guid":{"rendered":"http:\/\/www.hasicibystre.cz\/?page_id=1740"},"modified":"2021-12-26T20:55:43","modified_gmt":"2021-12-26T19:55:43","slug":"dotacni-program-msmt-muj-klub","status":"publish","type":"page","link":"https:\/\/www.hasicibystre.cz\/?page_id=1740","title":{"rendered":"Z akc\u00ed podpo\u0159en\u00fdch z&nbsp;prost\u0159edk\u016f M\u0160MT"},"content":{"rendered":"<p style=\"text-align: center;\"><span style=\"color: #ff0000;\"><strong>2020<\/strong><\/span><\/p>\n<p>V roce 2019 podal sbor \u017e\u00e1dost o finan\u010dn\u00ed podporu \u010dinnosti ml\u00e1de\u017ee z&nbsp;dota\u010dn\u00edho titulu M\u0160MT &#8222;M\u016fj klub&#8220;.<\/p>\n<p>Projekt &#8222;Rozv\u00edjen\u00ed \u010dinnosti mlad\u00fdch hasi\u010d\u016f SDH Bystr\u00e9 v&nbsp;oblasti po\u017e\u00e1rn\u00edho sportu&#8220; byl schv\u00e1len a na z\u00e1klad\u011b rozhodnut\u00ed \u010d. 502020_2B_1933 obdr\u017eel sbor \u010d\u00e1stku ve v\u00fd\u0161i 63&nbsp;800 korun.<\/p>\n<p>Z poskytnut\u00fdch prost\u0159edk\u016f byly:<\/p>\n<p>&#8211; uhrazeny n\u00e1jmy t\u011blocvi\u010den v&nbsp;Nov\u00e9m M\u011bst\u011b nad Metuj\u00ed a Dob\u0159anech<\/p>\n<p>&#8211; arm\u00e1dn\u00ed stan Un Dome<\/p>\n<p>&#8211; nosi\u010de hadic pro po\u017e\u00e1rn\u00ed \u00fatok CTIF<\/p>\n<p>&#8211; st\u0159eleck\u00e9 vaky<\/p>\n<p>&#8211; kladina pro \u0161tafetu 4&#215;60&nbsp;m<\/p>\n<p>&#8211; pom\u016fcky na ZPV<\/p>\n<p>&#8211; sac\u00ed ko\u0161, vodn\u00ed p\u0159\u00edkop pro discipl\u00ednu po\u017e\u00e1rn\u00ed \u00fatok CTIF<\/p>\n<p>&#8211; startovn\u00e9 p\u0159i sout\u011b\u017e\u00edch<\/p>\n<p>&#8211; odm\u011bny pro vedouc\u00ed dru\u017estev ml\u00e1de\u017ee<\/p>\n<p style=\"text-align: center;\">*<\/p>\n<p style=\"text-align: center;\"><span style=\"color: #ff0000;\"><strong>2019<\/strong><\/span><\/p>\n<p style=\"text-align: justify;\">V \u0159\u00edjnu rok 2018 podal sbor \u017e\u00e1dost o finan\u010dn\u00ed podporu \u010dinnosti ml\u00e1de\u017ee z&nbsp;dota\u010dn\u00edho titulu M\u0160MT &#8222;M\u016fj klub&#8220;.<\/p>\n<p style=\"text-align: justify;\">Projekt &#8222;Rozv\u00edjen\u00ed \u010dinnosti mlad\u00fdch hasi\u010d\u016f SDH Bystr\u00e9 v&nbsp;oblasti po\u017e\u00e1rn\u00edho sportu&#8220; byl schv\u00e1len a na z\u00e1klad\u011b rozhodnut\u00ed \u010d. SPORT-2-B-341\/2019 obdr\u017eel sbor \u010d\u00e1stku ve v\u00fd\u0161i 88&nbsp;000 korun.<\/p>\n<p>Z poskytnut\u00fdch prost\u0159edk\u016f byly:<\/p>\n<p>&#8211; uhrazeny n\u00e1jmy t\u011blocvi\u010den v&nbsp;Dobru\u0161ce, Nov\u00e9m M\u011bst\u011b nad Metuj\u00ed a Dob\u0159anech<\/p>\n<p>&#8211; ter\u010de na po\u017e\u00e1rn\u00ed \u00fatok a \u00fatok CTIF<\/p>\n<p>&#8211; p\u0159ek\u00e1\u017eky na po\u017e\u00e1rn\u00ed \u00fatok CTIF<\/p>\n<p>&#8211; stopky<\/p>\n<p>&#8211; p\u0159ek\u00e1\u017eky pro discipl\u00edny hry Plamen<\/p>\n<p>&#8211; startovn\u00e9 p\u0159i sout\u011b\u017e\u00edch<\/p>\n<p>&#8211; odm\u011bny pro vedouc\u00ed dru\u017estev ml\u00e1de\u017ee<\/p>\n","protected":false},"excerpt":{"rendered":"<p>2020 V&nbsp;roce 2019 podal sbor \u017e\u00e1dost o finan\u010dn\u00ed podporu \u010dinnosti ml\u00e1de\u017ee z&nbsp;dota\u010dn\u00edho titulu M\u0160MT &#8222;M\u016fj klub&#8220;. Projekt &#8222;Rozv\u00edjen\u00ed \u010dinnosti mlad\u00fdch hasi\u010d\u016f SDH Bystr\u00e9 v&nbsp;oblasti po\u017e\u00e1rn\u00edho sportu&#8220; byl schv\u00e1len a na z\u00e1klad\u011b rozhodnut\u00ed \u010d. 502020_2B_1933 obdr\u017eel sbor \u010d\u00e1stku ve v\u00fd\u0161i 63&nbsp;800 korun. Z&nbsp;poskytnut\u00fdch prost\u0159edk\u016f byly: &#8211; uhrazeny n\u00e1jmy t\u011blocvi\u010den v&nbsp;Nov\u00e9m M\u011bst\u011b nad Metuj\u00ed a [&hellip;]<\/p>\n","protected":false},"author":2,"featured_media":0,"parent":0,"menu_order":0,"comment_status":"closed","ping_status":"closed","template":"","meta":{"footnotes":""},"class_list":["post-1740","page","type-page","status-publish","hentry"],"aioseo_notices":[],"jetpack_sharing_enabled":true,"jetpack_likes_enabled":true,"_links":{"self":[{"href":"https:\/\/www.hasicibystre.cz\/index.php?rest_route=\/wp\/v2\/pages\/1740","targetHints":{"allow":["GET"]}}],"collection":[{"href":"https:\/\/www.hasicibystre.cz\/index.php?rest_route=\/wp\/v2\/pages"}],"about":[{"href":"https:\/\/www.hasicibystre.cz\/index.php?rest_route=\/wp\/v2\/types\/page"}],"author":[{"embeddable":true,"href":"https:\/\/www.hasicibystre.cz\/index.php?rest_route=\/wp\/v2\/users\/2"}],"replies":[{"embeddable":true,"href":"https:\/\/www.hasicibystre.cz\/index.php?rest_route=%2Fwp%2Fv2%2Fcomments&post=1740"}],"version-history":[{"count":5,"href":"https:\/\/www.hasicibystre.cz\/index.php?rest_route=\/wp\/v2\/pages\/1740\/revisions"}],"predecessor-version":[{"id":2703,"href":"https:\/\/www.hasicibystre.cz\/index.php?rest_route=\/wp\/v2\/pages\/1740\/revisions\/2703"}],"wp:attachment":[{"href":"https:\/\/www.hasicibystre.cz\/index.php?rest_route=%2Fwp%2Fv2%2Fmedia&parent=1740"}],"curies":[{"name":"wp","href":"https:\/\/api.w.org\/{rel}","templated":true}]}}