{"id":1742,"date":"2019-07-21T14:24:48","date_gmt":"2019-07-21T12:24:48","guid":{"rendered":"http:\/\/www.hasicibystre.cz\/?page_id=1742"},"modified":"2019-07-21T14:26:03","modified_gmt":"2019-07-21T12:26:03","slug":"2018-2","status":"publish","type":"page","link":"https:\/\/www.hasicibystre.cz\/?page_id=1742","title":{"rendered":"2018"},"content":{"rendered":"<p style=\"text-align: justify;\">Sout\u011b\u017en\u00ed dru\u017estvo mu\u017e\u016f se v&nbsp;tomto toce zapojilo do dvou sout\u011b\u017e\u00ed v&nbsp;po\u017e\u00e1rn\u00edm sportu. V&nbsp;okrskov\u00e9 sout\u011b\u017ei v&nbsp;Bohda\u0161\u00edn\u011b obsadilo dru\u017estvo 2.&nbsp;m\u00edsto. V&nbsp;sout\u011b\u017ei Podorlick\u00e9 ligy na dom\u00e1c\u00ed p\u016fd\u011b v&nbsp;Bystr\u00e9m skon\u010dilo dru\u017estvo na 3.&nbsp;m\u00edst\u011b. St\u00e1vaj\u00edc\u00ed dru\u017estvo mu\u017e\u016f se pravd\u011bpodobn\u011b nebude nad\u00e1le sout\u011b\u017e\u00ed v&nbsp;po\u017e\u00e1rn\u00edm sportu z\u00fa\u010dast\u0148ovat.<\/p>\n<p style=\"text-align: justify;\">Do sout\u011b\u017e\u00ed hry mlad\u00fdch hasi\u010d\u016f Plamen jsme zapojili 2 sout\u011b\u017en\u00ed dru\u017estva (1 dru\u017estvo mlad\u0161\u00edch, 1 dru\u017estvo star\u0161\u00edch). Ob\u011b dv\u011b dru\u017estva se z\u00fa\u010dastnila okresn\u00edho kolo hry Plamen v&nbsp;P\u0159epych\u00e1ch. Dru\u017estvo mlad\u0161\u00edch podalo b\u011bhem cel\u00e9 sout\u011b\u017ee v\u00fdborn\u00e9 v\u00fdkony. V&nbsp;\u017e\u00e1dn\u00e9 discipl\u00edn\u011b nezav\u00e1halo a vybojovalo titul mistra okresu Rychnov nad Kn\u011b\u017enou ve sv\u00e9 kategorii p\u0159ed nejv\u011bt\u0161\u00edm konkurentem z&nbsp;Kvasin. I dru\u017estvo star\u0161\u00edch podalo v&nbsp;sout\u011b\u017ei dobr\u00e9 v\u00fdkony. Konkurence v\u0161ak byla na s\u00edly na\u0161eho dru\u017estva a to tak obsadilo 5.&nbsp;m\u00edsto v&nbsp;celkov\u00e9m hodnocen\u00ed. \u017d\u00e1dn\u00e9 na\u0161e dru\u017estvo si tak nevybojovalo postup do krajsk\u00e9ho kola. Do nov\u00e9ho ro\u010dn\u00edku hry Plamen vstoupila ob\u011b sout\u011b\u017en\u00ed dru\u017estva ZPV v&nbsp;Lukavici. Zde dru\u017estvo mlad\u0161\u00edch nav\u00e1zalo na sv\u00e9 minul\u00e9 v\u00fdsledky a obsadilo 2.&nbsp;m\u00edsto. Dru\u017estvo star\u0161\u00edch v\u00fdrazn\u011b zlep\u0161ilo sv\u00e9 p\u0159edchoz\u00ed v\u00fdkony a v&nbsp;cel\u00e9m z\u00e1vod\u011b zv\u00edt\u011bzilo. Na okrese Rychnov nad Kn\u011b\u017enou prob\u00edhal dal\u0161\u00ed ro\u010dn\u00edk Ligy hasi\u010dsk\u00e9 ml\u00e1de\u017ee, do kter\u00e9ho se zapojila ob\u011b na\u0161e sout\u011b\u017en\u00ed dru\u017estva. Dru\u017estvo mlad\u0161\u00edch obsadilo v&nbsp;celkov\u00e9m hodnocen\u00ed ro\u010dn\u00edku 4.&nbsp;m\u00edsto a dru\u017estvo mlad\u0161\u00edch 5.&nbsp;m\u00edsto.<\/p>\n<p style=\"text-align: justify;\">Mlad\u00ed hasi\u010di se i v\u00a0tomto roce zapojili do akce Ligy proti rakovin\u011b \u201eKv\u011btinov\u00fd den\u201c (5&nbsp;963&nbsp;K\u010d) a celost\u00e1tn\u00ed akce \u201eUkli\u010fme \u010cesko\u201c. Sb\u011brem star\u00e9ho pap\u00edru rovn\u011b\u017e z\u00edskalo \u010d\u00e1stku 1&nbsp;000&nbsp;K\u010d pro spole\u010dnost And\u011bl na dr\u00e1t\u011b.<\/p>\n<p style=\"text-align: justify;\">Dru\u017estvo dorostenc\u016f vstoupilo do sout\u011b\u017en\u00ed roku 7.&nbsp;m\u00edstem na okrskov\u00e9 sout\u011b\u017ei v&nbsp;Bohda\u0161\u00edne. V&nbsp;okresn\u00edm kole sout\u011b\u017ee dorostu v&nbsp;K\u0159ovic\u00edch pak dru\u017estvo zv\u00edt\u011bzilo a mezi dosp\u011bl\u00fdmi obsadilo 4.&nbsp;m\u00edsto. Krajsk\u00e9 kolo sout\u011b\u017ee dorostu se konalo na stadionu v&nbsp;N\u00e1chod\u011b. Zde dru\u017estvo po solidn\u00edch v\u00fdkonech obsadilo 3.&nbsp;m\u00edsto, kter\u00e9 bylo maximem jeho sou\u010dasn\u00fdch mo\u017enost\u00ed.<\/p>\n<p style=\"text-align: justify;\">Za akci &#8222;Kurs z\u00e1chrany tonouc\u00edho&#8220; byl sbor ocen\u011bn 2.&nbsp;m\u00edstem v&nbsp;anket\u011b Dobrovoln\u00ed hasi\u010di roku 2018 a z\u00edskal finan\u010dn\u00ed odm\u011bnu ve v\u00fd\u0161i 55&nbsp;000 korun. Sboru se da\u0159ilo z\u00edsk\u00e1vat dostate\u010dn\u00e9 mno\u017estv\u00ed finan\u010dn\u00edch prost\u0159edk\u016f zejm\u00e9na na \u010dinnost hasi\u010dsk\u00e9 ml\u00e1de\u017ee.<\/p>\n<p style=\"text-align: justify;\">\u010clenov\u00e9 a \u010dlenky oslavili v&nbsp;tomto roce kulat\u00e1 \u017eivotn\u00ed jubilea. Naposledy jsme se rozlou\u010dili se \u010dleny sboru J. P\u0159ibylem a P. Matyskou.<\/p>\n<p style=\"text-align: justify;\">V 31.&nbsp;prosinci bylo \u010dlenem na\u0161eho sboru celkem 117 mu\u017e\u016f, \u017een a d\u011bt\u00ed.<\/p>\n<p style=\"text-align: justify;\">Kompletn\u00ed text v\u00fdro\u010dn\u00ed zpr\u00e1vy naleznete <a href=\"http:\/\/www.hasicibystre.cz\/wp-content\/uploads\/2019\/07\/V\u00fdro\u010dn\u00ed-zpr\u00e1va-o-\u010dinnosti-sboru-2018.pdf\"><strong>ZDE<\/strong><\/a>.<\/p>\n","protected":false},"excerpt":{"rendered":"<p>Sout\u011b\u017en\u00ed dru\u017estvo mu\u017e\u016f se v&nbsp;tomto toce zapojilo do dvou sout\u011b\u017e\u00ed v&nbsp;po\u017e\u00e1rn\u00edm sportu. V&nbsp;okrskov\u00e9 sout\u011b\u017ei v&nbsp;Bohda\u0161\u00edn\u011b obsadilo dru\u017estvo 2.&nbsp;m\u00edsto. V&nbsp;sout\u011b\u017ei Podorlick\u00e9 ligy na dom\u00e1c\u00ed p\u016fd\u011b v&nbsp;Bystr\u00e9m skon\u010dilo dru\u017estvo na 3.&nbsp;m\u00edst\u011b. St\u00e1vaj\u00edc\u00ed dru\u017estvo mu\u017e\u016f se pravd\u011bpodobn\u011b nebude nad\u00e1le sout\u011b\u017e\u00ed v&nbsp;po\u017e\u00e1rn\u00edm sportu z\u00fa\u010dast\u0148ovat. Do sout\u011b\u017e\u00ed hry mlad\u00fdch hasi\u010d\u016f Plamen jsme zapojili 2 sout\u011b\u017en\u00ed dru\u017estva (1 dru\u017estvo mlad\u0161\u00edch, 1 [&hellip;]<\/p>\n","protected":false},"author":2,"featured_media":0,"parent":90,"menu_order":0,"comment_status":"closed","ping_status":"closed","template":"","meta":{"footnotes":""},"class_list":["post-1742","page","type-page","status-publish","hentry"],"aioseo_notices":[],"jetpack_sharing_enabled":true,"jetpack_likes_enabled":true,"_links":{"self":[{"href":"https:\/\/www.hasicibystre.cz\/index.php?rest_route=\/wp\/v2\/pages\/1742","targetHints":{"allow":["GET"]}}],"collection":[{"href":"https:\/\/www.hasicibystre.cz\/index.php?rest_route=\/wp\/v2\/pages"}],"about":[{"href":"https:\/\/www.hasicibystre.cz\/index.php?rest_route=\/wp\/v2\/types\/page"}],"author":[{"embeddable":true,"href":"https:\/\/www.hasicibystre.cz\/index.php?rest_route=\/wp\/v2\/users\/2"}],"replies":[{"embeddable":true,"href":"https:\/\/www.hasicibystre.cz\/index.php?rest_route=%2Fwp%2Fv2%2Fcomments&post=1742"}],"version-history":[{"count":3,"href":"https:\/\/www.hasicibystre.cz\/index.php?rest_route=\/wp\/v2\/pages\/1742\/revisions"}],"predecessor-version":[{"id":1745,"href":"https:\/\/www.hasicibystre.cz\/index.php?rest_route=\/wp\/v2\/pages\/1742\/revisions\/1745"}],"up":[{"embeddable":true,"href":"https:\/\/www.hasicibystre.cz\/index.php?rest_route=\/wp\/v2\/pages\/90"}],"wp:attachment":[{"href":"https:\/\/www.hasicibystre.cz\/index.php?rest_route=%2Fwp%2Fv2%2Fmedia&parent=1742"}],"curies":[{"name":"wp","href":"https:\/\/api.w.org\/{rel}","templated":true}]}}