{"id":2,"date":"2017-08-24T22:30:57","date_gmt":"2017-08-24T20:30:57","guid":{"rendered":"http:\/\/uvdb17.active24.cz:15080\/wp\/wp472\/?page_id=2"},"modified":"2022-12-28T21:46:35","modified_gmt":"2022-12-28T20:46:35","slug":"zkusebni-stranka","status":"publish","type":"page","link":"https:\/\/www.hasicibystre.cz\/","title":{"rendered":""},"content":{"rendered":"<p><img data-recalc-dims=\"1\" loading=\"lazy\" decoding=\"async\" class=\"size-full wp-image-614 aligncenter\" src=\"https:\/\/i0.wp.com\/www.hasicibystre.cz\/wp-content\/uploads\/2018\/07\/nov%C3%BD-znak-sboru-2.gif?resize=190%2C252\" alt=\"\" width=\"190\" height=\"252\" \/><\/p>\n<h1 style=\"text-align: center;\"><em><strong><span style=\"font-family: 'comic sans ms', sans-serif;\">Zalo\u017een roku 1886<\/span><\/strong><\/em><\/h1>\n<p align=\"center\">*<\/p>\n<p align=\"center\"><img data-recalc-dims=\"1\" loading=\"lazy\" decoding=\"async\" class=\" wp-image-3239 alignnone\" src=\"https:\/\/i0.wp.com\/www.hasicibystre.cz\/wp-content\/uploads\/2022\/12\/pozvanka-na-vyrocku.jpg?resize=481%2C284\" alt=\"\" width=\"481\" height=\"284\" srcset=\"https:\/\/i0.wp.com\/www.hasicibystre.cz\/wp-content\/uploads\/2022\/12\/pozvanka-na-vyrocku.jpg?resize=300%2C177&amp;ssl=1 300w, https:\/\/i0.wp.com\/www.hasicibystre.cz\/wp-content\/uploads\/2022\/12\/pozvanka-na-vyrocku.jpg?resize=768%2C454&amp;ssl=1 768w, https:\/\/i0.wp.com\/www.hasicibystre.cz\/wp-content\/uploads\/2022\/12\/pozvanka-na-vyrocku.jpg?resize=580%2C342&amp;ssl=1 580w, https:\/\/i0.wp.com\/www.hasicibystre.cz\/wp-content\/uploads\/2022\/12\/pozvanka-na-vyrocku.jpg?w=1011&amp;ssl=1 1011w\" sizes=\"auto, (max-width: 481px) 100vw, 481px\" \/><\/p>\n<p align=\"center\">*<\/p>\n<p style=\"text-align: center;\">\u010clensk\u00e9 p\u0159\u00edsp\u011bvky pro rok 2023 <span style=\"background-color: #ff0000; font-size: 14pt;\"><strong>ve v\u00fd\u0161i 200&nbsp;K\u010d za \u010dlena<\/strong><\/span> m\u016f\u017eete uhradit tak\u00e9 p\u0159evodem na \u00fa\u010det sboru 164283414\/0300. Do zpr\u00e1vy pro p\u0159\u00edjemce pros\u00edm vlo\u017ete Va\u0161e jm\u00e9no nebo jm\u00e9no d\u00edt\u011bte.<\/p>\n<p style=\"text-align: center;\">*<\/p>\n<p align=\"center\">Sbor po\u0159\u00eddil pro svoji z\u00e1sahovou \u010dinnost plovouc\u00ed \u010derpadlo Poseidon 2 BS od firmy Pavli\u0161 a Hartman<\/p>\n<p align=\"center\"><img data-recalc-dims=\"1\" decoding=\"async\" class=\"n3VNCb KAlRDb\" src=\"https:\/\/i0.wp.com\/www.nevrela.com\/wp-content\/uploads\/2020\/02\/plovouc%C3%AD-%C4%8Derpadlo-PH-Poseidon-2-BS-front.jpg?w=580&#038;ssl=1\" alt=\"Plovouc\u00ed \u010derpadlo PH - Poseidon 2 BS - Prodej a servis hasi\u010dsk\u00e9 techniky\" data-noaft=\"1\" \/><\/p>\n<p align=\"center\">Na po\u0159\u00edzen\u00ed \u010derpadla p\u0159isp\u011bla \u010d\u00e1stkou 30&nbsp;000 korun Nadace Agrofert<\/p>\n<p align=\"center\"><img data-recalc-dims=\"1\" loading=\"lazy\" decoding=\"async\" class=\"size-medium wp-image-773 aligncenter\" src=\"https:\/\/i0.wp.com\/www.hasicibystre.cz\/wp-content\/uploads\/2018\/07\/nadace-agrofert-logo-2.jpg?resize=300%2C84\" alt=\"\" width=\"300\" height=\"84\" srcset=\"https:\/\/i0.wp.com\/www.hasicibystre.cz\/wp-content\/uploads\/2018\/07\/nadace-agrofert-logo-2.jpg?resize=300%2C84&amp;ssl=1 300w, https:\/\/i0.wp.com\/www.hasicibystre.cz\/wp-content\/uploads\/2018\/07\/nadace-agrofert-logo-2.jpg?w=444&amp;ssl=1 444w\" sizes=\"auto, (max-width: 300px) 100vw, 300px\" \/><\/p>\n<p align=\"center\">*<\/p>\n<p align=\"center\"><img decoding=\"async\" class=\"rg_ic rg_i\" src=\"https:\/\/encrypted-tbn0.gstatic.com\/images?q=tbn:ANd9GcRebHKyTxR0g_4FrAbKIPba_gqduVQPQVxkEllicF2y0CbA1CPhlg\" alt=\"V\u00fdsledek obr\u00e1zku pro dobrovoln\u00ed hasi\u010di roku\" data-src=\"https:\/\/encrypted-tbn0.gstatic.com\/images?q=tbn:ANd9GcRebHKyTxR0g_4FrAbKIPba_gqduVQPQVxkEllicF2y0CbA1CPhlg\" \/><\/p>\n<p align=\"center\"><span style=\"font-size: 14pt;\">Sbor se um\u00edstil na 2.&nbsp;m\u00edst\u011b v&nbsp;anket\u011b Dobrovoln\u00ed hasi\u010di roku 2018 v&nbsp;kategorii SDH &#8211; V\u00fdchod \u010cech.<br \/>\n<\/span><\/p>\n<p align=\"center\">*<\/p>\n<p align=\"center\"><span lang=\"en\">\u00a9 Michal Dus\u00edlek, SDH Bystr\u00e9 v&nbsp;Orlick\u00fdch hor\u00e1ch<\/span><\/p>\n<div><\/div>\n<div><\/div>\n","protected":false},"excerpt":{"rendered":"<p>Zalo\u017een roku 1886 * * \u010clensk\u00e9 p\u0159\u00edsp\u011bvky pro rok 2023 ve v\u00fd\u0161i 200&nbsp;K\u010d za \u010dlena m\u016f\u017eete uhradit tak\u00e9 p\u0159evodem na \u00fa\u010det sboru 164283414\/0300. Do zpr\u00e1vy pro p\u0159\u00edjemce pros\u00edm vlo\u017ete Va\u0161e jm\u00e9no nebo jm\u00e9no d\u00edt\u011bte. * Sbor po\u0159\u00eddil pro svoji z\u00e1sahovou \u010dinnost plovouc\u00ed \u010derpadlo Poseidon 2 BS od firmy Pavli\u0161 a Hartman Na po\u0159\u00edzen\u00ed \u010derpadla p\u0159isp\u011bla [&hellip;]<\/p>\n","protected":false},"author":2,"featured_media":0,"parent":0,"menu_order":0,"comment_status":"closed","ping_status":"open","template":"","meta":{"footnotes":""},"class_list":["post-2","page","type-page","status-publish","hentry"],"aioseo_notices":[],"jetpack_sharing_enabled":true,"jetpack_likes_enabled":true,"_links":{"self":[{"href":"https:\/\/www.hasicibystre.cz\/index.php?rest_route=\/wp\/v2\/pages\/2","targetHints":{"allow":["GET"]}}],"collection":[{"href":"https:\/\/www.hasicibystre.cz\/index.php?rest_route=\/wp\/v2\/pages"}],"about":[{"href":"https:\/\/www.hasicibystre.cz\/index.php?rest_route=\/wp\/v2\/types\/page"}],"author":[{"embeddable":true,"href":"https:\/\/www.hasicibystre.cz\/index.php?rest_route=\/wp\/v2\/users\/2"}],"replies":[{"embeddable":true,"href":"https:\/\/www.hasicibystre.cz\/index.php?rest_route=%2Fwp%2Fv2%2Fcomments&post=2"}],"version-history":[{"count":42,"href":"https:\/\/www.hasicibystre.cz\/index.php?rest_route=\/wp\/v2\/pages\/2\/revisions"}],"predecessor-version":[{"id":3240,"href":"https:\/\/www.hasicibystre.cz\/index.php?rest_route=\/wp\/v2\/pages\/2\/revisions\/3240"}],"wp:attachment":[{"href":"https:\/\/www.hasicibystre.cz\/index.php?rest_route=%2Fwp%2Fv2%2Fmedia&parent=2"}],"curies":[{"name":"wp","href":"https:\/\/api.w.org\/{rel}","templated":true}]}}