{"id":283,"date":"2018-07-18T18:31:29","date_gmt":"2018-07-18T16:31:29","guid":{"rendered":"http:\/\/www.hasicibystre.cz\/?page_id=283"},"modified":"2018-07-27T11:08:43","modified_gmt":"2018-07-27T09:08:43","slug":"1890-2","status":"publish","type":"page","link":"https:\/\/www.hasicibystre.cz\/?page_id=283","title":{"rendered":"1890"},"content":{"rendered":"<p style=\"text-align: justify;\">Hnedle po n\u00e1vratu z&nbsp;ve\u0159ejn\u00e9ho sjezdu sepsk\u00e9ho spolku po\u0159\u00e1dan\u00e9ho v&nbsp;srpnu v&nbsp;Ohni\u0161ov\u011b likvidovali hasi\u010di po\u017e\u00e1r v&nbsp;Nov\u00e9m Hr\u00e1dku, v&nbsp;prosinci potom po\u017e\u00e1r ve Sn\u011b\u017en\u00e9m u Hartman\u016f.<\/p>\n","protected":false},"excerpt":{"rendered":"<p>Hnedle po n\u00e1vratu z&nbsp;ve\u0159ejn\u00e9ho sjezdu sepsk\u00e9ho spolku po\u0159\u00e1dan\u00e9ho v&nbsp;srpnu v&nbsp;Ohni\u0161ov\u011b likvidovali hasi\u010di po\u017e\u00e1r v&nbsp;Nov\u00e9m Hr\u00e1dku, v&nbsp;prosinci potom po\u017e\u00e1r ve Sn\u011b\u017en\u00e9m u Hartman\u016f.<\/p>\n","protected":false},"author":2,"featured_media":0,"parent":90,"menu_order":0,"comment_status":"closed","ping_status":"closed","template":"","meta":{"footnotes":""},"class_list":["post-283","page","type-page","status-publish","hentry"],"aioseo_notices":[],"jetpack_sharing_enabled":true,"jetpack_likes_enabled":true,"_links":{"self":[{"href":"https:\/\/www.hasicibystre.cz\/index.php?rest_route=\/wp\/v2\/pages\/283","targetHints":{"allow":["GET"]}}],"collection":[{"href":"https:\/\/www.hasicibystre.cz\/index.php?rest_route=\/wp\/v2\/pages"}],"about":[{"href":"https:\/\/www.hasicibystre.cz\/index.php?rest_route=\/wp\/v2\/types\/page"}],"author":[{"embeddable":true,"href":"https:\/\/www.hasicibystre.cz\/index.php?rest_route=\/wp\/v2\/users\/2"}],"replies":[{"embeddable":true,"href":"https:\/\/www.hasicibystre.cz\/index.php?rest_route=%2Fwp%2Fv2%2Fcomments&post=283"}],"version-history":[{"count":3,"href":"https:\/\/www.hasicibystre.cz\/index.php?rest_route=\/wp\/v2\/pages\/283\/revisions"}],"predecessor-version":[{"id":780,"href":"https:\/\/www.hasicibystre.cz\/index.php?rest_route=\/wp\/v2\/pages\/283\/revisions\/780"}],"up":[{"embeddable":true,"href":"https:\/\/www.hasicibystre.cz\/index.php?rest_route=\/wp\/v2\/pages\/90"}],"wp:attachment":[{"href":"https:\/\/www.hasicibystre.cz\/index.php?rest_route=%2Fwp%2Fv2%2Fmedia&parent=283"}],"curies":[{"name":"wp","href":"https:\/\/api.w.org\/{rel}","templated":true}]}}