{"id":287,"date":"2018-07-18T18:32:21","date_gmt":"2018-07-18T16:32:21","guid":{"rendered":"http:\/\/www.hasicibystre.cz\/?page_id=287"},"modified":"2018-07-27T11:10:31","modified_gmt":"2018-07-27T09:10:31","slug":"1892-2","status":"publish","type":"page","link":"https:\/\/www.hasicibystre.cz\/?page_id=287","title":{"rendered":"1892"},"content":{"rendered":"<p style=\"text-align: justify;\">Mno\u017estv\u00edm v\u00fdjezd\u016f k&nbsp;po\u017e\u00e1r\u016fm se vyzna\u010doval i tento rok. Ml\u00fdn u Novotn\u00fdch v&nbsp;Sedlo\u0148ov\u011b ho\u0159el v&nbsp;dubnu. V&nbsp;kv\u011btnu vznikl po\u017e\u00e1r u \u010cejp\u016f v&nbsp;Bohda\u0161\u00edn\u011b, v&nbsp;\u010dervnu u Balcar\u016f v&nbsp;Tisu a dva dny potom u F. \u010cern\u00e9ho na Rzech. Chl\u00e9vy u usedlosti Ryndov\u00fdch vyho\u0159ely v&nbsp;\u010dervenci ve Sn\u011b\u017en\u00e9m.<\/p>\n<p style=\"text-align: justify;\">Hasi\u010dsk\u00fd sjezd byl po\u0159\u00e1d\u00e1n v&nbsp;Dobru\u0161ce.<\/p>\n","protected":false},"excerpt":{"rendered":"<p>Mno\u017estv\u00edm v\u00fdjezd\u016f k&nbsp;po\u017e\u00e1r\u016fm se vyzna\u010doval i tento rok. Ml\u00fdn u Novotn\u00fdch v&nbsp;Sedlo\u0148ov\u011b ho\u0159el v&nbsp;dubnu. V&nbsp;kv\u011btnu vznikl po\u017e\u00e1r u \u010cejp\u016f v&nbsp;Bohda\u0161\u00edn\u011b, v&nbsp;\u010dervnu u Balcar\u016f v&nbsp;Tisu a dva dny potom u F. \u010cern\u00e9ho na Rzech. Chl\u00e9vy u usedlosti Ryndov\u00fdch vyho\u0159ely v&nbsp;\u010dervenci ve Sn\u011b\u017en\u00e9m. Hasi\u010dsk\u00fd sjezd byl po\u0159\u00e1d\u00e1n v&nbsp;Dobru\u0161ce.<\/p>\n","protected":false},"author":2,"featured_media":0,"parent":90,"menu_order":0,"comment_status":"closed","ping_status":"closed","template":"","meta":{"footnotes":""},"class_list":["post-287","page","type-page","status-publish","hentry"],"aioseo_notices":[],"jetpack_sharing_enabled":true,"jetpack_likes_enabled":true,"_links":{"self":[{"href":"https:\/\/www.hasicibystre.cz\/index.php?rest_route=\/wp\/v2\/pages\/287","targetHints":{"allow":["GET"]}}],"collection":[{"href":"https:\/\/www.hasicibystre.cz\/index.php?rest_route=\/wp\/v2\/pages"}],"about":[{"href":"https:\/\/www.hasicibystre.cz\/index.php?rest_route=\/wp\/v2\/types\/page"}],"author":[{"embeddable":true,"href":"https:\/\/www.hasicibystre.cz\/index.php?rest_route=\/wp\/v2\/users\/2"}],"replies":[{"embeddable":true,"href":"https:\/\/www.hasicibystre.cz\/index.php?rest_route=%2Fwp%2Fv2%2Fcomments&post=287"}],"version-history":[{"count":3,"href":"https:\/\/www.hasicibystre.cz\/index.php?rest_route=\/wp\/v2\/pages\/287\/revisions"}],"predecessor-version":[{"id":782,"href":"https:\/\/www.hasicibystre.cz\/index.php?rest_route=\/wp\/v2\/pages\/287\/revisions\/782"}],"up":[{"embeddable":true,"href":"https:\/\/www.hasicibystre.cz\/index.php?rest_route=\/wp\/v2\/pages\/90"}],"wp:attachment":[{"href":"https:\/\/www.hasicibystre.cz\/index.php?rest_route=%2Fwp%2Fv2%2Fmedia&parent=287"}],"curies":[{"name":"wp","href":"https:\/\/api.w.org\/{rel}","templated":true}]}}