{"id":289,"date":"2018-07-18T18:33:01","date_gmt":"2018-07-18T16:33:01","guid":{"rendered":"http:\/\/www.hasicibystre.cz\/?page_id=289"},"modified":"2018-07-27T11:11:12","modified_gmt":"2018-07-27T09:11:12","slug":"1893-2","status":"publish","type":"page","link":"https:\/\/www.hasicibystre.cz\/?page_id=289","title":{"rendered":"1893"},"content":{"rendered":"<p style=\"text-align: justify;\">Pam\u011btn\u00ed kniha tohoto roku zaznamen\u00e1v\u00e1 \u00fa\u010dast na sjezdu ve Sn\u011b\u017en\u00e9m, n\u00e1v\u0161t\u011bvu c\u00edrkevn\u00edch slavnost\u00ed a smute\u010dn\u00edch rozlou\u010den\u00ed se \u010dleny sboru.<\/p>\n","protected":false},"excerpt":{"rendered":"<p>Pam\u011btn\u00ed kniha tohoto roku zaznamen\u00e1v\u00e1 \u00fa\u010dast na sjezdu ve Sn\u011b\u017en\u00e9m, n\u00e1v\u0161t\u011bvu c\u00edrkevn\u00edch slavnost\u00ed a smute\u010dn\u00edch rozlou\u010den\u00ed se \u010dleny sboru.<\/p>\n","protected":false},"author":2,"featured_media":0,"parent":90,"menu_order":0,"comment_status":"closed","ping_status":"closed","template":"","meta":{"footnotes":""},"class_list":["post-289","page","type-page","status-publish","hentry"],"aioseo_notices":[],"jetpack_sharing_enabled":true,"jetpack_likes_enabled":true,"_links":{"self":[{"href":"https:\/\/www.hasicibystre.cz\/index.php?rest_route=\/wp\/v2\/pages\/289","targetHints":{"allow":["GET"]}}],"collection":[{"href":"https:\/\/www.hasicibystre.cz\/index.php?rest_route=\/wp\/v2\/pages"}],"about":[{"href":"https:\/\/www.hasicibystre.cz\/index.php?rest_route=\/wp\/v2\/types\/page"}],"author":[{"embeddable":true,"href":"https:\/\/www.hasicibystre.cz\/index.php?rest_route=\/wp\/v2\/users\/2"}],"replies":[{"embeddable":true,"href":"https:\/\/www.hasicibystre.cz\/index.php?rest_route=%2Fwp%2Fv2%2Fcomments&post=289"}],"version-history":[{"count":3,"href":"https:\/\/www.hasicibystre.cz\/index.php?rest_route=\/wp\/v2\/pages\/289\/revisions"}],"predecessor-version":[{"id":783,"href":"https:\/\/www.hasicibystre.cz\/index.php?rest_route=\/wp\/v2\/pages\/289\/revisions\/783"}],"up":[{"embeddable":true,"href":"https:\/\/www.hasicibystre.cz\/index.php?rest_route=\/wp\/v2\/pages\/90"}],"wp:attachment":[{"href":"https:\/\/www.hasicibystre.cz\/index.php?rest_route=%2Fwp%2Fv2%2Fmedia&parent=289"}],"curies":[{"name":"wp","href":"https:\/\/api.w.org\/{rel}","templated":true}]}}