{"id":329,"date":"2018-07-18T18:47:07","date_gmt":"2018-07-18T16:47:07","guid":{"rendered":"http:\/\/www.hasicibystre.cz\/?page_id=329"},"modified":"2018-07-27T11:34:46","modified_gmt":"2018-07-27T09:34:46","slug":"1974-2","status":"publish","type":"page","link":"https:\/\/www.hasicibystre.cz\/?page_id=329","title":{"rendered":"1974"},"content":{"rendered":"<p style=\"text-align: justify;\">V tomto roce bylo ve sboru organizov\u00e1no 68 \u010dlen\u016f, z&nbsp;toho 13 \u017een. P\u0159i preventivn\u00edch prohl\u00eddk\u00e1ch bylo shl\u00e9dnuto 82 obytn\u00fdch dom\u016f a 15 provozoven nebo ve\u0159ejn\u00fdch m\u00edstnost\u00ed. V&nbsp;obci byla uspo\u0159\u00e1d\u00e1na 3 n\u00e1m\u011btov\u00e1 cvi\u010den\u00ed, okrskov\u00e9 prob\u011bhlo v&nbsp;Kounov\u011b na objekt JZD a v&nbsp;Nedv\u011bz\u00ed. Sbor po\u0159\u00e1dal ples, oslavu MD\u017d pro \u010dlenky sboru a 3 tane\u010dn\u00ed z\u00e1bavy. Po\u017e\u00e1rn\u00edch hl\u00eddek na autokrosu v&nbsp;Dob\u0159anech se \u00fa\u010dastn\u00ed n\u011bkolik \u010dlen\u016f sboru. V&nbsp;akc\u00edch Z&nbsp;je odpracov\u00e1no 930 hodin.<\/p>\n<p style=\"text-align: justify;\">Veden\u00ed ml\u00e1de\u017ee se uj\u00edm\u00e1 Gerlinda Povoln\u00e1 a s&nbsp;mlad\u00fdmi po\u017e\u00e1rn\u00edky se \u00fa\u010dastn\u00ed sout\u011b\u017e\u00ed PLAMEN v&nbsp;okresn\u00edm a krajsk\u00e9m kole v&nbsp;\u010castolovic\u00edch a Kostelci n. O. . Dru\u017estvo mu\u017e\u016f, \u017een a star\u0161\u00edch mu\u017e\u016f se \u00fa\u010dastn\u00ed CSPD meziokrskov\u00e9 v&nbsp;Dobr\u00e9m a Okresn\u00ed v&nbsp;\u010castolovic\u00edch.<\/p>\n<p style=\"text-align: justify;\">Sbor se \u00fa\u010dastn\u00ed v\u00fdstavy po\u017e\u00e1rn\u00ed techniky v&nbsp;Dobru\u0161ce s&nbsp;automobiln\u00ed st\u0159\u00edka\u010dkou. V&nbsp;sout\u011b\u017ei o nejlep\u0161\u00ed ZO SPO v&nbsp;okrese se organizace um\u00edstila na 4.&nbsp;m\u00edst\u011b a z\u00edskala odm\u011bnu 800 korun.<\/p>\n<p style=\"text-align: justify;\">Zem\u0159el Josef Mach, kter\u00fd byl 38 let \u010dlenem sboru.<\/p>\n","protected":false},"excerpt":{"rendered":"<p>V tomto roce bylo ve sboru organizov\u00e1no 68 \u010dlen\u016f, z&nbsp;toho 13 \u017een. P\u0159i preventivn\u00edch prohl\u00eddk\u00e1ch bylo shl\u00e9dnuto 82 obytn\u00fdch dom\u016f a 15 provozoven nebo ve\u0159ejn\u00fdch m\u00edstnost\u00ed. V&nbsp;obci byla uspo\u0159\u00e1d\u00e1na 3 n\u00e1m\u011btov\u00e1 cvi\u010den\u00ed, okrskov\u00e9 prob\u011bhlo v&nbsp;Kounov\u011b na objekt JZD a v&nbsp;Nedv\u011bz\u00ed. Sbor po\u0159\u00e1dal ples, oslavu MD\u017d pro \u010dlenky sboru a 3 tane\u010dn\u00ed z\u00e1bavy. Po\u017e\u00e1rn\u00edch hl\u00eddek na [&hellip;]<\/p>\n","protected":false},"author":2,"featured_media":0,"parent":90,"menu_order":0,"comment_status":"closed","ping_status":"closed","template":"","meta":{"footnotes":""},"class_list":["post-329","page","type-page","status-publish","hentry"],"aioseo_notices":[],"jetpack_sharing_enabled":true,"jetpack_likes_enabled":true,"_links":{"self":[{"href":"https:\/\/www.hasicibystre.cz\/index.php?rest_route=\/wp\/v2\/pages\/329","targetHints":{"allow":["GET"]}}],"collection":[{"href":"https:\/\/www.hasicibystre.cz\/index.php?rest_route=\/wp\/v2\/pages"}],"about":[{"href":"https:\/\/www.hasicibystre.cz\/index.php?rest_route=\/wp\/v2\/types\/page"}],"author":[{"embeddable":true,"href":"https:\/\/www.hasicibystre.cz\/index.php?rest_route=\/wp\/v2\/users\/2"}],"replies":[{"embeddable":true,"href":"https:\/\/www.hasicibystre.cz\/index.php?rest_route=%2Fwp%2Fv2%2Fcomments&post=329"}],"version-history":[{"count":3,"href":"https:\/\/www.hasicibystre.cz\/index.php?rest_route=\/wp\/v2\/pages\/329\/revisions"}],"predecessor-version":[{"id":806,"href":"https:\/\/www.hasicibystre.cz\/index.php?rest_route=\/wp\/v2\/pages\/329\/revisions\/806"}],"up":[{"embeddable":true,"href":"https:\/\/www.hasicibystre.cz\/index.php?rest_route=\/wp\/v2\/pages\/90"}],"wp:attachment":[{"href":"https:\/\/www.hasicibystre.cz\/index.php?rest_route=%2Fwp%2Fv2%2Fmedia&parent=329"}],"curies":[{"name":"wp","href":"https:\/\/api.w.org\/{rel}","templated":true}]}}