{"id":345,"date":"2018-07-18T18:51:54","date_gmt":"2018-07-18T16:51:54","guid":{"rendered":"http:\/\/www.hasicibystre.cz\/?page_id=345"},"modified":"2018-07-27T11:41:04","modified_gmt":"2018-07-27T09:41:04","slug":"1981-2","status":"publish","type":"page","link":"https:\/\/www.hasicibystre.cz\/?page_id=345","title":{"rendered":"1981"},"content":{"rendered":"<p style=\"text-align: justify;\">Organizace zaji\u0161\u0165uje v&nbsp;76 obytn\u00fdch budov\u00e1ch a 6 provozovn\u00e1ch preventivn\u00ed prohl\u00eddky a prov\u00e1d\u00ed p\u0159edn\u00e1\u0161ku o po\u017e\u00e1rn\u00ed prevenci v&nbsp;obci, zaji\u0161\u0165uje po\u017e\u00e1rn\u00ed \u010d\u00e1st \u0161kolen\u00ed civiln\u00ed obrany a \u00fa\u010dastn\u00ed se po\u017e\u00e1rn\u00edch hl\u00eddek na autokrosu. V&nbsp;r\u00e1mci v\u00fdcviku uskute\u010d\u0148uje dv\u011b n\u00e1m\u011btov\u00e1 cvi\u010den\u00ed v&nbsp;obci, \u00fa\u010dastn\u00ed se okrskov\u00e9ho cvi\u010den\u00ed v&nbsp;Sedlo\u0148ov\u011b, prov\u00e1d\u00ed \u0161kolen\u00ed v\u00fdcvikov\u00e9ho roku a pravideln\u011b se \u00fa\u010dastn\u00ed okrskov\u00fdch porad. P\u0159i SPD v&nbsp;De\u0161tn\u00e9m v&nbsp;O. h. obsazuje dru\u017estvo mu\u017e\u016f 2.&nbsp;m\u00edsto v&nbsp;okrsku.<\/p>\n<p style=\"text-align: justify;\">Sout\u011b\u017ee PLAMEN 81 se \u00fa\u010dastn\u00ed mlad\u00ed po\u017e\u00e1rn\u00edci ve Zdelov\u011b. \u010clenov\u00e9 organizace prov\u00e1d\u00ed ze zakoupen\u00e9ho star\u00e9ho sto\u017e\u00e1ru vysok\u00e9ho nap\u011bt\u00ed rekonstrukci na su\u0161\u00e1k hadic, kter\u00fd zbudovali za po\u017e\u00e1rn\u00ed zbrojnic\u00ed a maluj\u00ed st\u011bny sv\u00e9 klubovny.<\/p>\n<p style=\"text-align: justify;\">T\u00edmto p\u0159isp\u00edvaj\u00ed i ke spln\u011bn\u00ed sv\u00e9ho z\u00e1vazku, p\u0159i jeho\u017e pln\u011bn\u00ed su\u0161\u00ed 18q sena, odv\u00e1d\u00ed 32 q \u017eelezn\u00e9ho \u0161rotu a 180&nbsp;kg pap\u00edru a odpracov\u00e1vaj\u00ed 287 hodin p\u0159i prac\u00edch MNV v&nbsp;obci.<\/p>\n<p style=\"text-align: justify;\">Zem\u0159el V\u00e1clav Net\u00edk, \u010dlenem sboru byl 51 rok\u016f.<\/p>\n","protected":false},"excerpt":{"rendered":"<p>Organizace zaji\u0161\u0165uje v&nbsp;76 obytn\u00fdch budov\u00e1ch a 6 provozovn\u00e1ch preventivn\u00ed prohl\u00eddky a prov\u00e1d\u00ed p\u0159edn\u00e1\u0161ku o po\u017e\u00e1rn\u00ed prevenci v&nbsp;obci, zaji\u0161\u0165uje po\u017e\u00e1rn\u00ed \u010d\u00e1st \u0161kolen\u00ed civiln\u00ed obrany a \u00fa\u010dastn\u00ed se po\u017e\u00e1rn\u00edch hl\u00eddek na autokrosu. V&nbsp;r\u00e1mci v\u00fdcviku uskute\u010d\u0148uje dv\u011b n\u00e1m\u011btov\u00e1 cvi\u010den\u00ed v&nbsp;obci, \u00fa\u010dastn\u00ed se okrskov\u00e9ho cvi\u010den\u00ed v&nbsp;Sedlo\u0148ov\u011b, prov\u00e1d\u00ed \u0161kolen\u00ed v\u00fdcvikov\u00e9ho roku a pravideln\u011b se \u00fa\u010dastn\u00ed okrskov\u00fdch porad. P\u0159i SPD v&nbsp;De\u0161tn\u00e9m [&hellip;]<\/p>\n","protected":false},"author":2,"featured_media":0,"parent":90,"menu_order":0,"comment_status":"closed","ping_status":"closed","template":"","meta":{"footnotes":""},"class_list":["post-345","page","type-page","status-publish","hentry"],"aioseo_notices":[],"jetpack_sharing_enabled":true,"jetpack_likes_enabled":true,"_links":{"self":[{"href":"https:\/\/www.hasicibystre.cz\/index.php?rest_route=\/wp\/v2\/pages\/345","targetHints":{"allow":["GET"]}}],"collection":[{"href":"https:\/\/www.hasicibystre.cz\/index.php?rest_route=\/wp\/v2\/pages"}],"about":[{"href":"https:\/\/www.hasicibystre.cz\/index.php?rest_route=\/wp\/v2\/types\/page"}],"author":[{"embeddable":true,"href":"https:\/\/www.hasicibystre.cz\/index.php?rest_route=\/wp\/v2\/users\/2"}],"replies":[{"embeddable":true,"href":"https:\/\/www.hasicibystre.cz\/index.php?rest_route=%2Fwp%2Fv2%2Fcomments&post=345"}],"version-history":[{"count":3,"href":"https:\/\/www.hasicibystre.cz\/index.php?rest_route=\/wp\/v2\/pages\/345\/revisions"}],"predecessor-version":[{"id":813,"href":"https:\/\/www.hasicibystre.cz\/index.php?rest_route=\/wp\/v2\/pages\/345\/revisions\/813"}],"up":[{"embeddable":true,"href":"https:\/\/www.hasicibystre.cz\/index.php?rest_route=\/wp\/v2\/pages\/90"}],"wp:attachment":[{"href":"https:\/\/www.hasicibystre.cz\/index.php?rest_route=%2Fwp%2Fv2%2Fmedia&parent=345"}],"curies":[{"name":"wp","href":"https:\/\/api.w.org\/{rel}","templated":true}]}}