{"id":347,"date":"2018-07-18T18:52:24","date_gmt":"2018-07-18T16:52:24","guid":{"rendered":"http:\/\/www.hasicibystre.cz\/?page_id=347"},"modified":"2018-07-27T11:41:46","modified_gmt":"2018-07-27T09:41:46","slug":"1982-2","status":"publish","type":"page","link":"https:\/\/www.hasicibystre.cz\/?page_id=347","title":{"rendered":"1982"},"content":{"rendered":"<p style=\"text-align: justify;\">\u010clen\u016f organizace v&nbsp;tomto roce je 43, z&nbsp;toho 6 \u017een. Prohl\u00eddky prevence jsou zaji\u0161\u0165ov\u00e1ny ve 101 obytn\u00fdch budov\u00e1ch a chat\u00e1ch a jedn\u00e9 provozovn\u011b, p\u0159i celkov\u00fdch zji\u0161t\u011bn\u00fdch 16 z\u00e1vad\u00e1ch men\u0161\u00edho r\u00e1zu. Organizace prov\u00e1d\u00ed \u0161kolen\u00ed v\u00fdcvikov\u00e9ho roku, organizuje 2 n\u00e1m\u011btov\u00e1 cvi\u010den\u00ed v&nbsp;obci, \u00fa\u010dastn\u00ed se po\u017e\u00e1rn\u00edho dozoru p\u0159i autokrosu a v&nbsp;z\u00e1v\u011bru roku organizuje okrskovou poradu v&nbsp;obci na koupali\u0161ti spojenou s&nbsp;op\u00e9k\u00e1n\u00edm berana na ro\u017eni.<\/p>\n<p style=\"text-align: justify;\">Okrskov\u00e9 sout\u011b\u017ee se \u00fa\u010dastn\u00ed dru\u017estvo mu\u017e\u016f v&nbsp;Dob\u0159anech, obsazuje 2.&nbsp;m\u00edsto a postupuje do okresn\u00edho kola po\u0159\u00e1dan\u00e9ho v&nbsp;Dobru\u0161ce. Zde se mu v\u0161ak po rozpojen\u00ed hadic p\u0159i po\u017e\u00e1rn\u00edm \u00fatoku neda\u0159\u00ed a obsazuje tak 8.&nbsp;m\u00edsto v&nbsp;polovin\u011b startuj\u00edc\u00edch dru\u017estev. PLAMENu 82 se na\u0161i mlad\u00ed po\u017e\u00e1rn\u00edci \u00fa\u010dastn\u00ed v&nbsp;bran\u00e9m z\u00e1vod\u011b a kvizu na Ch\u00e1bor\u00e1ch.<\/p>\n<p style=\"text-align: justify;\">Sv\u016fj z\u00e1vazek pln\u00edme odpracov\u00e1n\u00edm 418 hodin na pomoc v&nbsp;akc\u00edch MNV, usu\u0161en\u00edm a odevzd\u00e1n\u00edm 45q sena, sebr\u00e1n\u00edm 55, 5 q \u0161rotu, 320&nbsp;kg pap\u00edru a p\u0159i prac\u00edch na vy\u010di\u0161t\u011bn\u00ed koupali\u0161t\u011b.<\/p>\n","protected":false},"excerpt":{"rendered":"<p>\u010clen\u016f organizace v&nbsp;tomto roce je 43, z&nbsp;toho 6 \u017een. Prohl\u00eddky prevence jsou zaji\u0161\u0165ov\u00e1ny ve 101 obytn\u00fdch budov\u00e1ch a chat\u00e1ch a jedn\u00e9 provozovn\u011b, p\u0159i celkov\u00fdch zji\u0161t\u011bn\u00fdch 16 z\u00e1vad\u00e1ch men\u0161\u00edho r\u00e1zu. Organizace prov\u00e1d\u00ed \u0161kolen\u00ed v\u00fdcvikov\u00e9ho roku, organizuje 2 n\u00e1m\u011btov\u00e1 cvi\u010den\u00ed v&nbsp;obci, \u00fa\u010dastn\u00ed se po\u017e\u00e1rn\u00edho dozoru p\u0159i autokrosu a v&nbsp;z\u00e1v\u011bru roku organizuje okrskovou poradu v&nbsp;obci na koupali\u0161ti spojenou [&hellip;]<\/p>\n","protected":false},"author":2,"featured_media":0,"parent":90,"menu_order":0,"comment_status":"closed","ping_status":"closed","template":"","meta":{"footnotes":""},"class_list":["post-347","page","type-page","status-publish","hentry"],"aioseo_notices":[],"jetpack_sharing_enabled":true,"jetpack_likes_enabled":true,"_links":{"self":[{"href":"https:\/\/www.hasicibystre.cz\/index.php?rest_route=\/wp\/v2\/pages\/347","targetHints":{"allow":["GET"]}}],"collection":[{"href":"https:\/\/www.hasicibystre.cz\/index.php?rest_route=\/wp\/v2\/pages"}],"about":[{"href":"https:\/\/www.hasicibystre.cz\/index.php?rest_route=\/wp\/v2\/types\/page"}],"author":[{"embeddable":true,"href":"https:\/\/www.hasicibystre.cz\/index.php?rest_route=\/wp\/v2\/users\/2"}],"replies":[{"embeddable":true,"href":"https:\/\/www.hasicibystre.cz\/index.php?rest_route=%2Fwp%2Fv2%2Fcomments&post=347"}],"version-history":[{"count":3,"href":"https:\/\/www.hasicibystre.cz\/index.php?rest_route=\/wp\/v2\/pages\/347\/revisions"}],"predecessor-version":[{"id":814,"href":"https:\/\/www.hasicibystre.cz\/index.php?rest_route=\/wp\/v2\/pages\/347\/revisions\/814"}],"up":[{"embeddable":true,"href":"https:\/\/www.hasicibystre.cz\/index.php?rest_route=\/wp\/v2\/pages\/90"}],"wp:attachment":[{"href":"https:\/\/www.hasicibystre.cz\/index.php?rest_route=%2Fwp%2Fv2%2Fmedia&parent=347"}],"curies":[{"name":"wp","href":"https:\/\/api.w.org\/{rel}","templated":true}]}}