{"id":355,"date":"2018-07-18T18:54:00","date_gmt":"2018-07-18T16:54:00","guid":{"rendered":"http:\/\/www.hasicibystre.cz\/?page_id=355"},"modified":"2018-07-27T11:45:58","modified_gmt":"2018-07-27T09:45:58","slug":"1986-2","status":"publish","type":"page","link":"https:\/\/www.hasicibystre.cz\/?page_id=355","title":{"rendered":"1986"},"content":{"rendered":"<p style=\"text-align: justify;\">V tomto roce m\u00e1 organizace 56 \u010dlen\u016f, 43 mu\u017e\u016f a 13 \u017een. Preventivn\u00ed prohl\u00eddky byly provedeny v&nbsp;86 objektech obce.<\/p>\n<p style=\"text-align: justify;\">Dru\u017estvo mu\u017e\u016f obsadilo na okrskov\u00e9 sout\u011b\u017e\u00ed 4.&nbsp;a dru\u017estvo \u017een 2.&nbsp;m\u00edsto. Mlad\u00ed po\u017e\u00e1rn\u00edci obsadili 1.&nbsp;m\u00edsto na obvodn\u00ed sout\u011b\u017ei v&nbsp;Opo\u010dn\u011b a 1.&nbsp;m\u00edsto v&nbsp;okresn\u00ed sout\u011b\u017ei v&nbsp;Rychnov\u011b nad Kn\u011b\u017enou. V&nbsp;krajsk\u00e9m kole obsadili 8.&nbsp;m\u00edsto.<\/p>\n<p style=\"text-align: justify;\">Organizace po\u0159\u00e1dala hasi\u010dsk\u00fd ples, pou\u0165ovou z\u00e1bavu a posv\u00edcenskou z\u00e1bavu. I v&nbsp;tomto roce jsme zaji\u0161\u0165ovali po\u017e\u00e1rn\u00ed hl\u00eddku na autokrosu a motokrosu v&nbsp;Dob\u0159anech.<\/p>\n<p style=\"text-align: justify;\">Tento rok byl v\u0161ak p\u0159edev\u0161\u00edm rokem oslav 100.&nbsp;v\u00fdro\u010d\u00ed zalo\u017een\u00ed sboru. V&nbsp;z\u00e1v\u011bru kv\u011btna prob\u011bhla slavnostn\u00ed sch\u016fze v&nbsp;rekrea\u010dn\u00edm za\u0159\u00edzen\u00ed na Bystersk\u00fdch Dolech, kde bylo odm\u011bn\u011bno mnoho \u010dlen\u016f. Vlastn\u00ed oslavy prob\u011bhly 24.&nbsp;srpna za velice p\u0159\u00edzniv\u00e9ho po\u010das\u00ed a \u00fa\u010dasti 1&nbsp;600 n\u00e1v\u0161t\u011bvn\u00edk\u016f. P\u0159i t\u00e9to p\u0159\u00edle\u017eitosti byl tak\u00e9 vyd\u00e1n almanach, kter\u00fd zachycuje 100 letou historii sboru.<\/p>\n<p style=\"text-align: justify;\">Sbor v&nbsp;tomto roce zasahoval u dvou po\u017e\u00e1r\u016f. Prvn\u00edho kv\u011btna zasahoval p\u0159i po\u017e\u00e1ru skl\u00e1dky a 21.&nbsp;\u0159\u00edjna p\u0159i po\u017e\u00e1ru rekrea\u010dn\u00ed chalupy v&nbsp;Bystr\u00e9m.<\/p>\n","protected":false},"excerpt":{"rendered":"<p>V tomto roce m\u00e1 organizace 56 \u010dlen\u016f, 43 mu\u017e\u016f a 13 \u017een. Preventivn\u00ed prohl\u00eddky byly provedeny v&nbsp;86 objektech obce. Dru\u017estvo mu\u017e\u016f obsadilo na okrskov\u00e9 sout\u011b\u017e\u00ed 4.&nbsp;a dru\u017estvo \u017een 2.&nbsp;m\u00edsto. Mlad\u00ed po\u017e\u00e1rn\u00edci obsadili 1.&nbsp;m\u00edsto na obvodn\u00ed sout\u011b\u017ei v&nbsp;Opo\u010dn\u011b a 1.&nbsp;m\u00edsto v&nbsp;okresn\u00ed sout\u011b\u017ei v&nbsp;Rychnov\u011b nad Kn\u011b\u017enou. V&nbsp;krajsk\u00e9m kole obsadili 8.&nbsp;m\u00edsto. Organizace po\u0159\u00e1dala hasi\u010dsk\u00fd ples, pou\u0165ovou z\u00e1bavu a [&hellip;]<\/p>\n","protected":false},"author":2,"featured_media":0,"parent":90,"menu_order":0,"comment_status":"closed","ping_status":"closed","template":"","meta":{"footnotes":""},"class_list":["post-355","page","type-page","status-publish","hentry"],"aioseo_notices":[],"jetpack_sharing_enabled":true,"jetpack_likes_enabled":true,"_links":{"self":[{"href":"https:\/\/www.hasicibystre.cz\/index.php?rest_route=\/wp\/v2\/pages\/355","targetHints":{"allow":["GET"]}}],"collection":[{"href":"https:\/\/www.hasicibystre.cz\/index.php?rest_route=\/wp\/v2\/pages"}],"about":[{"href":"https:\/\/www.hasicibystre.cz\/index.php?rest_route=\/wp\/v2\/types\/page"}],"author":[{"embeddable":true,"href":"https:\/\/www.hasicibystre.cz\/index.php?rest_route=\/wp\/v2\/users\/2"}],"replies":[{"embeddable":true,"href":"https:\/\/www.hasicibystre.cz\/index.php?rest_route=%2Fwp%2Fv2%2Fcomments&post=355"}],"version-history":[{"count":3,"href":"https:\/\/www.hasicibystre.cz\/index.php?rest_route=\/wp\/v2\/pages\/355\/revisions"}],"predecessor-version":[{"id":818,"href":"https:\/\/www.hasicibystre.cz\/index.php?rest_route=\/wp\/v2\/pages\/355\/revisions\/818"}],"up":[{"embeddable":true,"href":"https:\/\/www.hasicibystre.cz\/index.php?rest_route=\/wp\/v2\/pages\/90"}],"wp:attachment":[{"href":"https:\/\/www.hasicibystre.cz\/index.php?rest_route=%2Fwp%2Fv2%2Fmedia&parent=355"}],"curies":[{"name":"wp","href":"https:\/\/api.w.org\/{rel}","templated":true}]}}