{"id":357,"date":"2018-07-18T18:54:24","date_gmt":"2018-07-18T16:54:24","guid":{"rendered":"http:\/\/www.hasicibystre.cz\/?page_id=357"},"modified":"2018-07-27T11:46:48","modified_gmt":"2018-07-27T09:46:48","slug":"1987-2","status":"publish","type":"page","link":"https:\/\/www.hasicibystre.cz\/?page_id=357","title":{"rendered":"1987"},"content":{"rendered":"<p style=\"text-align: justify;\">V tomto roce byly provedeny preventivn\u00ed prohl\u00eddky v&nbsp;80 objektech. Sbor zasahoval p\u0159i po\u017e\u00e1ru 23.&nbsp;srpna na Bystersk\u00fdch Dolech.<\/p>\n<p style=\"text-align: justify;\">Na meziokrskov\u00e9 sout\u011b\u017ei 5.&nbsp;kv\u011btna v&nbsp;Ohni\u0161ov\u011b obsadila dru\u017estva mu\u017e\u016f i \u017een shodn\u011b 2.&nbsp;m\u00edsto.<\/p>\n<p style=\"text-align: justify;\">\u00dasp\u011b\u0161n\u00ed byli mlad\u00ed po\u017e\u00e1rn\u00edci, kte\u0159\u00ed v&nbsp;obvodov\u00e9m kole v&nbsp;Kvasin\u00e1ch obsadili 1.&nbsp;m\u00edsto. Na okresn\u00ed sout\u011b\u017ei v&nbsp;Dobru\u0161ce obsadili rovn\u011b\u017e 1.&nbsp;m\u00edsto a postoupili tak do krajsk\u00e9ho kola v&nbsp;Pardubic\u00edch. Zde obsadili 9.&nbsp;m\u00edsto. V&nbsp;\u0159\u00edjnu p\u0159ipravovala na\u0161e organizace brann\u00fd z\u00e1vod. Mlad\u00ed po\u017e\u00e1rnici se rozd\u011blili na dv\u011b hl\u00eddky, kter\u00e9 obsadily 2.&nbsp;a 7.&nbsp;m\u00edsto. Sout\u011b\u017ee se z\u00fa\u010dastnili i dva dorostenci z&nbsp;na\u0161\u00ed organizace ( A. Machov\u00e1 a L. \u0160evc ) . Oba z\u00e1stupci obsadili 1.&nbsp;m\u00edsta.<\/p>\n<p style=\"text-align: justify;\">Op\u011bt jsme zaji\u0161\u0165ovali po\u017e\u00e1rn\u00ed hl\u00eddku na autokrosu a motokrosu v&nbsp;Dob\u0159anech.<\/p>\n<p style=\"text-align: justify;\">V tomto roce p\u0159istoupili 2 \u010dlenov\u00e9, tak\u017ee m\u00e1me 58 \u010dlen\u016f \u2013 44 mu\u017e\u016f a 14 \u017een.<\/p>\n","protected":false},"excerpt":{"rendered":"<p>V tomto roce byly provedeny preventivn\u00ed prohl\u00eddky v&nbsp;80 objektech. Sbor zasahoval p\u0159i po\u017e\u00e1ru 23.&nbsp;srpna na Bystersk\u00fdch Dolech. Na meziokrskov\u00e9 sout\u011b\u017ei 5.&nbsp;kv\u011btna v&nbsp;Ohni\u0161ov\u011b obsadila dru\u017estva mu\u017e\u016f i \u017een shodn\u011b 2.&nbsp;m\u00edsto. \u00dasp\u011b\u0161n\u00ed byli mlad\u00ed po\u017e\u00e1rn\u00edci, kte\u0159\u00ed v&nbsp;obvodov\u00e9m kole v&nbsp;Kvasin\u00e1ch obsadili 1.&nbsp;m\u00edsto. Na okresn\u00ed sout\u011b\u017ei v&nbsp;Dobru\u0161ce obsadili rovn\u011b\u017e 1.&nbsp;m\u00edsto a postoupili tak do krajsk\u00e9ho kola v&nbsp;Pardubic\u00edch. Zde obsadili [&hellip;]<\/p>\n","protected":false},"author":2,"featured_media":0,"parent":90,"menu_order":0,"comment_status":"closed","ping_status":"closed","template":"","meta":{"footnotes":""},"class_list":["post-357","page","type-page","status-publish","hentry"],"aioseo_notices":[],"jetpack_sharing_enabled":true,"jetpack_likes_enabled":true,"_links":{"self":[{"href":"https:\/\/www.hasicibystre.cz\/index.php?rest_route=\/wp\/v2\/pages\/357","targetHints":{"allow":["GET"]}}],"collection":[{"href":"https:\/\/www.hasicibystre.cz\/index.php?rest_route=\/wp\/v2\/pages"}],"about":[{"href":"https:\/\/www.hasicibystre.cz\/index.php?rest_route=\/wp\/v2\/types\/page"}],"author":[{"embeddable":true,"href":"https:\/\/www.hasicibystre.cz\/index.php?rest_route=\/wp\/v2\/users\/2"}],"replies":[{"embeddable":true,"href":"https:\/\/www.hasicibystre.cz\/index.php?rest_route=%2Fwp%2Fv2%2Fcomments&post=357"}],"version-history":[{"count":3,"href":"https:\/\/www.hasicibystre.cz\/index.php?rest_route=\/wp\/v2\/pages\/357\/revisions"}],"predecessor-version":[{"id":819,"href":"https:\/\/www.hasicibystre.cz\/index.php?rest_route=\/wp\/v2\/pages\/357\/revisions\/819"}],"up":[{"embeddable":true,"href":"https:\/\/www.hasicibystre.cz\/index.php?rest_route=\/wp\/v2\/pages\/90"}],"wp:attachment":[{"href":"https:\/\/www.hasicibystre.cz\/index.php?rest_route=%2Fwp%2Fv2%2Fmedia&parent=357"}],"curies":[{"name":"wp","href":"https:\/\/api.w.org\/{rel}","templated":true}]}}