{"id":359,"date":"2018-07-18T18:54:50","date_gmt":"2018-07-18T16:54:50","guid":{"rendered":"http:\/\/www.hasicibystre.cz\/?page_id=359"},"modified":"2018-07-27T11:47:33","modified_gmt":"2018-07-27T09:47:33","slug":"1988-2","status":"publish","type":"page","link":"https:\/\/www.hasicibystre.cz\/?page_id=359","title":{"rendered":"1988"},"content":{"rendered":"<p style=\"text-align: justify;\">Prevence byla v&nbsp;tomto roce provedena v&nbsp;39 objektech obytn\u00fdch a 3 objektech v\u00fdrobn\u00edch.<\/p>\n<p style=\"text-align: justify;\">V meziokrskov\u00e9 sout\u011b\u017ei obsadili \u017eeny 1.&nbsp;m\u00edsto a mu\u017ei 2.&nbsp;m\u00edsto.<\/p>\n<p style=\"text-align: justify;\">Mlad\u00ed po\u017e\u00e1rn\u00edci obsadili v&nbsp;obvodov\u00e9 sout\u011b\u017ei Plamen 2.&nbsp;m\u00edsto. V&nbsp;podzimn\u00edm brann\u00e9m z\u00e1vod\u011b obsadily hl\u00eddky 1.&nbsp;a 2.&nbsp;m\u00edsto. V&nbsp;sout\u011b\u017ei dorostenc\u016f \u2013 jednotlivc\u016f obsadila A. Machov\u00e1 1.&nbsp;m\u00edsto a L. \u0160evc 2.&nbsp;m\u00edsto.<\/p>\n<p style=\"text-align: justify;\">V tomto roce na\u0161i \u010dlenov\u00e9 odpracovali 1015 hodin na v\u00fdstavb\u011b vodovodu v&nbsp;obci.<\/p>\n<p style=\"text-align: justify;\">Uspo\u0159\u00e1dali jsme po\u017e\u00e1rnick\u00fd ples a na\u0161e hl\u00eddka se z\u00fa\u010dastnila po\u017e\u00e1rn\u00edho dozoru na autokrosu v&nbsp;Dob\u0159anech.<\/p>\n<p style=\"text-align: justify;\">V tomto roce byli p\u0159ijati dva \u010dlenov\u00e9. Celkov\u011b m\u00e1 sbor 60 \u010dlen\u016f \u2013 45 mu\u017e\u016f a 15 \u017een.<\/p>\n","protected":false},"excerpt":{"rendered":"<p>Prevence byla v&nbsp;tomto roce provedena v&nbsp;39 objektech obytn\u00fdch a 3 objektech v\u00fdrobn\u00edch. V&nbsp;meziokrskov\u00e9 sout\u011b\u017ei obsadili \u017eeny 1.&nbsp;m\u00edsto a mu\u017ei 2.&nbsp;m\u00edsto. Mlad\u00ed po\u017e\u00e1rn\u00edci obsadili v&nbsp;obvodov\u00e9 sout\u011b\u017ei Plamen 2.&nbsp;m\u00edsto. V&nbsp;podzimn\u00edm brann\u00e9m z\u00e1vod\u011b obsadily hl\u00eddky 1.&nbsp;a 2.&nbsp;m\u00edsto. V&nbsp;sout\u011b\u017ei dorostenc\u016f \u2013 jednotlivc\u016f obsadila A. Machov\u00e1 1.&nbsp;m\u00edsto a L. \u0160evc 2.&nbsp;m\u00edsto. V&nbsp;tomto roce na\u0161i \u010dlenov\u00e9 odpracovali 1015 hodin [&hellip;]<\/p>\n","protected":false},"author":2,"featured_media":0,"parent":90,"menu_order":0,"comment_status":"closed","ping_status":"closed","template":"","meta":{"footnotes":""},"class_list":["post-359","page","type-page","status-publish","hentry"],"aioseo_notices":[],"jetpack_sharing_enabled":true,"jetpack_likes_enabled":true,"_links":{"self":[{"href":"https:\/\/www.hasicibystre.cz\/index.php?rest_route=\/wp\/v2\/pages\/359","targetHints":{"allow":["GET"]}}],"collection":[{"href":"https:\/\/www.hasicibystre.cz\/index.php?rest_route=\/wp\/v2\/pages"}],"about":[{"href":"https:\/\/www.hasicibystre.cz\/index.php?rest_route=\/wp\/v2\/types\/page"}],"author":[{"embeddable":true,"href":"https:\/\/www.hasicibystre.cz\/index.php?rest_route=\/wp\/v2\/users\/2"}],"replies":[{"embeddable":true,"href":"https:\/\/www.hasicibystre.cz\/index.php?rest_route=%2Fwp%2Fv2%2Fcomments&post=359"}],"version-history":[{"count":3,"href":"https:\/\/www.hasicibystre.cz\/index.php?rest_route=\/wp\/v2\/pages\/359\/revisions"}],"predecessor-version":[{"id":820,"href":"https:\/\/www.hasicibystre.cz\/index.php?rest_route=\/wp\/v2\/pages\/359\/revisions\/820"}],"up":[{"embeddable":true,"href":"https:\/\/www.hasicibystre.cz\/index.php?rest_route=\/wp\/v2\/pages\/90"}],"wp:attachment":[{"href":"https:\/\/www.hasicibystre.cz\/index.php?rest_route=%2Fwp%2Fv2%2Fmedia&parent=359"}],"curies":[{"name":"wp","href":"https:\/\/api.w.org\/{rel}","templated":true}]}}