{"id":361,"date":"2018-07-18T18:55:22","date_gmt":"2018-07-18T16:55:22","guid":{"rendered":"http:\/\/www.hasicibystre.cz\/?page_id=361"},"modified":"2018-07-27T11:48:52","modified_gmt":"2018-07-27T09:48:52","slug":"1989-2","status":"publish","type":"page","link":"https:\/\/www.hasicibystre.cz\/?page_id=361","title":{"rendered":"1989"},"content":{"rendered":"<p style=\"text-align: justify;\">P\u0159i prevenci bylo provedeno 93 kontrol v&nbsp;obytn\u00fdch a rekrea\u010dn\u00edch budov\u00e1ch. Bylo provedeno okrskov\u00e9 cvi\u010den\u00ed na objekt krav\u00edna v&nbsp;obci.<\/p>\n<p style=\"text-align: justify;\">V meziokrskov\u00e9 sout\u011b\u017ei v&nbsp;Ole\u0161nici obsadili \u017eeny 1.&nbsp;m\u00edsto a mu\u017ei 3.&nbsp;m\u00edsto. Dru\u017estvo mu\u017e\u016f se z\u00fa\u010dastnilo kvalifikace na okresn\u00ed kolo a usp\u011blo. Dru\u017estvo \u017een postoupilo p\u0159\u00edmo. V&nbsp;okresn\u00edm kole v&nbsp;Solnici obsadila ob\u011b dru\u017estva p\u011bkn\u00e9 2.&nbsp;m\u00edsto. Za\u010d\u00ednaj\u00ed se organizovat poh\u00e1rov\u00e9 sout\u011b\u017ee, kter\u00fdch se z\u00fa\u010dast\u0148uj\u00ed i na\u0161e dru\u017estva. Na poh\u00e1ru v&nbsp;Borov\u00e9 obsadili mu\u017ei 4.&nbsp;m\u00edsto. Spole\u010dn\u011b se \u017eenami se z\u00fa\u010dastnili poh\u00e1rov\u00e9 sout\u011b\u017ee v&nbsp;Dobru\u0161ce. Zde obsadili na\u0161e dru\u017estva 3.&nbsp;a 4.&nbsp;m\u00edsto.<\/p>\n<p style=\"text-align: justify;\">Sbor zasahoval u jednoho po\u017e\u00e1ru rodinn\u00e9ho domku v&nbsp;sousedn\u00edch Dob\u0159anech.<\/p>\n<p style=\"text-align: justify;\">V sout\u011b\u017ei mlad\u00fdch po\u017e\u00e1rn\u00edk\u016f v&nbsp;Poho\u0159\u00ed obsazuje prvn\u00ed dru\u017estvo 1.&nbsp;m\u00edsto a druh\u00e9 dru\u017estvo 7.&nbsp;m\u00edsto. Okresn\u00edho kola v&nbsp;Kostelci nad Orlic\u00ed se z\u00fa\u010dast\u0148uje na\u0161e dru\u017estvo a v\u00edt\u011bz\u00ed. Postupuje do krajsk\u00e9ho kola v&nbsp;\u017damberku, kde obsazuje p\u011bkn\u00e9 2.&nbsp;m\u00edsto.<\/p>\n<p style=\"text-align: justify;\">V tomto roce se L. \u0160evc \u00fa\u010dastn\u00ed s&nbsp;dru\u017estvem MP Ba\u010det\u00edn mezin\u00e1rodn\u00ed sout\u011b\u017ee CTIF ve Var\u0161av\u011b a p\u0159isp\u00edv\u00e1 tak k&nbsp;6.&nbsp;m\u00edstu tohoto dru\u017estva. V&nbsp;kategorii dorostu pokra\u010dujeme jen v&nbsp;sout\u011b\u017ei jednotlivc\u016f, dru\u017estvo se neda\u0159\u00ed ustavit.<\/p>\n<p style=\"text-align: justify;\">Uspo\u0159\u00e1dali jsme ples, pou\u0165ovou a posv\u00edcenskou z\u00e1bavu.<\/p>\n<p style=\"text-align: justify;\">Na autokrosu v&nbsp;Dob\u0159anech jsme zaji\u0161\u0165ovali asisten\u010dn\u00ed hl\u00eddku.<\/p>\n<p style=\"text-align: justify;\">V tomto roce se odhl\u00e1sili dva \u010dlenov\u00e9, ZO m\u00e1 63 \u010dlen\u016f ( 46 mu\u017e\u016f, 17 \u017een ) . Do 18 let je registrov\u00e1no 7 \u010dlen\u016f.<\/p>\n<p style=\"text-align: justify;\">V sout\u011b\u017ei ZO okresu za rok 1989 jsme obsadili 1.&nbsp;m\u00edsto a z\u00edskali tak odm\u011bnu 2000 korun.<\/p>\n","protected":false},"excerpt":{"rendered":"<p>P\u0159i prevenci bylo provedeno 93 kontrol v&nbsp;obytn\u00fdch a rekrea\u010dn\u00edch budov\u00e1ch. Bylo provedeno okrskov\u00e9 cvi\u010den\u00ed na objekt krav\u00edna v&nbsp;obci. V&nbsp;meziokrskov\u00e9 sout\u011b\u017ei v&nbsp;Ole\u0161nici obsadili \u017eeny 1.&nbsp;m\u00edsto a mu\u017ei 3.&nbsp;m\u00edsto. Dru\u017estvo mu\u017e\u016f se z\u00fa\u010dastnilo kvalifikace na okresn\u00ed kolo a usp\u011blo. Dru\u017estvo \u017een postoupilo p\u0159\u00edmo. V&nbsp;okresn\u00edm kole v&nbsp;Solnici obsadila ob\u011b dru\u017estva p\u011bkn\u00e9 2.&nbsp;m\u00edsto. Za\u010d\u00ednaj\u00ed se organizovat poh\u00e1rov\u00e9 sout\u011b\u017ee, [&hellip;]<\/p>\n","protected":false},"author":2,"featured_media":0,"parent":90,"menu_order":0,"comment_status":"closed","ping_status":"closed","template":"","meta":{"footnotes":""},"class_list":["post-361","page","type-page","status-publish","hentry"],"aioseo_notices":[],"jetpack_sharing_enabled":true,"jetpack_likes_enabled":true,"_links":{"self":[{"href":"https:\/\/www.hasicibystre.cz\/index.php?rest_route=\/wp\/v2\/pages\/361","targetHints":{"allow":["GET"]}}],"collection":[{"href":"https:\/\/www.hasicibystre.cz\/index.php?rest_route=\/wp\/v2\/pages"}],"about":[{"href":"https:\/\/www.hasicibystre.cz\/index.php?rest_route=\/wp\/v2\/types\/page"}],"author":[{"embeddable":true,"href":"https:\/\/www.hasicibystre.cz\/index.php?rest_route=\/wp\/v2\/users\/2"}],"replies":[{"embeddable":true,"href":"https:\/\/www.hasicibystre.cz\/index.php?rest_route=%2Fwp%2Fv2%2Fcomments&post=361"}],"version-history":[{"count":3,"href":"https:\/\/www.hasicibystre.cz\/index.php?rest_route=\/wp\/v2\/pages\/361\/revisions"}],"predecessor-version":[{"id":821,"href":"https:\/\/www.hasicibystre.cz\/index.php?rest_route=\/wp\/v2\/pages\/361\/revisions\/821"}],"up":[{"embeddable":true,"href":"https:\/\/www.hasicibystre.cz\/index.php?rest_route=\/wp\/v2\/pages\/90"}],"wp:attachment":[{"href":"https:\/\/www.hasicibystre.cz\/index.php?rest_route=%2Fwp%2Fv2%2Fmedia&parent=361"}],"curies":[{"name":"wp","href":"https:\/\/api.w.org\/{rel}","templated":true}]}}