{"id":363,"date":"2018-07-18T18:55:48","date_gmt":"2018-07-18T16:55:48","guid":{"rendered":"http:\/\/www.hasicibystre.cz\/?page_id=363"},"modified":"2018-07-27T11:49:32","modified_gmt":"2018-07-27T09:49:32","slug":"1990-2","status":"publish","type":"page","link":"https:\/\/www.hasicibystre.cz\/?page_id=363","title":{"rendered":"1990"},"content":{"rendered":"<p style=\"text-align: justify;\">P\u0159i preventivn\u00edch prohl\u00eddk\u00e1ch bylo provedeno 40 kontrol. V&nbsp;kv\u011btnu bylo provedeno n\u00e1m\u011btov\u00e9 cvi\u010den\u00ed z&nbsp;Bystersk\u00fdch Dol\u016f na mysliveckou chatu.<\/p>\n<p style=\"text-align: justify;\">V tomto roce sbor likvidoval pouze zaho\u0159en\u00ed odpadu v&nbsp;odpadov\u00fdch kontejnerech.<\/p>\n<p style=\"text-align: justify;\">V meziokrskov\u00e9 sout\u011b\u017ei v&nbsp;Ohni\u0161ov\u011b obsadila dru\u017estva mu\u017e\u016f i \u017een 1.&nbsp;m\u00edsta.<\/p>\n<p style=\"text-align: justify;\">Mlad\u00ed po\u017e\u00e1rn\u00edci obsadili v&nbsp;obvodov\u00e9m kole v&nbsp;Poho\u0159\u00ed 1.&nbsp;m\u00edsto. V\u00edt\u011bzstv\u00ed si odvezli i z&nbsp;okresn\u00ed sout\u011b\u017ee v&nbsp;Opo\u010dn\u011b. Nad o\u010dek\u00e1v\u00e1n\u00ed se jim da\u0159ilo i v&nbsp;krajsk\u00e9m kole v&nbsp;B\u00edl\u00fdch Poli\u010danech a op\u011bt zv\u00edt\u011bzili. Pot\u00e9 se z\u00fa\u010dastnili celost\u00e1tn\u00edho kola v&nbsp;Havl\u00ed\u010dkov\u011b Brod\u011b, kde tento kolektiv zv\u00edt\u011bzil a dos\u00e1hl tak dal\u0161\u00edho historick\u00e9ho \u00fasp\u011bchu v&nbsp;na\u0161\u00ed pr\u00e1ci s&nbsp;ml\u00e1de\u017e\u00ed. Do sout\u011b\u017e\u00ed vedli tento kolektiv Josef Dus\u00edlek z&nbsp;Bystr\u00e9ho a Josef Andr\u0161 z&nbsp;Ba\u010det\u00edna. Poda\u0159ilo se ustavit dru\u017estvo dorostenc\u016f a jejich vstupem bylo v\u00edt\u011bzstv\u00ed v&nbsp;podzimn\u00edm z\u00e1vod\u011b po\u017e\u00e1rnick\u00e9 v\u0161estrannosti.<\/p>\n<p style=\"text-align: justify;\">Organizace uspo\u0159\u00e1dala ples a posezen\u00ed s&nbsp;op\u00e9k\u00e1n\u00edm.<\/p>\n<p style=\"text-align: justify;\">Deset \u010dlen\u016f se zaji\u0161\u0165ovalo po\u017e\u00e1rn\u00ed hl\u00eddku na autokrosu v&nbsp;Dob\u0159anech.<\/p>\n<p style=\"text-align: justify;\">Organizace usiluje o z\u00edsk\u00e1n\u00ed nov\u00e9ho po\u017e\u00e1rn\u00edho vozidla, zat\u00edm bez \u00fasp\u011bchu. Dva roky trv\u00e1 probl\u00e9m s&nbsp;uveden\u00edm vozidla 1203 do provozu.<\/p>\n<p style=\"text-align: justify;\">Do sboru p\u0159istupuj\u00ed 3 \u010dlenov\u00e9. Organizace tedy \u010d\u00edt\u00e1 65 \u010dlen\u016f ( 47 mu\u017e\u016f a 18 \u017een ) .<\/p>\n<p style=\"text-align: justify;\">Registrujeme 8 \u010dlen\u016f do 18 let.<\/p>\n<p style=\"text-align: justify;\">V tomto roce zem\u0159el Jaroslav Novotn\u00fd, kter\u00fd byl \u010dlenem 52 let a dlouhou dobu zast\u00e1val r\u016fzn\u00e9 funkce.<\/p>\n","protected":false},"excerpt":{"rendered":"<p>P\u0159i preventivn\u00edch prohl\u00eddk\u00e1ch bylo provedeno 40 kontrol. V&nbsp;kv\u011btnu bylo provedeno n\u00e1m\u011btov\u00e9 cvi\u010den\u00ed z&nbsp;Bystersk\u00fdch Dol\u016f na mysliveckou chatu. V&nbsp;tomto roce sbor likvidoval pouze zaho\u0159en\u00ed odpadu v&nbsp;odpadov\u00fdch kontejnerech. V&nbsp;meziokrskov\u00e9 sout\u011b\u017ei v&nbsp;Ohni\u0161ov\u011b obsadila dru\u017estva mu\u017e\u016f i \u017een 1.&nbsp;m\u00edsta. Mlad\u00ed po\u017e\u00e1rn\u00edci obsadili v&nbsp;obvodov\u00e9m kole v&nbsp;Poho\u0159\u00ed 1.&nbsp;m\u00edsto. V\u00edt\u011bzstv\u00ed si odvezli i z&nbsp;okresn\u00ed sout\u011b\u017ee v&nbsp;Opo\u010dn\u011b. Nad o\u010dek\u00e1v\u00e1n\u00ed se jim [&hellip;]<\/p>\n","protected":false},"author":2,"featured_media":0,"parent":90,"menu_order":0,"comment_status":"closed","ping_status":"closed","template":"","meta":{"footnotes":""},"class_list":["post-363","page","type-page","status-publish","hentry"],"aioseo_notices":[],"jetpack_sharing_enabled":true,"jetpack_likes_enabled":true,"_links":{"self":[{"href":"https:\/\/www.hasicibystre.cz\/index.php?rest_route=\/wp\/v2\/pages\/363","targetHints":{"allow":["GET"]}}],"collection":[{"href":"https:\/\/www.hasicibystre.cz\/index.php?rest_route=\/wp\/v2\/pages"}],"about":[{"href":"https:\/\/www.hasicibystre.cz\/index.php?rest_route=\/wp\/v2\/types\/page"}],"author":[{"embeddable":true,"href":"https:\/\/www.hasicibystre.cz\/index.php?rest_route=\/wp\/v2\/users\/2"}],"replies":[{"embeddable":true,"href":"https:\/\/www.hasicibystre.cz\/index.php?rest_route=%2Fwp%2Fv2%2Fcomments&post=363"}],"version-history":[{"count":3,"href":"https:\/\/www.hasicibystre.cz\/index.php?rest_route=\/wp\/v2\/pages\/363\/revisions"}],"predecessor-version":[{"id":822,"href":"https:\/\/www.hasicibystre.cz\/index.php?rest_route=\/wp\/v2\/pages\/363\/revisions\/822"}],"up":[{"embeddable":true,"href":"https:\/\/www.hasicibystre.cz\/index.php?rest_route=\/wp\/v2\/pages\/90"}],"wp:attachment":[{"href":"https:\/\/www.hasicibystre.cz\/index.php?rest_route=%2Fwp%2Fv2%2Fmedia&parent=363"}],"curies":[{"name":"wp","href":"https:\/\/api.w.org\/{rel}","templated":true}]}}