{"id":387,"date":"2018-07-18T19:01:55","date_gmt":"2018-07-18T17:01:55","guid":{"rendered":"http:\/\/www.hasicibystre.cz\/?page_id=387"},"modified":"2018-07-27T18:47:02","modified_gmt":"2018-07-27T16:47:02","slug":"2002-2","status":"publish","type":"page","link":"https:\/\/www.hasicibystre.cz\/?page_id=387","title":{"rendered":"2002"},"content":{"rendered":"<p style=\"text-align: justify;\">Rok 2002 byl na \u010dinnost na\u0161eho sboru velmi bohat\u00fd, p\u0159esto\u017ee jsme u \u017e\u00e1dn\u00e9ho po\u017e\u00e1ru nemuseli zasahovat.<\/p>\n<p style=\"text-align: justify;\">Okrskov\u00e9 sout\u011b\u017ee v&nbsp;Ba\u010det\u00edn\u011b se z\u00fa\u010dastnila 2 dru\u017estva mu\u017e\u016f a 1 dru\u017estvo \u017een. Dru\u017estvo mu\u017e\u016f A obsadilo v&nbsp;okrskov\u00e9 sout\u011b\u017ei 1.&nbsp;m\u00edsto, dru\u017estvo mu\u017e\u016f B (nad 35 let) 4.&nbsp;m\u00edsto a dru\u017estvo \u017een 3.&nbsp;m\u00edsto. Dru\u017estvo mu\u017e\u016f A se z\u00fa\u010dastnilo okresn\u00edho kola v&nbsp;\u010cern\u00edkovic\u00edch, kde p\u0159es podan\u00e9 dobr\u00e9 v\u00fdkony obsadilo d\u00edky technick\u00e9 z\u00e1vad\u011b 7.&nbsp;m\u00edsto. Dru\u017estvo mu\u017e\u016f A se z\u00fa\u010dastnilo 3.&nbsp;ro\u010dn\u00edku Podorlick\u00e9 ligy v&nbsp;po\u017e\u00e1rn\u00edm \u00fatoku. Zde obsadilo v&nbsp;celkov\u00e9m hodnocen\u00ed 5.&nbsp;m\u00edsto. Krom\u011b tohoto seri\u00e1lu sout\u011b\u017e\u00ed se dru\u017estvo mu\u017e\u016f A z\u00fa\u010dastnilo poh\u00e1rov\u00fdch sout\u011b\u017e\u00ed V&nbsp;\u010cesk\u00e9m Krumlov\u011b a \u0160irok\u00e9m Dole, kde obsadilo 9.&nbsp;a 13.&nbsp;m\u00edsto.<\/p>\n<p style=\"text-align: justify;\">V tomto roce p\u016fsobila v&nbsp;na\u0161\u00ed organizaci dv\u011b dru\u017estva mlad\u00fdch hasi\u010d\u016f. Ob\u011b dru\u017estva se z\u00fa\u010dastnila okresn\u00edho kola hry Plamen v&nbsp;B\u00edl\u00e9m \u00dajezd\u011b. Dru\u017estvo star\u0161\u00edch zde po vyrovnan\u00e9m boji obsadilo 1.&nbsp;a dru\u017estvo mlad\u0161\u00edch 3.&nbsp;m\u00edsto. Dru\u017estvo star\u0161\u00edch se z\u00fa\u010dastnilo oblastn\u00edho kola hry Plamen ve Dvo\u0159e Kr\u00e1lov\u00e9 nad Labem. Po dobr\u00e9m v\u00fdkonu zde obsadilo 3.&nbsp;m\u00edsto. V&nbsp;podzimn\u00edm z\u00e1vod\u011b po\u017e\u00e1rnick\u00e9 v\u0161estrannosti, konan\u00e9m na dom\u00e1c\u00ed p\u016fd\u011b obsadilo dru\u017estvo star\u0161\u00edch 4.&nbsp;a dru\u017estvo mlad\u0161\u00edch 6.&nbsp;m\u00edsto. Krom\u011b toho se ob\u011b sout\u011b\u017en\u00ed dru\u017estva z\u00fa\u010dastnila z\u00e1vodu po\u017e\u00e1rnick\u00e9 v\u0161estrannosti v&nbsp;Meziles\u00ed. Dru\u017estvo star\u0161\u00edch se z\u00fa\u010dastnilo III. Her bez hranic v&nbsp;n\u011bmeck\u00e9m Diedersdorfu.<\/p>\n<p style=\"text-align: justify;\">V tomto roce sbor po\u0159\u00e1dal hasi\u010dsk\u00fd ples, poml\u00e1zkovou z\u00e1bavu, posv\u00edcenskou z\u00e1bavu a sout\u011b\u017e seri\u00e1lu Podorlick\u00e1 liga. D\u00e1le se sbor organiza\u010dn\u011b pod\u00edlel na zaji\u0161t\u011bn\u00ed shrom\u00e1\u017ed\u011bn\u00ed p\u0159edstavitel\u016f okresu a setk\u00e1n\u00ed obc\u00ed s&nbsp;n\u00e1zvem Bystr\u00e9. \u010clenov\u00e9 sboru se z\u00fa\u010dastnili valn\u00fdch hromad v&nbsp;Lew\u00edn\u011b Klodzk\u00e9m, Opo\u010dn\u011b a oslav 130.&nbsp;v\u00fdro\u010d\u00ed zalo\u017een\u00ed SDH Bystr\u00e9 u Poli\u010dky. Josef Dus\u00edlek se z\u00fa\u010dastnil slavnostn\u00edho shrom\u00e1\u017ed\u011bn\u00ed k&nbsp;30.&nbsp;v\u00fdro\u010d\u00ed hry Plamen. \u010clenov\u00e9 v\u00fdboru se pravideln\u011b z\u00fa\u010dast\u0148ovali okrskov\u00fdch porad s&nbsp;\u0161kolen\u00ed.<\/p>\n<p style=\"text-align: justify;\">Sbor nad\u00e1le usiloval o nav\u00e1z\u00e1n\u00ed dal\u0161\u00edch kontakt\u016f s&nbsp;hasi\u010di ze zahrani\u010d\u00ed, zejm\u00e9na na poli hasi\u010dsk\u00e9 ml\u00e1de\u017ee.<\/p>\n<p style=\"text-align: justify;\">Pravideln\u011b byla aktualizov\u00e1na internetov\u00e1 prezentace sboru.<\/p>\n<p style=\"text-align: justify;\">V tomto roce \u010d\u00edt\u00e1 sbor celkem 100 \u010dlen\u016f (24 \u017een, 47 mu\u017e\u016f, 29 mlad\u00fdch hasi\u010d\u016f).<\/p>\n<p style=\"text-align: justify;\">Kompletn\u00ed text v\u00fdro\u010dn\u00ed zpr\u00e1vy naleznete <a href=\"http:\/\/www.hasicibystre.cz\/wp-content\/uploads\/2018\/07\/zprava2002.pdf\" target=\"_blank\" rel=\"noopener\"><strong>ZDE<\/strong><\/a>.<\/p>\n","protected":false},"excerpt":{"rendered":"<p>Rok 2002 byl na \u010dinnost na\u0161eho sboru velmi bohat\u00fd, p\u0159esto\u017ee jsme u \u017e\u00e1dn\u00e9ho po\u017e\u00e1ru nemuseli zasahovat. Okrskov\u00e9 sout\u011b\u017ee v&nbsp;Ba\u010det\u00edn\u011b se z\u00fa\u010dastnila 2 dru\u017estva mu\u017e\u016f a 1 dru\u017estvo \u017een. Dru\u017estvo mu\u017e\u016f A obsadilo v&nbsp;okrskov\u00e9 sout\u011b\u017ei 1.&nbsp;m\u00edsto, dru\u017estvo mu\u017e\u016f B (nad 35 let) 4.&nbsp;m\u00edsto a dru\u017estvo \u017een 3.&nbsp;m\u00edsto. Dru\u017estvo mu\u017e\u016f A se z\u00fa\u010dastnilo okresn\u00edho kola v&nbsp;\u010cern\u00edkovic\u00edch, kde [&hellip;]<\/p>\n","protected":false},"author":2,"featured_media":0,"parent":90,"menu_order":0,"comment_status":"closed","ping_status":"closed","template":"","meta":{"footnotes":""},"class_list":["post-387","page","type-page","status-publish","hentry"],"aioseo_notices":[],"jetpack_sharing_enabled":true,"jetpack_likes_enabled":true,"_links":{"self":[{"href":"https:\/\/www.hasicibystre.cz\/index.php?rest_route=\/wp\/v2\/pages\/387","targetHints":{"allow":["GET"]}}],"collection":[{"href":"https:\/\/www.hasicibystre.cz\/index.php?rest_route=\/wp\/v2\/pages"}],"about":[{"href":"https:\/\/www.hasicibystre.cz\/index.php?rest_route=\/wp\/v2\/types\/page"}],"author":[{"embeddable":true,"href":"https:\/\/www.hasicibystre.cz\/index.php?rest_route=\/wp\/v2\/users\/2"}],"replies":[{"embeddable":true,"href":"https:\/\/www.hasicibystre.cz\/index.php?rest_route=%2Fwp%2Fv2%2Fcomments&post=387"}],"version-history":[{"count":4,"href":"https:\/\/www.hasicibystre.cz\/index.php?rest_route=\/wp\/v2\/pages\/387\/revisions"}],"predecessor-version":[{"id":850,"href":"https:\/\/www.hasicibystre.cz\/index.php?rest_route=\/wp\/v2\/pages\/387\/revisions\/850"}],"up":[{"embeddable":true,"href":"https:\/\/www.hasicibystre.cz\/index.php?rest_route=\/wp\/v2\/pages\/90"}],"wp:attachment":[{"href":"https:\/\/www.hasicibystre.cz\/index.php?rest_route=%2Fwp%2Fv2%2Fmedia&parent=387"}],"curies":[{"name":"wp","href":"https:\/\/api.w.org\/{rel}","templated":true}]}}