{"id":395,"date":"2018-07-18T19:03:39","date_gmt":"2018-07-18T17:03:39","guid":{"rendered":"http:\/\/www.hasicibystre.cz\/?page_id=395"},"modified":"2018-07-27T18:53:52","modified_gmt":"2018-07-27T16:53:52","slug":"2006-2","status":"publish","type":"page","link":"https:\/\/www.hasicibystre.cz\/?page_id=395","title":{"rendered":"2006"},"content":{"rendered":"<p style=\"text-align: justify;\">Do okrskov\u00e9 sout\u011b\u017ee v&nbsp;Ohni\u0161ov\u011b jsme tentokr\u00e1t nasadili 4 sout\u011b\u017en\u00ed dru\u017estva: dru\u017estvo mu\u017e\u016f, dru\u017estvo mu\u017e\u016f nad 35 let, dru\u017estvo dorostenc\u016f a dru\u017estvo \u017een. Dru\u017estvo dorostenc\u016f obh\u00e1jilo p\u0159esv\u011bd\u010div\u011b lo\u0148sk\u00e9 v\u00edt\u011bzstv\u00ed p\u0159ed dru\u017estvem mu\u017e\u016f. Dru\u017estvo mu\u017e\u016f nad 35 let zv\u00edt\u011bzilo ve sv\u00e9 kategorii a p\u0159edvedlo 5.&nbsp;nejrychlej\u0161\u00ed \u00fatok cel\u00e9 sout\u011b\u017ee. Dru\u017estvo \u017een obsadilo celkov\u00e9 5.&nbsp;m\u00edsto. Do okresn\u00edho kola sout\u011b\u017ee v&nbsp;po\u017e\u00e1rn\u00edm sportu ve Vod\u011bradech jsme zapojili sout\u011b\u017en\u00ed dru\u017estvo mu\u017e\u016f a dorostenc\u016f. Po vyrovnan\u00e9m boji v&nbsp;b\u011b\u017eeck\u00e9 \u010d\u00e1sti sout\u011b\u017ee zv\u00edt\u011bzilo lep\u0161\u00edm v\u00fdkonem v&nbsp;po\u017e\u00e1rn\u00edm \u00fatoku dru\u017estvo mu\u017e\u016f. Dru\u017estvo dorostenc\u016f obsadilo 2.&nbsp;m\u00edsto. Krajsk\u00e9ho kola se vzhledem k&nbsp;soub\u011bhu dvou v\u00fdznamn\u00fdch sout\u011b\u017e\u00ed v&nbsp;jednom term\u00ednu z\u00fa\u010dastnilo pouze dru\u017estvo mu\u017e\u016f. Po ne\u00fasp\u011bchu v&nbsp;minul\u00e9m roce dru\u017estvo v&nbsp;Hradci Kr\u00e1lov\u00e9 zv\u00edt\u011bzilo a vybojovalo si tak znovu postup na M\u010cR v&nbsp;po\u017e\u00e1rn\u00edm sportu. M\u010cR se v&nbsp;tomto roce konalo v&nbsp;Litomy\u0161li. D\u00edky dobr\u00e9mu v\u00fdkonu ve \u0161tafet\u011b 4 x 100&nbsp;m a zejm\u00e9na 3.&nbsp;nejlep\u0161\u00edmu po\u017e\u00e1rn\u00edmu \u00fatoku mistrovstv\u00ed obsadilo dru\u017estvo celkov\u011b slu\u0161n\u00e9 8.&nbsp;m\u00edsto. Po cel\u00fd rok se dru\u017estvo mu\u017e\u016f z\u00fa\u010dast\u0148ovalo seri\u00e1lu sout\u011b\u017e\u00ed Podorlick\u00e1 liga, ve kter\u00e9m obsadilo celkov\u00e9 3.&nbsp;m\u00edsto. Z&nbsp;organiza\u010dn\u00edch d\u016fvod\u016f se dru\u017estvo nezapojilo do tradi\u010dn\u00ed sout\u011b\u017ee v&nbsp;\u010cesk\u00e9m Krumlov\u011b.<\/p>\n<p style=\"text-align: justify;\">Do sout\u011b\u017e\u00ed hry Plamen se zapojila 2 sout\u011b\u017en\u00ed dru\u017estva. Dru\u017estvo mlad\u0161\u00edch obh\u00e1jilo v&nbsp;okresn\u00edm kole v&nbsp;J\u00edlovic\u00edch v\u00edt\u011bzstv\u00ed z&nbsp;roku 2005 a dru\u017estvo star\u0161\u00edch zde po solidn\u00edm v\u00fdkonu obsadilo 4.&nbsp;m\u00edsto. Do nov\u00e9ho ro\u010dn\u00edku jsme vstoupili pouze s&nbsp;dru\u017estvem star\u0161\u00edch, kter\u00e9 v&nbsp;zahajovac\u00edm z\u00e1vod\u011b po\u017e\u00e1rnick\u00e9 v\u0161estrannosti v&nbsp;\u010cern\u00edkovic\u00edch obsadilo 12.&nbsp;m\u00edsto. Dru\u017estvo mlad\u0161\u00edch nebylo pro nov\u00fd ro\u010dn\u00edk sestaveno a pokra\u010dovat bude a\u017e v&nbsp;dal\u0161\u00edm ro\u010dn\u00edku. Hry bez hranic se konaly v&nbsp;polsk\u00e9m Lewin\u011b Klodsk\u00e9m a na\u0161e dru\u017estvo zde obsadilo 5.&nbsp;m\u00edsto.<\/p>\n<p style=\"text-align: justify;\">Po v\u00edt\u011bzstv\u00ed v&nbsp;okrskov\u00e9 sout\u011b\u017ei se dru\u017estvo dorostenc\u016f vydalo na okresn\u00ed kolo celoro\u010dn\u00ed \u010dinnosti dorostu do Kvasin. Zde po dobr\u00e9m v\u00fdkonu zv\u00edt\u011bzilo a vybojovalo si tak postup do krajsk\u00e9ho kola v&nbsp;Nov\u00e9 Pace. Do t\u00e9to sout\u011b\u017ee vstupoval kolektiv s&nbsp;touhou po v\u00edt\u011bzstv\u00ed, kterou prom\u011bnil v&nbsp;celkov\u00e9 v\u00edt\u011bzstv\u00ed a postup na M\u010cR do Liberce. Do boj\u016f na M\u010cR vstoupil v\u00fdborn\u00fdm 5.&nbsp;m\u00edstem ve \u0161tafet\u011b 4 x 100&nbsp;m. . Zav\u00e1h\u00e1n\u00ed v&nbsp;testu znalost\u00ed v\u0161ak zhatilo v\u0161echny \u0161ance na medailov\u00e9 um\u00edst\u011bn\u00ed. D\u00edky dobr\u00fdm v\u00fdkon\u016fm ve druh\u00e9m dnu sout\u011b\u017e\u00ed dos\u00e1hlo dru\u017estvo celkov\u00e9ho 7.&nbsp;m\u00edsta. V&nbsp;letn\u00ed \u010d\u00e1sti sezony se dru\u017estvo z\u00fa\u010dastnilo n\u011bkolika sout\u011b\u017e\u00ed v&nbsp;b\u011bhu na 100&nbsp;m s&nbsp;p\u0159ek\u00e1\u017ekami. Do podzimn\u00ed \u010d\u00e1sti nov\u00e9ho ro\u010dn\u00edku se krom\u011b dru\u017estva dorostenc\u016f zapojili i jednotlivci a jednotlivkyn\u011b. Dru\u017estvo dorostenc\u016f zv\u00edt\u011bzilo, jednotlivci obsadili 1., dv\u011b 3.&nbsp;m\u00edsta a 4.&nbsp;m\u00edsto. Krom\u011b v\u00fd\u0161e uveden\u00fdch sout\u011b\u017e\u00ed se dru\u017estvo dorostenc\u016f z\u00fa\u010dastnilo sout\u011b\u017e\u00ed Podorlick\u00e9 ligy a celkov\u011b obsadilo 14.&nbsp;m\u00edsto.\u00a0 Dru\u017estvo n\u00e1s tak\u00e9 reprezentovalo na prvn\u00ed sout\u011b\u017ei v&nbsp;discipl\u00edn\u00e1ch CTIF ve Dvo\u0159e Kr\u00e1lov\u00e9, kde obsadilo 4.&nbsp;m\u00edsto.<\/p>\n<p style=\"text-align: justify;\">Nejv\u00fdznamn\u011bj\u0161\u00ed akc\u00ed tohoto roku byly oslavy 120.&nbsp;v\u00fdro\u010d\u00ed zalo\u017een\u00ed sboru. Prvn\u00ed den prob\u00edhal ve znamen\u00ed uk\u00e1zek modern\u00ed i historick\u00e9 techniky v&nbsp;prostor\u00e1ch sportovn\u00edho are\u00e1lu u koupali\u0161t\u011b. Druh\u00fd den oslavy vyvrcholily sv\u011bcen\u00edm nov\u00e9ho praporu sboru. U p\u0159\u00edle\u017eitosti v\u00fdro\u010d\u00ed byl vyd\u00e1n almanach, shrnuj\u00edc\u00ed celou bohatou historii i sou\u010dasnost sboru. Z\u00e1stupci sboru se z\u00fa\u010dastnili okrskov\u00fdch porad, v\u00fdro\u010dn\u00edch valn\u00fdch hromad doma i v&nbsp;zahrani\u010d\u00ed. Sbor nad\u00e1le usiloval o nav\u00e1z\u00e1n\u00ed dal\u0161\u00ed kontakt\u016f se sbory v&nbsp;zahrani\u010d\u00ed. V&nbsp;podzimn\u00edch volb\u00e1ch do obecn\u00edho zastupitelstva z\u00edskal sbor 4 zastupitele a ztratil tak v&nbsp;tomto zastupitelstvu v\u011bt\u0161inu.<\/p>\n<p style=\"text-align: justify;\">Michal Dus\u00edlek z\u00edskal kvalifikaci Hasi\u010d III, \u010dlenov\u00e9 dru\u017estva dorostenc\u016f pro\u0161li \u0161kolen\u00edm k&nbsp;z\u00edsk\u00e1n\u00ed t\u00e9to kvalifikace a zkou\u0161ky vykonaj\u00ed v&nbsp;roce 2007. Dva \u010dlenov\u00e9 dru\u017estva dorostenc\u016f z\u00edskali kvalifikaci vedouc\u00edho ml\u00e1de\u017ee.<\/p>\n<p style=\"text-align: justify;\">Cel\u00fd rok byl ve znamen\u00ed v\u00e1\u0161niv\u00fdch debat, t\u00fdkaj\u00edc\u00edch se zejm\u00e9na kvality pr\u00e1ce a dal\u0161\u00edho sm\u011b\u0159ov\u00e1n\u00ed sboru.<\/p>\n<p style=\"text-align: justify;\">Sbor v\u00a0tomto roce \u010d\u00edtal 108 \u010dlen\u016f.<\/p>\n<p style=\"text-align: justify;\">Kompletn\u00ed text v\u00fdro\u010dn\u00ed zpr\u00e1vy naleznete <a href=\"http:\/\/www.hasicibystre.cz\/wp-content\/uploads\/2018\/07\/zprava2006.pdf\" target=\"_blank\" rel=\"noopener\"><strong>ZDE<\/strong><\/a>.<\/p>\n","protected":false},"excerpt":{"rendered":"<p>Do okrskov\u00e9 sout\u011b\u017ee v&nbsp;Ohni\u0161ov\u011b jsme tentokr\u00e1t nasadili 4 sout\u011b\u017en\u00ed dru\u017estva: dru\u017estvo mu\u017e\u016f, dru\u017estvo mu\u017e\u016f nad 35 let, dru\u017estvo dorostenc\u016f a dru\u017estvo \u017een. Dru\u017estvo dorostenc\u016f obh\u00e1jilo p\u0159esv\u011bd\u010div\u011b lo\u0148sk\u00e9 v\u00edt\u011bzstv\u00ed p\u0159ed dru\u017estvem mu\u017e\u016f. Dru\u017estvo mu\u017e\u016f nad 35 let zv\u00edt\u011bzilo ve sv\u00e9 kategorii a p\u0159edvedlo 5.&nbsp;nejrychlej\u0161\u00ed \u00fatok cel\u00e9 sout\u011b\u017ee. Dru\u017estvo \u017een obsadilo celkov\u00e9 5.&nbsp;m\u00edsto. Do okresn\u00edho kola sout\u011b\u017ee [&hellip;]<\/p>\n","protected":false},"author":2,"featured_media":0,"parent":90,"menu_order":0,"comment_status":"closed","ping_status":"closed","template":"","meta":{"footnotes":""},"class_list":["post-395","page","type-page","status-publish","hentry"],"aioseo_notices":[],"jetpack_sharing_enabled":true,"jetpack_likes_enabled":true,"_links":{"self":[{"href":"https:\/\/www.hasicibystre.cz\/index.php?rest_route=\/wp\/v2\/pages\/395","targetHints":{"allow":["GET"]}}],"collection":[{"href":"https:\/\/www.hasicibystre.cz\/index.php?rest_route=\/wp\/v2\/pages"}],"about":[{"href":"https:\/\/www.hasicibystre.cz\/index.php?rest_route=\/wp\/v2\/types\/page"}],"author":[{"embeddable":true,"href":"https:\/\/www.hasicibystre.cz\/index.php?rest_route=\/wp\/v2\/users\/2"}],"replies":[{"embeddable":true,"href":"https:\/\/www.hasicibystre.cz\/index.php?rest_route=%2Fwp%2Fv2%2Fcomments&post=395"}],"version-history":[{"count":4,"href":"https:\/\/www.hasicibystre.cz\/index.php?rest_route=\/wp\/v2\/pages\/395\/revisions"}],"predecessor-version":[{"id":854,"href":"https:\/\/www.hasicibystre.cz\/index.php?rest_route=\/wp\/v2\/pages\/395\/revisions\/854"}],"up":[{"embeddable":true,"href":"https:\/\/www.hasicibystre.cz\/index.php?rest_route=\/wp\/v2\/pages\/90"}],"wp:attachment":[{"href":"https:\/\/www.hasicibystre.cz\/index.php?rest_route=%2Fwp%2Fv2%2Fmedia&parent=395"}],"curies":[{"name":"wp","href":"https:\/\/api.w.org\/{rel}","templated":true}]}}