{"id":632,"date":"2018-07-24T14:19:44","date_gmt":"2018-07-24T12:19:44","guid":{"rendered":"http:\/\/www.hasicibystre.cz\/?page_id=632"},"modified":"2022-07-19T22:34:02","modified_gmt":"2022-07-19T20:34:02","slug":"kalendar-akci","status":"publish","type":"page","link":"https:\/\/www.hasicibystre.cz\/?page_id=632","title":{"rendered":"Kalend\u00e1\u0159 akc\u00ed 2022"},"content":{"rendered":"<p><span style=\"color: #ff0000;\"><strong>Sbor<\/strong><\/span><\/p>\n<table style=\"border-collapse: collapse; width: 114.531%; height: 87px;\" border=\"1\">\n<tbody>\n<tr style=\"height: 29px;\">\n<td style=\"width: 23.9063%; height: 29px;\"><span style=\"color: #999999;\"><span style=\"font-size: 12pt;\"><b>8.&nbsp;ledna<\/b><\/span><del><span style=\"font-size: 12pt;\"><b><br \/>\n<\/b><\/span><\/del><\/span><\/td>\n<td style=\"width: 75.9375%; height: 29px;\"><span style=\"color: #999999; font-size: 12pt;\">V\u00fdro\u010dn\u00ed valn\u00e1 hromada sboru<br \/>\n<\/span><\/td>\n<\/tr>\n<tr>\n<td style=\"width: 23.9063%;\"><span style=\"font-size: 12pt; color: #999999;\"><b>19.&nbsp;\u00fanora<br \/>\n<\/b><\/span><\/td>\n<td style=\"width: 75.9375%;\"><span style=\"font-size: 12pt; color: #999999;\">Hasi\u010dsk\u00fd ples <\/span><\/td>\n<\/tr>\n<tr style=\"height: 29px;\">\n<td style=\"width: 23.9063%; height: 29px;\"><span style=\"font-size: 12pt; color: #999999;\"><b>8. &#8211; 10.&nbsp;\u010dervence<br \/>\n<\/b><\/span><\/td>\n<td style=\"width: 75.9375%; height: 29px;\"><span style=\"font-size: 12pt; color: #999999;\">Soust\u0159ed\u011bn\u00ed dru\u017estev mlad\u00fdch hasi\u010d\u016f &#8211; Bystr\u00e9<br \/>\n<\/span><\/td>\n<\/tr>\n<tr>\n<td style=\"width: 23.9063%;\"><span style=\"font-size: 12pt;\"><b>28.&nbsp;srpna<br \/>\n<\/b><\/span><\/td>\n<td style=\"width: 75.9375%;\"><span style=\"font-size: 12pt;\">P\u0159ipom\u00ednka 50.&nbsp;v\u00fdro\u010d\u00ed \u010dinnosti d\u011btsk\u00fdch kolektiv\u016f v&nbsp;Bystr\u00e9m.<\/span><\/td>\n<\/tr>\n<tr style=\"height: 29px;\">\n<td style=\"width: 23.9063%; height: 29px;\"><span style=\"font-size: 12pt;\"><b>9. &#8211; 11.&nbsp;z\u00e1\u0159\u00ed<\/b><\/span><\/td>\n<td style=\"width: 75.9375%; height: 29px;\"><span style=\"font-size: 12pt;\">Soust\u0159ed\u011bn\u00ed dru\u017estev mlad\u00fdch hasi\u010d\u016f &#8211; Sn\u011b\u017en\u00e9<\/span><\/td>\n<\/tr>\n<\/tbody>\n<\/table>\n<p><span style=\"color: #ff0000;\"><strong>Okrsek, OSH, spolupr\u00e1ce s&nbsp;ostatn\u00edmi sbory<\/strong><\/span><\/p>\n<table id=\"AutoNumber1\" style=\"border-collapse: collapse; width: 100%; height: 113px;\" border=\"1\">\n<tbody>\n<tr style=\"height: 29px;\">\n<td style=\"width: 23.7501%; height: 29px;\"><span style=\"font-size: 12pt; color: #999999;\"><b>18.&nbsp;\u00fanora<\/b><\/span><\/td>\n<td style=\"width: 76.0938%; height: 29px;\"><span style=\"font-size: 12pt; color: #999999;\">Valn\u00e1 hromada 14.&nbsp;okrsku &#8211; De\u0161tn\u00e9<\/span><\/td>\n<\/tr>\n<tr style=\"height: 29px;\">\n<td style=\"width: 23.7501%; height: 29px;\"><span style=\"font-size: 12pt; color: #999999;\"><b>20. &#8211; 22.&nbsp;kv\u011btna<br \/>\n<\/b><\/span><\/td>\n<td style=\"width: 76.0938%; height: 29px;\"><span style=\"font-size: 12pt; color: #999999;\">\u0160kolen\u00ed vedouc\u00edch kolektiv\u016f &#8211; B\u00edl\u00e9 Poli\u010dany <\/span><\/td>\n<\/tr>\n<tr>\n<td style=\"width: 23.7501%;\"><span style=\"font-size: 12pt; color: #999999;\"><b>3.&nbsp;\u010dervna<\/b><del><b><br \/>\n<\/b><\/del><\/span><\/td>\n<td style=\"width: 76.0938%;\"><span style=\"font-size: 12pt; color: #999999;\">Sch\u016fze 14.&nbsp;okrsku &#8211; Kounov<\/span><\/td>\n<\/tr>\n<tr style=\"height: 29px;\">\n<td style=\"width: 23.7501%; height: 29px;\"><span style=\"font-size: 12pt; color: #999999;\"><b>11. &#8211; 12.&nbsp;\u010dervna<br \/>\n<\/b><\/span><\/td>\n<td style=\"width: 76.0938%; height: 29px;\"><span style=\"font-size: 12pt; color: #999999;\">Krajsk\u00e9 kolo hry Plamen &#8211; Dobru\u0161ka, Bystr\u00e9 <\/span><\/td>\n<\/tr>\n<tr style=\"height: 26px;\">\n<td style=\"width: 23.7501%; height: 26px;\"><span style=\"font-size: 12pt; color: #999999;\"><b>16.&nbsp;\u010dervence<\/b><del><b><br \/>\n<\/b><\/del><\/span><\/td>\n<td style=\"width: 76.0938%; height: 26px;\"><span style=\"font-size: 12pt; color: #999999;\">Oslava 150.&nbsp;v\u00fdro\u010d\u00ed zalo\u017een\u00ed SDH Bystr\u00e9 u Poli\u010dky<\/span><\/td>\n<\/tr>\n<\/tbody>\n<\/table>\n<p><span style=\"color: #ff0000;\"><strong>Mlad\u00ed hasi\u010di a dorostenci<\/strong><\/span><\/p>\n<table id=\"AutoNumber1\" style=\"border-collapse: collapse; width: 129.339%; height: 406px;\" border=\"1\">\n<tbody>\n<tr style=\"height: 30px;\">\n<td style=\"height: 30px; width: 24.2189%;\" width=\"14%\" height=\"21\"><span style=\"font-size: 12pt; color: #999999;\"><b>26.&nbsp;\u00fanora<\/b><\/span><\/td>\n<td style=\"height: 30px; width: 75.6251%;\" width=\"86%\" height=\"21\"><span style=\"font-size: 12pt; color: #999999;\">Hav\u00ed\u0159ovsk\u00e1 hala MH &#8211; Hav\u00ed\u0159ov<br \/>\n<\/span><\/td>\n<\/tr>\n<tr style=\"height: 30px;\">\n<td style=\"height: 30px; width: 24.2189%;\" width=\"14%\"><span style=\"color: #999999;\"><b><span style=\"font-size: 12pt;\">5.&nbsp;b\u0159ezna<\/span><\/b><\/span><\/td>\n<td style=\"height: 30px; width: 75.6251%;\" width=\"86%\"><span style=\"font-size: 12pt; color: #999999;\">Provozsk\u00e1 uzlovka &#8211; Provoz<br \/>\n<\/span><\/td>\n<\/tr>\n<tr style=\"height: 26px;\">\n<td style=\"width: 24.2189%; height: 26px;\"><span style=\"font-size: 12pt; color: #999999;\"><b>23.&nbsp;dubna<\/b><\/span><\/td>\n<td style=\"width: 75.6251%; height: 26px;\"><span style=\"font-size: 12pt; color: #999999;\">Memori\u00e1l Josefa Dus\u00edlka mlad\u00fdch hasi\u010d\u016f &#8211; Bystr\u00e9<br \/>\n<\/span><\/td>\n<\/tr>\n<tr style=\"height: 26px;\">\n<td style=\"width: 24.2189%; height: 26px;\"><span style=\"font-size: 12pt; color: #999999;\"><b>7.&nbsp;kv\u011btna<\/b><\/span><\/td>\n<td style=\"width: 75.6251%; height: 26px;\"><span style=\"font-size: 12pt; color: #999999;\">Poh\u00e1r SDH &#8211; Houdkovice<br \/>\n<\/span><\/td>\n<\/tr>\n<tr>\n<td style=\"width: 24.2189%;\"><span style=\"font-size: 12pt; color: #999999;\"><b>14.&nbsp;kv\u011btna<\/b><\/span><\/td>\n<td style=\"width: 75.6251%;\"><span style=\"font-size: 12pt; color: #999999;\">B\u011bh na 60m s&nbsp;p\u0159ek\u00e1\u017ekami &#8211; Rokytnice v&nbsp;O.h.<br \/>\n<\/span><\/td>\n<\/tr>\n<tr style=\"height: 29px;\">\n<td style=\"width: 24.2189%; height: 29px;\"><span style=\"font-size: 12pt; color: #999999;\"><b>27. &#8211; 29.&nbsp;kv\u011btna<br \/>\n<\/b><\/span><\/td>\n<td style=\"width: 75.6251%; height: 29px;\"><span style=\"font-size: 12pt; color: #999999;\">Okresn\u00ed kolo hry Plamen &#8211; Je\u0161t\u011btice<br \/>\n<\/span><\/td>\n<\/tr>\n<tr style=\"height: 29px;\">\n<td style=\"width: 24.2189%; height: 29px;\"><span style=\"font-size: 12pt; color: #999999;\"><b>19.&nbsp;\u010dervna<br \/>\n<\/b><\/span><\/td>\n<td style=\"width: 75.6251%; height: 29px;\"><span style=\"font-size: 12pt; color: #999999;\">Memori\u00e1l A.Hub\u00e1\u010dkov\u00e9 &#8211; Opo\u010dno<br \/>\n<\/span><\/td>\n<\/tr>\n<tr>\n<td style=\"width: 24.2189%;\"><span style=\"font-size: 12pt; color: #999999;\"><b>25.&nbsp;\u010dervna<br \/>\n<\/b><\/span><\/td>\n<td style=\"width: 75.6251%;\"><span style=\"font-size: 12pt; color: #999999;\">Poh\u00e1r obce J\u00edlovice<\/span><\/td>\n<\/tr>\n<tr style=\"height: 29px;\">\n<td style=\"width: 24.2189%; height: 29px;\"><span style=\"color: #999999;\"><b><span style=\"font-size: 12pt;\">2.&nbsp;\u010dervence<br \/>\n<\/span><\/b><\/span><\/td>\n<td style=\"width: 75.6251%; height: 29px;\"><span style=\"font-size: 12pt; color: #999999;\">\u010c\u00e1neck\u00fd poh\u00e1r v&nbsp;P\u00da &#8211; \u010c\u00e1nka<br \/>\n<\/span><\/td>\n<\/tr>\n<tr>\n<td style=\"width: 24.2189%;\"><span style=\"font-size: 12pt;\"><b>20.&nbsp;srpna<\/b><\/span><\/td>\n<td style=\"width: 75.6251%;\"><span style=\"font-size: 12pt;\">Poh\u00e1r obce Ledce MH &#8211; Ledce<br \/>\n<\/span><\/td>\n<\/tr>\n<tr style=\"height: 29px;\">\n<td style=\"width: 24.2189%; height: 29px;\"><span style=\"font-size: 12pt;\"><b>27.&nbsp;srpna<\/b><\/span><\/td>\n<td style=\"width: 75.6251%; height: 29px;\"><span style=\"color: #000000; font-size: 12pt;\">Hasi\u010dsk\u00e9 kl\u00e1n\u00ed &#8211; K\u0159ovice<br \/>\n<\/span><\/td>\n<\/tr>\n<tr>\n<td style=\"width: 24.2189%;\"><span style=\"font-size: 12pt;\"><b>17.&nbsp;z\u00e1\u0159\u00ed<br \/>\n<\/b><\/span><\/td>\n<td style=\"width: 75.6251%;\"><span style=\"font-size: 12pt;\">Lukavick\u00fd bra\u0148\u00e1\u010dek 2022<\/span><\/td>\n<\/tr>\n<tr style=\"height: 29px;\">\n<td style=\"width: 24.2189%; height: 29px;\"><span style=\"font-size: 12pt;\"><b>8.&nbsp;\u0159\u00edjna<br \/>\n<\/b><\/span><\/td>\n<td style=\"width: 75.6251%; height: 29px;\"><span style=\"color: #000000; font-size: 12pt;\">Zahajovac\u00ed ZPV &#8211;\u00a0 Lukavice<br \/>\n<\/span><\/td>\n<\/tr>\n<tr>\n<td style=\"width: 24.2189%;\"><span style=\"font-size: 12pt;\"><b>15.&nbsp;\u0159\u00edjna<\/b><\/span><\/td>\n<td style=\"width: 75.6251%;\"><span style=\"font-size: 12pt;\">Memori\u00e1l J.K\u00e1rn\u00edka v&nbsp;ZPV &#8211; Meziles\u00ed<\/span><\/td>\n<\/tr>\n<\/tbody>\n<\/table>\n<p><span style=\"color: #ff0000;\"><strong>Po\u017e\u00e1rn\u00ed sport<\/strong><\/span><\/p>\n<table id=\"AutoNumber1\" style=\"border-collapse: collapse; width: 100.156%;\" border=\"1\">\n<tbody>\n<tr>\n<td style=\"width: 24.375%;\"><span style=\"font-size: 12pt; color: #999999;\"><b>4.&nbsp;\u010dervna<br \/>\n<\/b><\/span><\/td>\n<td style=\"width: 75.4688%;\"><span style=\"font-size: 12pt; color: #999999;\">Okresn\u00ed kolo v&nbsp;po\u017e\u00e1rn\u00edm sportu &#8211; Vrbice <\/span><\/td>\n<\/tr>\n<\/tbody>\n<\/table>\n<p><span style=\"color: #ff0000;\"><strong>Ostatn\u00ed<\/strong><\/span><\/p>\n<table id=\"AutoNumber1\" style=\"border-collapse: collapse;\" border=\"1\">\n<tbody>\n<tr style=\"height: 30px;\">\n<td style=\"height: 30px; width: 165px;\" width=\"14%\" height=\"21\"><span style=\"font-size: 12pt; color: #999999;\"><b>11.&nbsp;kv\u011btna<\/b><\/span><\/td>\n<td style=\"height: 30px; width: 548px;\" width=\"86%\" height=\"21\"><span style=\"font-size: 12pt; color: #999999;\"> Kv\u011btinov\u00fd den 2022<\/span><\/td>\n<\/tr>\n<\/tbody>\n<\/table>\n<div><\/div>\n<div><\/div>\n<div><\/div>\n","protected":false},"excerpt":{"rendered":"<p>Sbor 8.&nbsp;ledna V\u00fdro\u010dn\u00ed valn\u00e1 hromada sboru 19.&nbsp;\u00fanora Hasi\u010dsk\u00fd ples 8. &#8211; 10.&nbsp;\u010dervence Soust\u0159ed\u011bn\u00ed dru\u017estev mlad\u00fdch hasi\u010d\u016f &#8211; Bystr\u00e9 28.&nbsp;srpna P\u0159ipom\u00ednka 50.&nbsp;v\u00fdro\u010d\u00ed \u010dinnosti d\u011btsk\u00fdch kolektiv\u016f v&nbsp;Bystr\u00e9m. 9. &#8211; 11.&nbsp;z\u00e1\u0159\u00ed Soust\u0159ed\u011bn\u00ed dru\u017estev mlad\u00fdch hasi\u010d\u016f &#8211; Sn\u011b\u017en\u00e9 Okrsek, OSH, spolupr\u00e1ce s&nbsp;ostatn\u00edmi sbory 18.&nbsp;\u00fanora Valn\u00e1 hromada 14.&nbsp;okrsku &#8211; De\u0161tn\u00e9 20. &#8211; 22.&nbsp;kv\u011btna \u0160kolen\u00ed vedouc\u00edch kolektiv\u016f &#8211; B\u00edl\u00e9 Poli\u010dany 3.&nbsp;\u010dervna [&hellip;]<\/p>\n","protected":false},"author":2,"featured_media":0,"parent":61,"menu_order":0,"comment_status":"closed","ping_status":"closed","template":"","meta":{"footnotes":""},"class_list":["post-632","page","type-page","status-publish","hentry"],"aioseo_notices":[],"jetpack_sharing_enabled":true,"jetpack_likes_enabled":true,"_links":{"self":[{"href":"https:\/\/www.hasicibystre.cz\/index.php?rest_route=\/wp\/v2\/pages\/632","targetHints":{"allow":["GET"]}}],"collection":[{"href":"https:\/\/www.hasicibystre.cz\/index.php?rest_route=\/wp\/v2\/pages"}],"about":[{"href":"https:\/\/www.hasicibystre.cz\/index.php?rest_route=\/wp\/v2\/types\/page"}],"author":[{"embeddable":true,"href":"https:\/\/www.hasicibystre.cz\/index.php?rest_route=\/wp\/v2\/users\/2"}],"replies":[{"embeddable":true,"href":"https:\/\/www.hasicibystre.cz\/index.php?rest_route=%2Fwp%2Fv2%2Fcomments&post=632"}],"version-history":[{"count":30,"href":"https:\/\/www.hasicibystre.cz\/index.php?rest_route=\/wp\/v2\/pages\/632\/revisions"}],"predecessor-version":[{"id":3194,"href":"https:\/\/www.hasicibystre.cz\/index.php?rest_route=\/wp\/v2\/pages\/632\/revisions\/3194"}],"up":[{"embeddable":true,"href":"https:\/\/www.hasicibystre.cz\/index.php?rest_route=\/wp\/v2\/pages\/61"}],"wp:attachment":[{"href":"https:\/\/www.hasicibystre.cz\/index.php?rest_route=%2Fwp%2Fv2%2Fmedia&parent=632"}],"curies":[{"name":"wp","href":"https:\/\/api.w.org\/{rel}","templated":true}]}}