{"id":65,"date":"2017-08-24T22:58:37","date_gmt":"2017-08-24T20:58:37","guid":{"rendered":"http:\/\/www.hasicibystre.cz\/?page_id=65"},"modified":"2021-10-31T10:52:21","modified_gmt":"2021-10-31T09:52:21","slug":"jsdho","status":"publish","type":"page","link":"https:\/\/www.hasicibystre.cz\/?page_id=65","title":{"rendered":"JSDHO"},"content":{"rendered":"<p align=\"center\"><span style=\"font-size: 12pt;\">JSDHO Bystr\u00e9 tvo\u0159\u00ed 14 \u010dlen\u016f. Jednotka je za\u0159azena jako jednotka JPO V.<\/span><\/p>\n<table style=\"height: 420px; width: 97.8752%;\" border=\"1\">\n<tbody>\n<tr style=\"height: 30px;\">\n<td style=\"width: 147px; height: 30px;\" width=\"127\"><span style=\"font-size: 12pt;\">Franti\u0161ek\u00a0\u00a0\u00a0<\/span><\/td>\n<td style=\"width: 192px; height: 30px;\" width=\"165\"><span style=\"font-size: 12pt;\">Sozansk\u00fd<\/span><\/td>\n<td style=\"width: 153px; height: 30px;\" width=\"132\"><span style=\"color: #ff0000;\"><strong><span style=\"font-size: 12pt;\">Velitel jednotky<\/span><\/strong><\/span><\/td>\n<td style=\"width: 136px; height: 30px;\" width=\"117\"><span style=\"font-size: 12pt;\">777&nbsp;117&nbsp;720<\/span><\/td>\n<\/tr>\n<tr style=\"height: 30px;\">\n<td style=\"width: 147px; height: 30px;\" width=\"127\"><span style=\"font-size: 12pt;\">Franti\u0161ek<\/span><\/td>\n<td style=\"width: 192px; height: 30px;\" width=\"165\"><span style=\"font-size: 12pt;\">Haufer<\/span><\/td>\n<td style=\"width: 153px; height: 30px;\" width=\"132\"><span style=\"color: #ff0000;\"><strong><span style=\"font-size: 12pt;\">Strojn\u00edk<\/span><\/strong><\/span><\/td>\n<td style=\"width: 136px; height: 30px;\" width=\"117\"><span style=\"font-size: 12pt;\">736&nbsp;770&nbsp;104<\/span><\/td>\n<\/tr>\n<tr style=\"height: 30px;\">\n<td style=\"width: 147px; height: 30px;\" width=\"127\"><span style=\"font-size: 12pt;\">Josef<\/span><\/td>\n<td style=\"width: 192px; height: 30px;\" width=\"165\"><span style=\"font-size: 12pt;\">Mach<br \/>\n<\/span><\/td>\n<td style=\"width: 153px; height: 30px;\" width=\"132\"><span style=\"font-size: 12pt;\">Strojn\u00edk<\/span><\/td>\n<td style=\"width: 136px; height: 30px;\" width=\"117\"><span style=\"font-size: 12pt;\">604&nbsp;219&nbsp;744<\/span><\/td>\n<\/tr>\n<tr style=\"height: 30px;\">\n<td style=\"width: 147px; height: 30px;\" width=\"127\"><span style=\"font-size: 12pt;\">Jan<\/span><\/td>\n<td style=\"width: 192px; height: 30px;\" width=\"165\"><span style=\"font-size: 12pt;\">Barto\u0161<\/span><\/td>\n<td style=\"width: 153px; height: 30px;\" width=\"132\"><span style=\"color: #ff0000;\"><strong><span style=\"font-size: 12pt;\">Hasi\u010d<\/span><\/strong><\/span><\/td>\n<td style=\"width: 136px; height: 30px;\" width=\"117\"><span style=\"font-size: 12pt;\">724&nbsp;524&nbsp;319<\/span><\/td>\n<\/tr>\n<tr style=\"height: 30px;\">\n<td style=\"width: 147px; height: 30px;\" width=\"127\"><span style=\"font-size: 12pt;\">Martin<\/span><\/td>\n<td style=\"width: 192px; height: 30px;\" width=\"165\"><span style=\"font-size: 12pt;\">D\u011bdek<\/span><\/td>\n<td style=\"width: 153px; height: 30px;\" width=\"132\"><span style=\"font-size: 12pt;\">Hasi\u010d<\/span><\/td>\n<td style=\"width: 136px; height: 30px;\" width=\"117\"><span style=\"font-size: 12pt;\">731&nbsp;810&nbsp;906<\/span><\/td>\n<\/tr>\n<tr style=\"height: 30px;\">\n<td style=\"width: 147px; height: 30px;\" width=\"127\"><span style=\"font-size: 12pt;\">V\u00e1clav<\/span><\/td>\n<td style=\"width: 192px; height: 30px;\" width=\"165\"><span style=\"font-size: 12pt;\">Dra\u0161nar ml.<\/span><\/td>\n<td style=\"width: 153px; height: 30px;\" width=\"132\"><span style=\"font-size: 12pt;\">Hasi\u010d<\/span><\/td>\n<td style=\"width: 136px; height: 30px;\" width=\"117\"><span style=\"font-size: 12pt;\">602&nbsp;583&nbsp;099<\/span><\/td>\n<\/tr>\n<tr style=\"height: 30px;\">\n<td style=\"width: 147px; height: 30px;\" width=\"127\"><span style=\"font-size: 12pt;\">Michal<\/span><\/td>\n<td style=\"width: 192px; height: 30px;\" width=\"165\"><span style=\"font-size: 12pt;\">Dus\u00edlek<\/span><\/td>\n<td style=\"width: 153px; height: 30px;\" width=\"132\"><span style=\"font-size: 12pt;\">Hasi\u010d<\/span><\/td>\n<td style=\"width: 136px; height: 30px;\" width=\"117\"><span style=\"font-size: 12pt;\">606&nbsp;561&nbsp;071<\/span><\/td>\n<\/tr>\n<tr style=\"height: 30px;\">\n<td style=\"width: 147px; height: 30px;\" width=\"127\"><span style=\"font-size: 12pt;\">Milo\u0161<\/span><\/td>\n<td style=\"width: 192px; height: 30px;\" width=\"165\"><span style=\"font-size: 12pt;\">Franc<\/span><\/td>\n<td style=\"width: 153px; height: 30px;\" width=\"132\"><span style=\"font-size: 12pt;\">Hasi\u010d<\/span><\/td>\n<td style=\"width: 136px; height: 30px;\" width=\"117\"><span style=\"font-size: 12pt;\">721&nbsp;171&nbsp;288<\/span><\/td>\n<\/tr>\n<tr style=\"height: 30px;\">\n<td style=\"width: 147px; height: 30px;\" width=\"127\"><span style=\"font-size: 12pt;\">Jan<\/span><\/td>\n<td style=\"width: 192px; height: 30px;\" width=\"165\"><span style=\"font-size: 12pt;\">Franc<\/span><\/td>\n<td style=\"width: 153px; height: 30px;\" width=\"132\"><span style=\"font-size: 12pt;\">Hasi\u010d<\/span><\/td>\n<td style=\"width: 136px; height: 30px;\" width=\"117\"><span style=\"font-size: 12pt;\">606&nbsp;503&nbsp;544<\/span><\/td>\n<\/tr>\n<tr style=\"height: 30px;\">\n<td style=\"width: 147px; height: 30px;\" width=\"127\"><span style=\"font-size: 12pt;\">Luk\u00e1\u0161<\/span><\/td>\n<td style=\"width: 192px; height: 30px;\" width=\"165\"><span style=\"font-size: 12pt;\">Krej\u010d\u00ed<\/span><\/td>\n<td style=\"width: 153px; height: 30px;\" width=\"132\"><span style=\"font-size: 12pt;\">Hasi\u010d<\/span><\/td>\n<td style=\"width: 136px; height: 30px;\" width=\"117\"><span style=\"font-size: 12pt;\">603&nbsp;379&nbsp;487<\/span><\/td>\n<\/tr>\n<tr style=\"height: 30px;\">\n<td style=\"width: 147px; height: 30px;\" width=\"127\"><span style=\"font-size: 12pt;\">Simon<\/span><\/td>\n<td style=\"width: 192px; height: 30px;\" width=\"165\"><span style=\"font-size: 12pt;\">Krpata<\/span><\/td>\n<td style=\"width: 153px; height: 30px;\" width=\"132\"><span style=\"font-size: 12pt;\">Hasi\u010d<\/span><\/td>\n<td style=\"width: 136px; height: 30px;\" width=\"117\"><span style=\"font-size: 12pt;\">728&nbsp;830&nbsp;078<\/span><\/td>\n<\/tr>\n<tr style=\"height: 30px;\">\n<td style=\"width: 147px; height: 30px;\" width=\"127\"><span style=\"font-size: 12pt;\">Josef<\/span><\/td>\n<td style=\"width: 192px; height: 30px;\" width=\"165\"><span style=\"font-size: 12pt;\">Luk\u00e1\u0161ek<\/span><\/td>\n<td style=\"width: 153px; height: 30px;\" width=\"132\"><span style=\"font-size: 12pt;\">Hasi\u010d<\/span><\/td>\n<td style=\"width: 136px; height: 30px;\" width=\"117\"><span style=\"font-size: 12pt;\">776&nbsp;140&nbsp;201<\/span><\/td>\n<\/tr>\n<tr style=\"height: 30px;\">\n<td style=\"width: 147px; height: 30px;\" width=\"127\"><span style=\"font-size: 12pt;\">Richard<\/span><\/td>\n<td style=\"width: 192px; height: 30px;\" width=\"165\"><span style=\"font-size: 12pt;\">Poul<\/span><\/td>\n<td style=\"width: 153px; height: 30px;\" width=\"132\"><span style=\"font-size: 12pt;\">Hasi\u010d<\/span><\/td>\n<td style=\"width: 136px; height: 30px;\" width=\"117\"><span style=\"font-size: 12pt;\">777&nbsp;518&nbsp;937<\/span><\/td>\n<\/tr>\n<tr style=\"height: 30px;\">\n<td style=\"width: 147px; height: 30px;\" width=\"127\"><span style=\"font-size: 12pt;\">Leo\u0161<\/span><\/td>\n<td style=\"width: 192px; height: 30px;\" width=\"165\"><span style=\"font-size: 12pt;\">\u0160evc<\/span><\/td>\n<td style=\"width: 153px; height: 30px;\" width=\"132\"><span style=\"font-size: 12pt;\">Hasi\u010d<\/span><\/td>\n<td style=\"width: 136px; height: 30px;\" width=\"117\"><span style=\"font-size: 12pt;\">603&nbsp;567&nbsp;714<\/span><\/td>\n<\/tr>\n<\/tbody>\n<\/table>\n<p align=\"center\">\n","protected":false},"excerpt":{"rendered":"<p>JSDHO Bystr\u00e9 tvo\u0159\u00ed 14 \u010dlen\u016f. Jednotka je za\u0159azena jako jednotka JPO V. Franti\u0161ek\u00a0\u00a0\u00a0 Sozansk\u00fd Velitel jednotky 777&nbsp;117&nbsp;720 Franti\u0161ek Haufer Strojn\u00edk 736&nbsp;770&nbsp;104 Josef Mach Strojn\u00edk 604&nbsp;219&nbsp;744 Jan Barto\u0161 Hasi\u010d 724&nbsp;524&nbsp;319 Martin D\u011bdek Hasi\u010d 731&nbsp;810&nbsp;906 V\u00e1clav Dra\u0161nar ml. Hasi\u010d 602&nbsp;583&nbsp;099 Michal Dus\u00edlek Hasi\u010d 606&nbsp;561&nbsp;071 Milo\u0161 Franc Hasi\u010d 721&nbsp;171&nbsp;288 Jan Franc Hasi\u010d 606&nbsp;503&nbsp;544 Luk\u00e1\u0161 Krej\u010d\u00ed Hasi\u010d 603&nbsp;379&nbsp;487 Simon [&hellip;]<\/p>\n","protected":false},"author":2,"featured_media":0,"parent":61,"menu_order":0,"comment_status":"closed","ping_status":"closed","template":"","meta":{"footnotes":""},"class_list":["post-65","page","type-page","status-publish","hentry"],"aioseo_notices":[],"jetpack_sharing_enabled":true,"jetpack_likes_enabled":true,"_links":{"self":[{"href":"https:\/\/www.hasicibystre.cz\/index.php?rest_route=\/wp\/v2\/pages\/65","targetHints":{"allow":["GET"]}}],"collection":[{"href":"https:\/\/www.hasicibystre.cz\/index.php?rest_route=\/wp\/v2\/pages"}],"about":[{"href":"https:\/\/www.hasicibystre.cz\/index.php?rest_route=\/wp\/v2\/types\/page"}],"author":[{"embeddable":true,"href":"https:\/\/www.hasicibystre.cz\/index.php?rest_route=\/wp\/v2\/users\/2"}],"replies":[{"embeddable":true,"href":"https:\/\/www.hasicibystre.cz\/index.php?rest_route=%2Fwp%2Fv2%2Fcomments&post=65"}],"version-history":[{"count":6,"href":"https:\/\/www.hasicibystre.cz\/index.php?rest_route=\/wp\/v2\/pages\/65\/revisions"}],"predecessor-version":[{"id":2618,"href":"https:\/\/www.hasicibystre.cz\/index.php?rest_route=\/wp\/v2\/pages\/65\/revisions\/2618"}],"up":[{"embeddable":true,"href":"https:\/\/www.hasicibystre.cz\/index.php?rest_route=\/wp\/v2\/pages\/61"}],"wp:attachment":[{"href":"https:\/\/www.hasicibystre.cz\/index.php?rest_route=%2Fwp%2Fv2%2Fmedia&parent=65"}],"curies":[{"name":"wp","href":"https:\/\/api.w.org\/{rel}","templated":true}]}}