{"id":704,"date":"2018-07-24T20:02:48","date_gmt":"2018-07-24T18:02:48","guid":{"rendered":"http:\/\/www.hasicibystre.cz\/?page_id=704"},"modified":"2018-07-30T19:33:57","modified_gmt":"2018-07-30T17:33:57","slug":"1990-1991","status":"publish","type":"page","link":"https:\/\/www.hasicibystre.cz\/?page_id=704","title":{"rendered":"1990 &#8211; 1991"},"content":{"rendered":"<p>\u010clenov\u00e9 kolektivu<\/p>\n<table width=\"556\">\n<tbody>\n<tr>\n<td width=\"33%\"><em><strong> Jm\u00e9no<\/strong><\/em><\/td>\n<td width=\"33%\"><em><strong> Bydli\u0161t\u011b<\/strong><\/em><\/td>\n<td width=\"33%\"><em><strong> V\u011bk<\/strong><\/em><\/td>\n<\/tr>\n<tr>\n<td width=\"33%\"><strong>Jan Barto\u0161<\/strong><\/td>\n<td width=\"33%\"><strong> Bystr\u00e9<\/strong><\/td>\n<td width=\"33%\"><strong>16<\/strong><\/td>\n<\/tr>\n<tr>\n<td width=\"33%\"><strong> Michal Dus\u00edlek<\/strong><\/td>\n<td width=\"33%\"><strong> Bystr\u00e9<\/strong><\/td>\n<td width=\"33%\"><strong>16<\/strong><\/td>\n<\/tr>\n<tr>\n<td width=\"33%\"><strong> \u0160\u00e1rka Dus\u00edlkov\u00e1<\/strong><\/td>\n<td width=\"33%\"><strong> Bystr\u00e9<\/strong><\/td>\n<td width=\"33%\"><strong>16<\/strong><\/td>\n<\/tr>\n<tr>\n<td width=\"33%\"><strong> Franti\u0161ek Haufer<\/strong><\/td>\n<td width=\"33%\"><strong> Janov<\/strong><\/td>\n<td width=\"33%\"><strong>16<\/strong><\/td>\n<\/tr>\n<tr>\n<td width=\"33%\"><strong> Kamil Hor\u00e1k<\/strong><\/td>\n<td width=\"33%\"><strong> Bystr\u00e9<\/strong><\/td>\n<td width=\"33%\"><strong>15<\/strong><\/td>\n<\/tr>\n<tr>\n<td width=\"33%\"><strong> Miroslav Linhart<\/strong><\/td>\n<td width=\"33%\"><strong> Bohda\u0161\u00edn<\/strong><\/td>\n<td width=\"33%\"><strong>16<\/strong><\/td>\n<\/tr>\n<tr>\n<td width=\"33%\"><strong> Josef Mach<\/strong><\/td>\n<td width=\"33%\"><strong> Bystr\u00e9<\/strong><\/td>\n<td width=\"33%\"><strong>16<\/strong><\/td>\n<\/tr>\n<tr>\n<td width=\"33%\"><strong> Alena Machov\u00e1<\/strong><\/td>\n<td width=\"33%\"><strong> Bystr\u00e9<\/strong><\/td>\n<td width=\"33%\"><strong>18<\/strong><\/td>\n<\/tr>\n<tr>\n<td width=\"33%\"><strong> Petra Net\u00edkov\u00e1<\/strong><\/td>\n<td width=\"33%\"><strong> Bystr\u00e9<\/strong><\/td>\n<td width=\"33%\"><strong>15<\/strong><\/td>\n<\/tr>\n<tr>\n<td width=\"33%\"><strong> Josef \u0160evc<\/strong><\/td>\n<td width=\"33%\"><strong> Bystr\u00e9<\/strong><\/td>\n<td width=\"33%\"><strong>15<\/strong><\/td>\n<\/tr>\n<tr>\n<td width=\"33%\"><strong> Leo\u0161 \u0160evc<\/strong><\/td>\n<td width=\"33%\"><strong> Bystr\u00e9<\/strong><\/td>\n<td width=\"33%\"><strong>18<\/strong><\/td>\n<\/tr>\n<tr>\n<td width=\"33%\"><strong> Lubo\u0161 V\u00edtek<\/strong><\/td>\n<td width=\"33%\"><strong> Bystr\u00e9<\/strong><\/td>\n<td width=\"33%\"><strong>15<\/strong><\/td>\n<\/tr>\n<\/tbody>\n<\/table>\n<p style=\"text-align: justify;\"><u>Z\u00e1vod po\u017e\u00e1rnick\u00e9 v\u0161estrannosti<\/u><\/p>\n<p style=\"text-align: justify;\">Nov\u011b ustaven\u00fd dorosteneck\u00fd kolektiv se z\u00fa\u010dastnil z\u00e1vodu po\u017e\u00e1rnick\u00e9 v\u0161estrannosti konan\u00e9m v&nbsp;Ch\u00e1bor\u00e1ch. Kolektiv zastoupen\u00fd jednou hl\u00eddkou zastupovali F. Haufer, M. Linhart, M. Dus\u00edlek, J. \u0160evc, L. V\u00edtek a n\u00e1hradn\u00edk J. Mach. Na start nastoupili v&nbsp;nov\u00fdch tepl\u00e1kov\u00fdch souprav\u00e1ch, kter\u00e9 jim slu\u0161ely. V&nbsp;z\u00e1vod\u011b podaly dobr\u00fd v\u00fdkon a p\u0159i \u00fa\u010dasti \u0161esti dorosteneck\u00fdch kolektiv\u016f zv\u00edt\u011bzili. V\u00fdsledek je dobr\u00fdm po\u010dinkem nov\u011b sestaven\u00e9ho kolektivu.<\/p>\n<p style=\"text-align: justify;\"><u>Valn\u00e1 hromada<\/u><\/p>\n<p style=\"text-align: justify;\">Sestaven\u00ed dru\u017estva dorostenc\u016f a jejich prvn\u00ed dobr\u00e9 um\u00edst\u011bn\u00ed v&nbsp;sout\u011b\u017e\u00edch bylo dob\u0159e hodnoceno na valn\u00e9 hromad\u011b SDH v&nbsp;Bystr\u00e9m, kter\u00e1 se konala 30.&nbsp;prosince 1990.<\/p>\n<p style=\"text-align: justify;\"><u>Okrskov\u00e1 sout\u011b\u017e<\/u><\/p>\n<p style=\"text-align: justify;\">Jarn\u00ed p\u0159\u00edpravu na sout\u011b\u017ee jsme zah\u00e1jili v&nbsp;dubnu n\u00e1cvikem na okrskovou sout\u011b\u017e konanou 25.&nbsp;5.&nbsp;1991 na h\u0159i\u0161ti v&nbsp;na\u0161\u00ed obci. Cel\u00fd kolektiv se sch\u00e1zel pouze v&nbsp;sobotu a v&nbsp;ned\u011bli, nebo\u0165 n\u011bkte\u0159\u00ed \u010dlenov\u00e9 jsou cel\u00fd t\u00fdden na intern\u00e1tech. Na h\u0159i\u0161ti jsme tr\u00e9novali \u00fatok a b\u011bh na 100&nbsp;m s&nbsp;p\u0159ek\u00e1\u017ekami.<\/p>\n<p style=\"text-align: justify;\">Okrskov\u00e1 sout\u011b\u017e prob\u00edhala za nep\u0159\u00edzniv\u00e9ho po\u010das\u00ed, ale i p\u0159esto se n\u00e1m da\u0159ilo. V&nbsp;po\u017e\u00e1rn\u00edm \u00fatoku jsme obsadili 2.&nbsp;m\u00edsto ze z\u00fa\u010dastn\u011bn\u00fdch 10 dru\u017estev mu\u017e\u016f a \u017een.<\/p>\n<p style=\"text-align: justify;\">Pokus\u00edme se i o dobr\u00fd v\u00fdsledek v&nbsp;sout\u011b\u017ei okresn\u00edho kola dorosteneck\u00fdch kolektiv\u016f.<\/p>\n<p style=\"text-align: justify;\"><u>Velk\u00e1 \u010cermn\u00e1<\/u><\/p>\n<p style=\"text-align: justify;\">Okresn\u00ed kolo sout\u011b\u017ee dorosteneck\u00fdch kolektiv\u016f se konalo v&nbsp;\u010cermn\u00e9 nad Orlic\u00ed. Do sout\u011b\u017ee se p\u0159ihl\u00e1sily 4 kolektivy chlapc\u016f a 3 kolektivy d\u00edvek. Sout\u011b\u017e prob\u00edhala na h\u0159i\u0161ti v&nbsp;\u010cermn\u00e9. Poda\u0159ilo se n\u00e1m sestavit dru\u017estvo, i p\u0159esto, \u017ee dva kamar\u00e1di byli na chmelu. Sout\u011b\u017e byla vyrovnan\u00e1 a n\u00e1m se celkem da\u0159ilo v&nbsp;b\u011bhu na 100&nbsp;m s&nbsp;p\u0159ek\u00e1\u017ekami a \u0161tafet\u011b 4 x 100&nbsp;m. Nevy\u0161el n\u00e1m po\u017e\u00e1rn\u00ed \u00fatok. Celkov\u011b jsme m\u011bli stejn\u00fd po\u010det 8 bod\u016f s&nbsp;Kvasinami. Lep\u0161\u00edm v\u00fdsledkem v&nbsp;po\u017e\u00e1rn\u00edm \u00fatoku postoupilo dru\u017estvo z&nbsp;Kvasin. Druh\u00e9 m\u00edsto je pro n\u00e1\u0161 za\u010d\u00ednaj\u00edc\u00ed kolektiv dobr\u00fdm um\u00edst\u011bn\u00edm a v&nbsp;dal\u0161\u00edm ro\u010dn\u00edku se pokus\u00edme o lep\u0161\u00ed v\u00fdsledek.<\/p>\n","protected":false},"excerpt":{"rendered":"<p>\u010clenov\u00e9 kolektivu Jm\u00e9no Bydli\u0161t\u011b V\u011bk Jan Barto\u0161 Bystr\u00e9 16 Michal Dus\u00edlek Bystr\u00e9 16 \u0160\u00e1rka Dus\u00edlkov\u00e1 Bystr\u00e9 16 Franti\u0161ek Haufer Janov 16 Kamil Hor\u00e1k Bystr\u00e9 15 Miroslav Linhart Bohda\u0161\u00edn 16 Josef Mach Bystr\u00e9 16 Alena Machov\u00e1 Bystr\u00e9 18 Petra Net\u00edkov\u00e1 Bystr\u00e9 15 Josef \u0160evc Bystr\u00e9 15 Leo\u0161 \u0160evc Bystr\u00e9 18 Lubo\u0161 V\u00edtek Bystr\u00e9 15 Z\u00e1vod po\u017e\u00e1rnick\u00e9 [&hellip;]<\/p>\n","protected":false},"author":2,"featured_media":0,"parent":118,"menu_order":0,"comment_status":"closed","ping_status":"closed","template":"","meta":{"footnotes":""},"class_list":["post-704","page","type-page","status-publish","hentry"],"aioseo_notices":[],"jetpack_sharing_enabled":true,"jetpack_likes_enabled":true,"_links":{"self":[{"href":"https:\/\/www.hasicibystre.cz\/index.php?rest_route=\/wp\/v2\/pages\/704","targetHints":{"allow":["GET"]}}],"collection":[{"href":"https:\/\/www.hasicibystre.cz\/index.php?rest_route=\/wp\/v2\/pages"}],"about":[{"href":"https:\/\/www.hasicibystre.cz\/index.php?rest_route=\/wp\/v2\/types\/page"}],"author":[{"embeddable":true,"href":"https:\/\/www.hasicibystre.cz\/index.php?rest_route=\/wp\/v2\/users\/2"}],"replies":[{"embeddable":true,"href":"https:\/\/www.hasicibystre.cz\/index.php?rest_route=%2Fwp%2Fv2%2Fcomments&post=704"}],"version-history":[{"count":3,"href":"https:\/\/www.hasicibystre.cz\/index.php?rest_route=\/wp\/v2\/pages\/704\/revisions"}],"predecessor-version":[{"id":976,"href":"https:\/\/www.hasicibystre.cz\/index.php?rest_route=\/wp\/v2\/pages\/704\/revisions\/976"}],"up":[{"embeddable":true,"href":"https:\/\/www.hasicibystre.cz\/index.php?rest_route=\/wp\/v2\/pages\/118"}],"wp:attachment":[{"href":"https:\/\/www.hasicibystre.cz\/index.php?rest_route=%2Fwp%2Fv2%2Fmedia&parent=704"}],"curies":[{"name":"wp","href":"https:\/\/api.w.org\/{rel}","templated":true}]}}