{"id":726,"date":"2018-07-24T20:10:32","date_gmt":"2018-07-24T18:10:32","guid":{"rendered":"http:\/\/www.hasicibystre.cz\/?page_id=726"},"modified":"2018-07-30T19:57:55","modified_gmt":"2018-07-30T17:57:55","slug":"2008-2009","status":"publish","type":"page","link":"https:\/\/www.hasicibystre.cz\/?page_id=726","title":{"rendered":"2008 &#8211; 2009"},"content":{"rendered":"<table width=\"556\">\n<tbody>\n<tr>\n<td width=\"33%\"><em><strong> Jm\u00e9no<\/strong><\/em><\/td>\n<td width=\"33%\"><em><strong> Bydli\u0161t\u011b<\/strong><\/em><\/td>\n<\/tr>\n<tr>\n<td width=\"33%\"><strong>Jakub \u010conka<\/strong><\/td>\n<td width=\"33%\"><strong>Val<\/strong><\/td>\n<\/tr>\n<tr>\n<td width=\"33%\"><strong> Marek Du\u0161ka<\/strong><\/td>\n<td width=\"33%\"><strong> Bystr\u00e9<\/strong><\/td>\n<\/tr>\n<tr>\n<td width=\"33%\"><strong> Marek Frelich<\/strong><\/td>\n<td width=\"33%\"><strong> Dobru\u0161ka<\/strong><\/td>\n<\/tr>\n<tr>\n<td width=\"33%\"><strong> Adam Novotn\u00fd<\/strong><\/td>\n<td width=\"33%\"><strong>Val<\/strong><\/td>\n<\/tr>\n<tr>\n<td width=\"33%\"><strong>Martin \u0160tainer<\/strong><\/td>\n<td width=\"33%\"><strong>Sn\u011b\u017en\u00e9<\/strong><\/td>\n<\/tr>\n<tr>\n<td width=\"33%\"><strong>Jan Voborn\u00edk<\/strong><\/td>\n<td width=\"33%\"><strong>Val<\/strong><\/td>\n<\/tr>\n<tr>\n<td width=\"33%\"><strong>Jakub Zaj\u00ed\u010dek<\/strong><\/td>\n<td width=\"33%\"><strong>Nov\u00e9 M\u011bsto nad Metuj\u00ed<\/strong><\/td>\n<\/tr>\n<\/tbody>\n<\/table>\n<p style=\"text-align: justify;\">Z\u00e1vod po\u017e\u00e1rnick\u00e9 v\u0161estrannosti &#8211; Slatina nad Zdobnic\u00ed<\/p>\n<p style=\"text-align: justify;\">Dne 11.&nbsp;\u0159\u00edjna jsme odjeli na zahajovac\u00ed z\u00e1vod po\u017e\u00e1rnick\u00e9 v\u0161estrannosti do Slatiny nad Zdobnic\u00ed. B\u011bhem z\u00e1vodu jsme nasb\u00edrali p\u00e1r trestn\u00fdch bod\u016f, ale dohnali jsme to kvalitn\u00edm b\u011bhem. N\u00e1\u0161 v\u00fdkon sta\u010dil na prvn\u00ed m\u00edsto a t\u00edm na n\u00e1skok do jarn\u00ed \u010d\u00e1sti. B\u011b\u017eeli jsme ve slo\u017een\u00ed Adam Novotn\u00fd, Martin \u0160tainer, Jakub \u010conka, Jan Voborn\u00edk, Marek Frelich.<\/p>\n<p style=\"text-align: justify;\">Zimn\u00ed p\u0159\u00edprava v&nbsp;t\u011blocvi\u010dn\u011b<\/p>\n<p style=\"text-align: justify;\">V zim\u011b a na za\u010d\u00e1tku jara jsme ka\u017ed\u00fd p\u00e1te\u010dn\u00ed podve\u010der jezdili na tr\u00e9ninky do t\u011blocvi\u010dny na dobru\u0161sk\u00e9 pr\u016fmyslovce. Tr\u00e9ninky trvaly v\u017edy od 16,30 do 18 hodin. P\u0159\u00edprava se skl\u00e1dala z&nbsp;fyzick\u00e9 p\u0159\u00edpravy, tr\u00e9nov\u00e1n\u00ed odraz\u016f a v\u00fdskok\u016f. Tak\u00e9 jsme se soust\u0159edili na dobr\u00e9 a rychl\u00e9 starty. Na konci ka\u017ed\u00e9ho tr\u00e9ninku jsme tr\u00e9novali napojen\u00ed hadice na rozd\u011blova\u010d, kter\u00e9 je velmi d\u016fle\u017eit\u00e9 u b\u011bhu 100&nbsp;m p\u0159ek\u00e1\u017eek.<\/p>\n<p style=\"text-align: justify;\">Jarn\u00ed p\u0159\u00edprava v&nbsp;Bystr\u00e9m<\/p>\n<p style=\"text-align: justify;\">Po skon\u010den\u00ed p\u0159\u00edpravy v&nbsp;t\u011blocvi\u010dn\u011b jsme za\u010dali tr\u00e9novat venku v&nbsp;Bystr\u00e9m. Domluvili jsme se na tr\u00e9ninc\u00edch ka\u017ed\u00e9 pond\u011bl\u00ed a \u010dtvrtek. V&nbsp;pond\u011bl\u00ed jsme tr\u00e9novali stovky a ve \u010dtvrtek \u00fatoky. Pot\u00e9, co jsme zjistili, \u017ee \u00fatoky n\u00e1m moc nejdou, jsme je za\u010dali tr\u00e9novat i v&nbsp;pond\u011bl\u00ed. N\u011bkte\u0159\u00ed z&nbsp;n\u00e1s jezdili tr\u00e9novat individu\u00e1ln\u011b b\u011bhem t\u00fddne a n\u011bkte\u0159\u00ed tr\u00e9novali i doma. Ka\u017ed\u00e9 tr\u00e9ninky za\u010d\u00ednali od 17 hodin a trvaly dle pot\u0159eby. U \u00fatok\u016f t\u0159eba i 3 hodiny.<\/p>\n<p style=\"text-align: justify;\">Okrskov\u00e1 sout\u011b\u017e Ole\u0161nice<\/p>\n<p style=\"text-align: justify;\">Dne 16.&nbsp;kv\u011btna jsme se z\u00fa\u010dastnili sout\u011b\u017ee 14.&nbsp;a 15.&nbsp;okrsku, kter\u00e1 se konala v&nbsp;Ole\u0161nici v&nbsp;Orlick\u00fdch hor\u00e1ch. Sout\u011b\u017eilo se ve \u0161tafet\u011b 4 x 100&nbsp;m a po\u017e\u00e1rn\u00edm \u00fatoku. Po zdol\u00e1n\u00ed obou t\u011bchto discipl\u00edn jsme skon\u010dili na celkov\u00e9m 3.&nbsp;m\u00edst\u011b. Prvn\u00ed byli mu\u017ei ze sn\u011b\u017en\u00e9ho, druz\u00ed mu\u017ei z&nbsp;Dob\u0159an a Bystr\u00e9 &#8222;A&#8220; skon\u010dilo na celkov\u00e9m 4.&nbsp;m\u00edst\u011b se stejn\u00fdm sou\u010dtem bod\u016f jako my. Na v\u00fdkonech v\u0161ech dru\u017estev se hodn\u011b pod\u00edlelo \u0161patn\u00e9 de\u0161tiv\u00e9 po\u010das\u00ed.<\/p>\n<p style=\"text-align: justify;\">Okresn\u00ed kolo dorostu<\/p>\n<p style=\"text-align: justify;\">Okresn\u00ed kolo dorostu a PS se konalo v&nbsp;Mal\u00e9 \u010cermn\u00e9. Sout\u011b\u017e prob\u011bhla 7.&nbsp;\u010dervna. Sout\u011b\u017eilo se v&nbsp;b\u011bhu 100m s&nbsp;p\u0159ek\u00e1\u017ekami, \u0161t\u011bfet\u011b 4 x 100 m, po\u017e\u00e1rn\u00edm \u00fatoku a testu. V&nbsp;kategorii dorostenc\u016f jsme ve v\u0161ech discipl\u00edn\u00e1ch zv\u00edt\u011bzili a bylo z&nbsp;toho celkov\u00e9 1.&nbsp;m\u00edsto a postup do krajsk\u00e9ho kola. V&nbsp;kategorii mu\u017e\u016f jsme obsadili 3., 2.&nbsp;a 6.&nbsp;m\u00edsto, co\u017e v&nbsp;celkov\u00e9m sou\u010dtu sta\u010dilo ne 3.&nbsp;m\u00edsto, t\u011bsn\u011b za dru\u017estvem sn\u011b\u017en\u00e9ho. To postoupilo m\u00edsto n\u00e1s na krajsk\u00e9 kolo v&nbsp;PS. Mezi mu\u017ei zv\u00edt\u011bzilo Bystr\u00e9 &#8222;A&#8220;. Spole\u010dn\u011b s&nbsp;n\u00e1mi postoupily do krajsk\u00e9ho kola dorostenky z&nbsp;Rybn\u00e9.<\/p>\n<p style=\"text-align: justify;\">Krajsk\u00e9 kolo sout\u011b\u017ee dorostu<\/p>\n<p style=\"text-align: justify;\">V leto\u0161n\u00edm roce se krajsk\u00e9 kolo dorostu konalo na \u0161kv\u00e1rov\u00e9m okruhu v&nbsp;Solnici. Na t\u00e9to sout\u011b\u017ei se n\u00e1m moc neda\u0159ilo a skon\u010dili jsme ve v\u0161ech discipl\u00edn\u00e1ch na 2.&nbsp;m\u00edst\u011b. Na na\u0161em dru\u017estvu se projevila velk\u00e1 nezku\u0161enost nov\u00fdch \u010dlen\u016f. V\u011b\u0159\u00edme, \u017ee p\u0159\u00ed\u0161t\u00ed rok nasb\u00edr\u00e1me v\u00edce zku\u0161enosti a op\u011bt v&nbsp;kraji zv\u00edt\u011bz\u00edme. Adam Novotn\u00fd obsadil 2.&nbsp;m\u00edsto v&nbsp;b\u011bhu na 100&nbsp;m s&nbsp;p\u0159ek\u00e1\u017ekami. Na\u0161e dru\u017estvo star\u0161\u00edch d\u011bt\u00ed obsadilo 3.&nbsp;m\u00edsto, co\u017e je kr\u00e1sn\u00fd \u00fasp\u011bch. V\u011b\u0159\u00edme, \u017ee v&nbsp;p\u0159\u00ed\u0161t\u00edm roce pojede na M\u010cR spolu s&nbsp;n\u00e1mi. Nyn\u00ed se soust\u0159ed\u00edme na n\u00e1sleduj\u00edc\u00ed rok a prvn\u00ed z\u00e1vod, kter\u00fdm je z\u00e1vod po\u017e\u00e1rnick\u00e9 v\u0161estrannosti.<\/p>\n","protected":false},"excerpt":{"rendered":"<p>Jm\u00e9no Bydli\u0161t\u011b Jakub \u010conka Val Marek Du\u0161ka Bystr\u00e9 Marek Frelich Dobru\u0161ka Adam Novotn\u00fd Val Martin \u0160tainer Sn\u011b\u017en\u00e9 Jan Voborn\u00edk Val Jakub Zaj\u00ed\u010dek Nov\u00e9 M\u011bsto nad Metuj\u00ed Z\u00e1vod po\u017e\u00e1rnick\u00e9 v\u0161estrannosti &#8211; Slatina nad Zdobnic\u00ed Dne 11.&nbsp;\u0159\u00edjna jsme odjeli na zahajovac\u00ed z\u00e1vod po\u017e\u00e1rnick\u00e9 v\u0161estrannosti do Slatiny nad Zdobnic\u00ed. B\u011bhem z\u00e1vodu jsme nasb\u00edrali p\u00e1r trestn\u00fdch bod\u016f, ale dohnali [&hellip;]<\/p>\n","protected":false},"author":2,"featured_media":0,"parent":118,"menu_order":0,"comment_status":"closed","ping_status":"closed","template":"","meta":{"footnotes":""},"class_list":["post-726","page","type-page","status-publish","hentry"],"aioseo_notices":[],"jetpack_sharing_enabled":true,"jetpack_likes_enabled":true,"_links":{"self":[{"href":"https:\/\/www.hasicibystre.cz\/index.php?rest_route=\/wp\/v2\/pages\/726","targetHints":{"allow":["GET"]}}],"collection":[{"href":"https:\/\/www.hasicibystre.cz\/index.php?rest_route=\/wp\/v2\/pages"}],"about":[{"href":"https:\/\/www.hasicibystre.cz\/index.php?rest_route=\/wp\/v2\/types\/page"}],"author":[{"embeddable":true,"href":"https:\/\/www.hasicibystre.cz\/index.php?rest_route=\/wp\/v2\/users\/2"}],"replies":[{"embeddable":true,"href":"https:\/\/www.hasicibystre.cz\/index.php?rest_route=%2Fwp%2Fv2%2Fcomments&post=726"}],"version-history":[{"count":2,"href":"https:\/\/www.hasicibystre.cz\/index.php?rest_route=\/wp\/v2\/pages\/726\/revisions"}],"predecessor-version":[{"id":993,"href":"https:\/\/www.hasicibystre.cz\/index.php?rest_route=\/wp\/v2\/pages\/726\/revisions\/993"}],"up":[{"embeddable":true,"href":"https:\/\/www.hasicibystre.cz\/index.php?rest_route=\/wp\/v2\/pages\/118"}],"wp:attachment":[{"href":"https:\/\/www.hasicibystre.cz\/index.php?rest_route=%2Fwp%2Fv2%2Fmedia&parent=726"}],"curies":[{"name":"wp","href":"https:\/\/api.w.org\/{rel}","templated":true}]}}