{"id":86,"date":"2017-08-24T23:05:09","date_gmt":"2017-08-24T21:05:09","guid":{"rendered":"http:\/\/www.hasicibystre.cz\/?page_id=86"},"modified":"2018-07-27T20:13:18","modified_gmt":"2018-07-27T18:13:18","slug":"technika","status":"publish","type":"page","link":"https:\/\/www.hasicibystre.cz\/?page_id=86","title":{"rendered":"Technika"},"content":{"rendered":"<p style=\"text-align: center;\"><img data-recalc-dims=\"1\" loading=\"lazy\" decoding=\"async\" class=\"size-medium wp-image-646 alignleft\" src=\"https:\/\/i0.wp.com\/www.hasicibystre.cz\/wp-content\/uploads\/2018\/07\/techni1.jpg?resize=300%2C204\" alt=\"\" width=\"300\" height=\"204\" srcset=\"https:\/\/i0.wp.com\/www.hasicibystre.cz\/wp-content\/uploads\/2018\/07\/techni1.jpg?resize=300%2C205&amp;ssl=1 300w, https:\/\/i0.wp.com\/www.hasicibystre.cz\/wp-content\/uploads\/2018\/07\/techni1.jpg?w=302&amp;ssl=1 302w\" sizes=\"auto, (max-width: 300px) 100vw, 300px\" \/><strong> <img data-recalc-dims=\"1\" loading=\"lazy\" decoding=\"async\" class=\"size-full wp-image-647 alignleft\" src=\"https:\/\/i0.wp.com\/www.hasicibystre.cz\/wp-content\/uploads\/2018\/07\/techni2.jpg?resize=226%2C205\" alt=\"\" width=\"226\" height=\"205\" \/><\/strong><\/p>\n<p>&nbsp;<\/p>\n<p>&nbsp;<\/p>\n<p>&nbsp;<\/p>\n<p>&nbsp;<\/p>\n<p>&nbsp;<\/p>\n<p style=\"text-align: center;\"><span style=\"font-size: 10pt;\"><strong>Zrekonstruovan\u00fd DPA Avia<\/strong><\/span><\/p>\n<hr \/>\n<p align=\"center\"><span style=\"font-size: 12pt;\">Krom\u011b modern\u00ed techniky pe\u010duje sbor i o n\u011bkolik kus\u016f techniky historick\u00e9.<\/span><\/p>\n<table style=\"width: 105.625%;\" width=\"105.625%\">\n<tbody>\n<tr>\n<td style=\"width: 53.75%;\" width=\"50%\"><img data-recalc-dims=\"1\" loading=\"lazy\" decoding=\"async\" class=\"alignnone size-medium wp-image-649\" src=\"https:\/\/i0.wp.com\/www.hasicibystre.cz\/wp-content\/uploads\/2018\/07\/techni3.gif?resize=300%2C202\" alt=\"\" width=\"300\" height=\"202\" \/><\/td>\n<td style=\"width: 51.875%;\" width=\"50%\"><img data-recalc-dims=\"1\" loading=\"lazy\" decoding=\"async\" class=\"alignnone size-medium wp-image-650\" src=\"https:\/\/i0.wp.com\/www.hasicibystre.cz\/wp-content\/uploads\/2018\/07\/techni4.gif?resize=300%2C202\" alt=\"\" width=\"300\" height=\"202\" \/><\/td>\n<\/tr>\n<tr>\n<td style=\"width: 53.75%; text-align: center;\" width=\"50%\"><strong><span style=\"font-size: 10pt;\">Historick\u00e9 vozidlo firmy SMEKAL z&nbsp;roku 1932 <\/span><\/strong><\/td>\n<td style=\"width: 51.875%; text-align: center;\" width=\"50%\"><strong><span style=\"font-size: 10pt;\">Zmotorizovan\u00e1 ru\u010dn\u00ed st\u0159\u00edka\u010dka z&nbsp;roku 1923<\/span><\/strong><\/td>\n<\/tr>\n<tr>\n<td style=\"width: 53.75%;\" width=\"50%\"><img data-recalc-dims=\"1\" loading=\"lazy\" decoding=\"async\" class=\"alignnone size-medium wp-image-651\" src=\"https:\/\/i0.wp.com\/www.hasicibystre.cz\/wp-content\/uploads\/2018\/07\/techni5.gif?resize=300%2C202\" alt=\"\" width=\"300\" height=\"202\" \/><\/td>\n<td style=\"width: 51.875%;\" width=\"50%\"><img data-recalc-dims=\"1\" loading=\"lazy\" decoding=\"async\" class=\"size-full wp-image-652 aligncenter\" src=\"https:\/\/i0.wp.com\/www.hasicibystre.cz\/wp-content\/uploads\/2018\/07\/techni6.gif?resize=135%2C205\" alt=\"\" width=\"135\" height=\"205\" \/><\/td>\n<\/tr>\n<tr>\n<td style=\"width: 53.75%; text-align: center;\" width=\"50%\"><strong><span style=\"font-size: 10pt;\">D\u011btsk\u00e1 ru\u010dn\u00ed st\u0159\u00edka\u010dka z&nbsp;roku 1932<\/span><\/strong><\/td>\n<td style=\"width: 51.875%; text-align: center;\" width=\"50%\"><strong><span style=\"font-size: 10pt;\">Ru\u010dn\u00ed st\u0159\u00edka\u010dka z&nbsp;roku 1886<\/span><\/strong><\/td>\n<\/tr>\n<\/tbody>\n<\/table>\n","protected":false},"excerpt":{"rendered":"<p>&nbsp; &nbsp; &nbsp; &nbsp; &nbsp; Zrekonstruovan\u00fd DPA Avia Krom\u011b modern\u00ed techniky pe\u010duje sbor i o n\u011bkolik kus\u016f techniky historick\u00e9. Historick\u00e9 vozidlo firmy SMEKAL z&nbsp;roku 1932 Zmotorizovan\u00e1 ru\u010dn\u00ed st\u0159\u00edka\u010dka z&nbsp;roku 1923 D\u011btsk\u00e1 ru\u010dn\u00ed st\u0159\u00edka\u010dka z&nbsp;roku 1932 Ru\u010dn\u00ed st\u0159\u00edka\u010dka z&nbsp;roku 1886<\/p>\n","protected":false},"author":2,"featured_media":0,"parent":0,"menu_order":0,"comment_status":"closed","ping_status":"closed","template":"","meta":{"footnotes":""},"class_list":["post-86","page","type-page","status-publish","hentry"],"aioseo_notices":[],"jetpack_sharing_enabled":true,"jetpack_likes_enabled":true,"_links":{"self":[{"href":"https:\/\/www.hasicibystre.cz\/index.php?rest_route=\/wp\/v2\/pages\/86","targetHints":{"allow":["GET"]}}],"collection":[{"href":"https:\/\/www.hasicibystre.cz\/index.php?rest_route=\/wp\/v2\/pages"}],"about":[{"href":"https:\/\/www.hasicibystre.cz\/index.php?rest_route=\/wp\/v2\/types\/page"}],"author":[{"embeddable":true,"href":"https:\/\/www.hasicibystre.cz\/index.php?rest_route=\/wp\/v2\/users\/2"}],"replies":[{"embeddable":true,"href":"https:\/\/www.hasicibystre.cz\/index.php?rest_route=%2Fwp%2Fv2%2Fcomments&post=86"}],"version-history":[{"count":4,"href":"https:\/\/www.hasicibystre.cz\/index.php?rest_route=\/wp\/v2\/pages\/86\/revisions"}],"predecessor-version":[{"id":880,"href":"https:\/\/www.hasicibystre.cz\/index.php?rest_route=\/wp\/v2\/pages\/86\/revisions\/880"}],"wp:attachment":[{"href":"https:\/\/www.hasicibystre.cz\/index.php?rest_route=%2Fwp%2Fv2%2Fmedia&parent=86"}],"curies":[{"name":"wp","href":"https:\/\/api.w.org\/{rel}","templated":true}]}}